{"id":89,"date":"2020-02-10T17:55:41","date_gmt":"2020-02-10T17:55:41","guid":{"rendered":"https:\/\/colegiolasalle.edu.mx\/secundaria\/?page_id=89"},"modified":"2024-07-05T04:33:27","modified_gmt":"2024-07-05T04:33:27","slug":"2-secundaria","status":"publish","type":"page","link":"https:\/\/colegiolasalle.edu.mx\/secundaria\/2-secundaria\/","title":{"rendered":"2\u00b0 Secundaria"},"content":{"rendered":"<p><div class=\"fusion-fullwidth fullwidth-box fusion-builder-row-1 fusion-flex-container fusion-parallax-none nonhundred-percent-fullwidth non-hundred-percent-height-scrolling\" style=\"--awb-background-position:left center;--awb-border-radius-top-left:0px;--awb-border-radius-top-right:0px;--awb-border-radius-bottom-right:0px;--awb-border-radius-bottom-left:0px;--awb-padding-top:62px;--awb-padding-right:21px;--awb-padding-bottom:63px;--awb-padding-left:29px;--awb-background-image:url(&quot;http:\/\/colegiolasalle.edu.mx\/secundaria\/wp-content\/uploads\/sites\/4\/2024\/03\/IMG_1325-scaled.jpg&quot;);--awb-background-size:cover;--awb-flex-wrap:wrap;\" ><div class=\"fusion-builder-row fusion-row fusion-flex-align-items-flex-start fusion-flex-content-wrap\" style=\"max-width:calc( 1100px + 0px );margin-left: calc(-0px \/ 2 );margin-right: calc(-0px \/ 2 );\"><div class=\"fusion-layout-column fusion_builder_column fusion-builder-column-0 fusion_builder_column_1_1 1_1 fusion-flex-column\" style=\"--awb-bg-color:rgba(0,76,170,0.6);--awb-bg-color-hover:rgba(0,76,170,0.6);--awb-bg-size:cover;--awb-width-large:100%;--awb-margin-top-large:0px;--awb-spacing-right-large:0px;--awb-margin-bottom-large:0px;--awb-spacing-left-large:0px;--awb-width-medium:100%;--awb-spacing-right-medium:0px;--awb-spacing-left-medium:0px;--awb-width-small:100%;--awb-spacing-right-small:0px;--awb-spacing-left-small:0px;\"><div class=\"fusion-column-wrapper fusion-column-has-shadow fusion-flex-justify-content-flex-start fusion-content-layout-column\"><div class=\"fusion-text fusion-text-1\"><h1 style=\"text-align: center; font-size: 40px; --fontSize: 40; line-height: 1.4;\" data-fontsize=\"40\" data-lineheight=\"56px\" class=\"fusion-responsive-typography-calculated\"><b style=\"color: #ffffff\"><span data-fusion-font=\"true\" data-fusion-google-font=\"PT Sans\" data-fusion-google-variant=\"400\" data-fusion-google-subset=\"latin\" style=\"font-family: 'College';font-weight: 400\">Plan de estudios<br \/> <\/span><\/b><font color=\"#ffffff\" face=\"College\">2\u00b0 Secundaria<\/font><\/h1>\n<p><b style=\"color: #ffffff\">\t<\/b><\/p>\n<\/div><\/div><\/div><\/div><\/div><div class=\"fusion-fullwidth fullwidth-box fusion-builder-row-2 fusion-flex-container nonhundred-percent-fullwidth non-hundred-percent-height-scrolling\" style=\"--awb-border-radius-top-left:0px;--awb-border-radius-top-right:0px;--awb-border-radius-bottom-right:0px;--awb-border-radius-bottom-left:0px;--awb-flex-wrap:wrap;\" ><div class=\"fusion-builder-row fusion-row fusion-flex-align-items-flex-start fusion-flex-content-wrap\" style=\"max-width:calc( 1100px + 0px );margin-left: calc(-0px \/ 2 );margin-right: calc(-0px \/ 2 );\"><div class=\"fusion-layout-column fusion_builder_column fusion-builder-column-1 fusion_builder_column_1_1 1_1 fusion-flex-column\" style=\"--awb-bg-size:cover;--awb-width-large:100%;--awb-margin-top-large:0px;--awb-spacing-right-large:0px;--awb-margin-bottom-large:20px;--awb-spacing-left-large:0px;--awb-width-medium:100%;--awb-spacing-right-medium:0px;--awb-spacing-left-medium:0px;--awb-width-small:100%;--awb-spacing-right-small:0px;--awb-spacing-left-small:0px;\"><div class=\"fusion-column-wrapper fusion-column-has-shadow fusion-flex-justify-content-flex-start fusion-content-layout-column\">\n<div class=\"fusion-slider-revolution rev_slider_wrapper\">\t\t\t<!-- START 2\u00b0 REVOLUTION SLIDER 6.6.18 --><p class=\"rs-p-wp-fix\"><\/p>\n\t\t\t<rs-module-wrap id=\"rev_slider_13_1_wrapper\" data-source=\"gallery\" style=\"visibility:hidden;background:transparent;padding:0;margin:0px auto;margin-top:0;margin-bottom:0;\">\n\t\t\t\t<rs-module id=\"rev_slider_13_1\" class=\"rs-respect-topbar\" style=\"\" data-version=\"6.6.18\">\n\t\t\t\t\t<rs-slides style=\"overflow: hidden; position: absolute;\">\n\t\t\t\t\t\t<rs-slide style=\"position: absolute;\" data-key=\"rs-10\" data-title=\"Slide\" data-in=\"o:0;\" data-out=\"a:false;\">\n\t\t\t\t\t\t\t<img decoding=\"async\" src=\"\/\/colegiolasalle.edu.mx\/secundaria\/wp-content\/plugins\/revslider\/public\/assets\/assets\/dummy.png\" alt=\"Slide\" title=\"2\u00b0 Secundaria\" class=\"rev-slidebg tp-rs-img rs-lazyload\" data-lazyload=\"\/\/colegiolasalle.edu.mx\/secundaria\/wp-content\/plugins\/revslider\/public\/assets\/assets\/transparent.png\" data-bg=\"c:#120a8f;\" data-parallax=\"off\" data-no-retina>\n<!--\n\t\t\t\t\t\t\t--><rs-layer\n\t\t\t\t\t\t\t\tid=\"slider-13-slide-10-layer-3\" \n\t\t\t\t\t\t\t\tdata-type=\"shape\"\n\t\t\t\t\t\t\t\tdata-rsp_ch=\"on\"\n\t\t\t\t\t\t\t\tdata-xy=\"x:c;xo:-1087px,-1170px,-1097px,-1100px;y:m;yo:-122px,-90px,-265px,-140px;\"\n\t\t\t\t\t\t\t\tdata-text=\"s:20,20,17,17;l:0,0,22,22;\"\n\t\t\t\t\t\t\t\tdata-dim=\"w:2000px,2000px,1774px,1774px;h:2000px,2000px,1774px,1774px;\"\n\t\t\t\t\t\t\t\tdata-basealign=\"slide\"\n\t\t\t\t\t\t\t\tdata-btrans=\"rZ:45;\"\n\t\t\t\t\t\t\t\tdata-frame_0=\"x:-100%;o:1;\"\n\t\t\t\t\t\t\t\tdata-frame_1=\"sp:1000;\"\n\t\t\t\t\t\t\t\tdata-frame_999=\"st:w;sp:1500;sR:5000;auto:true;\"\n\t\t\t\t\t\t\t\tstyle=\"z-index:8;background-color:#a57100;\"\n\t\t\t\t\t\t\t> \n\t\t\t\t\t\t\t<\/rs-layer><!--\n\n\t\t\t\t\t\t\t--><rs-layer\n\t\t\t\t\t\t\t\tid=\"slider-13-slide-10-layer-7\" \n\t\t\t\t\t\t\t\tclass=\"rs-noevents rs-pxl-12\"\n\t\t\t\t\t\t\t\tdata-type=\"image\"\n\t\t\t\t\t\t\t\tdata-bsh=\"c:rgba(0,0,0,0.35);v:30px,30px,26px,26px;b:30px,30px,26px,26px;\"\n\t\t\t\t\t\t\t\tdata-rsp_ch=\"on\"\n\t\t\t\t\t\t\t\tdata-xy=\"x:r;xo:38px,-160px,-170px,-180px;yo:35px,170px,200px,200px;\"\n\t\t\t\t\t\t\t\tdata-text=\"s:20,20,17,17;l:0,0,22,22;\"\n\t\t\t\t\t\t\t\tdata-dim=\"w:240px,240px,480px,360px;h:311px,311px,320px,240px;\"\n\t\t\t\t\t\t\t\tdata-vbility=\"t,t,t,f\"\n\t\t\t\t\t\t\t\tdata-frame_0=\"x:right;o:1;\"\n\t\t\t\t\t\t\t\tdata-frame_1=\"e:power4.inOut;sp:1500;\"\n\t\t\t\t\t\t\t\tdata-frame_999=\"st:w;sp:1000;sR:4500;auto:true;\"\n\t\t\t\t\t\t\t\tstyle=\"z-index:11;\"\n\t\t\t\t\t\t\t><img decoding=\"async\" src=\"\/\/colegiolasalle.edu.mx\/secundaria\/wp-content\/plugins\/revslider\/public\/assets\/assets\/dummy.png\" alt=\"\" class=\"tp-rs-img rs-lazyload\" width=\"612\" height=\"792\" data-lazyload=\"\/\/colegiolasalle.edu.mx\/secundaria\/wp-content\/uploads\/sites\/4\/2020\/02\/logo-blanco-1.png\" data-no-retina> \n\t\t\t\t\t\t\t<\/rs-layer><!--\n\n\t\t\t\t\t\t\t--><rs-layer\n\t\t\t\t\t\t\t\tid=\"slider-13-slide-10-layer-8\" \n\t\t\t\t\t\t\t\tdata-type=\"text\"\n\t\t\t\t\t\t\t\tdata-rsp_ch=\"on\"\n\t\t\t\t\t\t\t\tdata-xy=\"xo:228px,228px,202px,202px;yo:64px,64px,56px,56px;\"\n\t\t\t\t\t\t\t\tdata-text=\"w:normal;s:26,26,23,23;l:33,33,29,29;\"\n\t\t\t\t\t\t\t\tdata-dim=\"w:758,758,672,672;\"\n\t\t\t\t\t\t\t\tdata-frame_999=\"o:0;st:w;\"\n\t\t\t\t\t\t\t\tstyle=\"z-index:14;background-color:rgba(255,255,255,0);font-family:'College';\"\n\t\t\t\t\t\t\t>-ESPA\u00d1OL II<br \/>\n-SEGUNDA LENGUA INGLES II<br \/>\n-MATEM\u00c1TICAS II<br \/>\n-CIENCIAS II \u00c9NFASIS EN F\u00cdSICA<br \/>\n-HISTORIA II<br \/>\n-TECNOLOG\u00cdA II<br \/>\n-FORMACI\u00d3N C\u00cdVICA Y \u00c9TICA II <br \/>\n-EDUCACI\u00d3N F\u00cdSICA II <br \/>\n-ARTES<br \/>\n-ORIENTACI\u00d3N Y TURORIA<br \/>\n-COMPUTACI\u00d3N II \n\t\t\t\t\t\t\t<\/rs-layer><!--\n\n\t\t\t\t\t\t\t--><rs-layer\n\t\t\t\t\t\t\t\tid=\"slider-13-slide-10-layer-9\" \n\t\t\t\t\t\t\t\tdata-type=\"text\"\n\t\t\t\t\t\t\t\tdata-rsp_ch=\"on\"\n\t\t\t\t\t\t\t\tdata-xy=\"xo:811px,811px,719px,719px;yo:67px,67px,59px,59px;\"\n\t\t\t\t\t\t\t\tdata-text=\"w:normal;s:27,27,23,23;l:33,33,29,29;\"\n\t\t\t\t\t\t\t\tdata-dim=\"w:142px,142px,125px,125px;\"\n\t\t\t\t\t\t\t\tdata-frame_999=\"o:0;st:w;\"\n\t\t\t\t\t\t\t\tstyle=\"z-index:14;background-color:rgba(255,255,255,0);font-family:'College';\"\n\t\t\t\t\t\t\t>5 HORAS <br \/>5 HORAS <br \/>5 HORAS <br \/>6 HORAS <br \/>4 HORAS <br \/>3 HORAS <br \/>4 HORAS <br \/>2 HORAS <br \/>2 HORAS <br \/>1.5 HORAS <br \/>1.5 HORAS <br \/> \n\t\t\t\t\t\t\t<\/rs-layer><!--\n\n\t\t\t\t\t\t\t--><rs-layer\n\t\t\t\t\t\t\t\tid=\"slider-13-slide-10-layer-10\" \n\t\t\t\t\t\t\t\tclass=\"rs-noevents rs-pxl-12\"\n\t\t\t\t\t\t\t\tdata-type=\"image\"\n\t\t\t\t\t\t\t\tdata-bsh=\"c:rgba(0,0,0,0.35);v:30px,30px,26px,26px;b:30px,30px,26px,26px;\"\n\t\t\t\t\t\t\t\tdata-rsp_ch=\"on\"\n\t\t\t\t\t\t\t\tdata-xy=\"x:r;xo:504px,504px,447px,447px;yo:200px,200px,177px,177px;\"\n\t\t\t\t\t\t\t\tdata-text=\"s:20,20,17,17;l:0,0,22,22;\"\n\t\t\t\t\t\t\t\tdata-dim=\"w:209px,209px,480px,360px;h:348px,348px,320px,240px;\"\n\t\t\t\t\t\t\t\tdata-btrans=\"rZ:45;\"\n\t\t\t\t\t\t\t\tdata-frame_0=\"x:right;o:1;\"\n\t\t\t\t\t\t\t\tdata-frame_1=\"e:power4.inOut;sp:1500;\"\n\t\t\t\t\t\t\t\tdata-frame_999=\"st:w;sp:1000;sR:4500;auto:true;\"\n\t\t\t\t\t\t\t\tstyle=\"z-index:11;\"\n\t\t\t\t\t\t\t><img decoding=\"async\" src=\"\/\/colegiolasalle.edu.mx\/secundaria\/wp-content\/plugins\/revslider\/public\/assets\/assets\/dummy.png\" alt=\"\" class=\"tp-rs-img rs-lazyload\" width=\"300\" height=\"500\" data-lazyload=\"\" data-no-retina> \n\t\t\t\t\t\t\t<\/rs-layer><!--\n\n\t\t\t\t\t\t\t--><rs-layer\n\t\t\t\t\t\t\t\tid=\"slider-13-slide-10-layer-11\" \n\t\t\t\t\t\t\t\tclass=\"rs-noevents rs-pxl-12\"\n\t\t\t\t\t\t\t\tdata-type=\"image\"\n\t\t\t\t\t\t\t\tdata-bsh=\"c:rgba(0,0,0,0.35);v:30px,30px,26px,26px;b:30px,30px,26px,26px;\"\n\t\t\t\t\t\t\t\tdata-rsp_ch=\"on\"\n\t\t\t\t\t\t\t\tdata-xy=\"xo:0,-160px,-170px,-180px;yo:46px,170px,200px,200px;\"\n\t\t\t\t\t\t\t\tdata-text=\"s:20,20,17,17;l:0,0,22,22;\"\n\t\t\t\t\t\t\t\tdata-dim=\"w:371px,371px,480px,360px;h:371px,371px,320px,240px;\"\n\t\t\t\t\t\t\t\tdata-btrans=\"rZ:45;\"\n\t\t\t\t\t\t\t\tdata-frame_0=\"x:right;o:1;\"\n\t\t\t\t\t\t\t\tdata-frame_1=\"e:power4.inOut;sp:1500;\"\n\t\t\t\t\t\t\t\tdata-frame_999=\"st:w;sp:1000;sR:4500;auto:true;\"\n\t\t\t\t\t\t\t\tstyle=\"z-index:11;\"\n\t\t\t\t\t\t\t><img decoding=\"async\" src=\"\/\/colegiolasalle.edu.mx\/secundaria\/wp-content\/plugins\/revslider\/public\/assets\/assets\/dummy.png\" alt=\"\" class=\"tp-rs-img rs-lazyload\" width=\"800\" height=\"800\" data-lazyload=\"\" data-no-retina> \n\t\t\t\t\t\t\t<\/rs-layer><!--\n\n\t\t\t\t\t\t\t--><a\n\t\t\t\t\t\t\t\tid=\"slider-13-slide-10-layer-12\" \n\t\t\t\t\t\t\t\tclass=\"rs-layer rev-btn\"\n\t\t\t\t\t\t\t\thref=\"https:\/\/colegiolasalle.edu.mx\/secundaria\/?page_id=91\" target=\"_self\" rel=\"nofollow\"\n\t\t\t\t\t\t\t\tdata-type=\"button\"\n\t\t\t\t\t\t\t\tdata-rsp_ch=\"on\"\n\t\t\t\t\t\t\t\tdata-xy=\"xo:928px,928px,823px,823px;yo:442px,442px,392px,392px;\"\n\t\t\t\t\t\t\t\tdata-text=\"w:normal;s:20,20,17,17;l:50,50,44,44;fw:500;\"\n\t\t\t\t\t\t\t\tdata-dim=\"minh:0px,none,none,none;\"\n\t\t\t\t\t\t\t\tdata-padding=\"r:20,20,18,18;l:20,20,18,18;\"\n\t\t\t\t\t\t\t\tdata-frame_999=\"o:0;st:w;\"\n\t\t\t\t\t\t\t\tdata-frame_hover=\"c:#000;bgc:#fff;bor:0px,0px,0px,0px;sp:200;e:power1.inOut;\"\n\t\t\t\t\t\t\t\tstyle=\"z-index:15;background-color:rgba(0,0,0,1);font-family:'College';\"\n\t\t\t\t\t\t\t>3\u00b0SECUNDARIA \n\t\t\t\t\t\t\t<\/a><!--\n\n\t\t\t\t\t\t\t--><a\n\t\t\t\t\t\t\t\tid=\"slider-13-slide-10-layer-13\" \n\t\t\t\t\t\t\t\tclass=\"rs-layer rev-btn\"\n\t\t\t\t\t\t\t\thref=\"https:\/\/colegiolasalle.edu.mx\/secundaria\/?page_id=87\" target=\"_self\" rel=\"nofollow\"\n\t\t\t\t\t\t\t\tdata-type=\"button\"\n\t\t\t\t\t\t\t\tdata-bsh=\"c:rgba(0,0,0,0.5);\"\n\t\t\t\t\t\t\t\tdata-rsp_ch=\"on\"\n\t\t\t\t\t\t\t\tdata-xy=\"xo:175px,175px,155px,155px;yo:448px,448px,397px,397px;\"\n\t\t\t\t\t\t\t\tdata-text=\"w:normal;s:20,20,17,17;l:50,50,44,44;fw:500;\"\n\t\t\t\t\t\t\t\tdata-dim=\"minh:0px,none,none,none;\"\n\t\t\t\t\t\t\t\tdata-padding=\"r:20,20,18,18;l:20,20,18,18;\"\n\t\t\t\t\t\t\t\tdata-frame_999=\"o:0;st:w;\"\n\t\t\t\t\t\t\t\tdata-frame_hover=\"c:#000;bgc:#fff;bor:0px,0px,0px,0px;sp:200;e:power1.inOut;\"\n\t\t\t\t\t\t\t\tstyle=\"z-index:15;background-color:rgba(0,0,0,1);font-family:'College';\"\n\t\t\t\t\t\t\t>1\u00b0SECUNDARIA \n\t\t\t\t\t\t\t<\/a><!--\n-->\t\t\t\t\t\t<\/rs-slide>\n\t\t\t\t\t<\/rs-slides>\n\t\t\t\t\t<rs-static-layers><!--\n\t\t\t\t\t--><\/rs-static-layers>\n\t\t\t\t<\/rs-module>\n\t\t\t\t<script>\n\t\t\t\t\tsetREVStartSize({c: 'rev_slider_13_1',rl:[1240,1024,778,480],el:[600,900,900,800],gw:[1240,1240,1100,1100],gh:[600,600,600,600],type:'hero',justify:'',layout:'fullwidth',mh:\"0\"});if (window.RS_MODULES!==undefined && window.RS_MODULES.modules!==undefined && window.RS_MODULES.modules[\"revslider131\"]!==undefined) {window.RS_MODULES.modules[\"revslider131\"].once = false;window.revapi13 = undefined;if (window.RS_MODULES.checkMinimal!==undefined) window.RS_MODULES.checkMinimal()}\n\t\t\t\t<\/script>\n\t\t\t<\/rs-module-wrap>\n\t\t\t<!-- END REVOLUTION SLIDER -->\n<\/div><\/div><\/div><\/div><\/div><div class=\"fusion-fullwidth fullwidth-box fusion-builder-row-3 fusion-flex-container nonhundred-percent-fullwidth non-hundred-percent-height-scrolling\" style=\"--awb-border-radius-top-left:0px;--awb-border-radius-top-right:0px;--awb-border-radius-bottom-right:0px;--awb-border-radius-bottom-left:0px;--awb-flex-wrap:wrap;\" ><div class=\"fusion-builder-row fusion-row fusion-flex-align-items-flex-start fusion-flex-content-wrap\" style=\"max-width:calc( 1100px + 0px );margin-left: calc(-0px \/ 2 );margin-right: calc(-0px \/ 2 );\"><div class=\"fusion-layout-column fusion_builder_column fusion-builder-column-2 fusion_builder_column_1_1 1_1 fusion-flex-column\" style=\"--awb-bg-size:cover;--awb-width-large:100%;--awb-margin-top-large:0px;--awb-spacing-right-large:0px;--awb-margin-bottom-large:20px;--awb-spacing-left-large:0px;--awb-width-medium:100%;--awb-spacing-right-medium:0px;--awb-spacing-left-medium:0px;--awb-width-small:100%;--awb-spacing-right-small:0px;--awb-spacing-left-small:0px;\"><div class=\"fusion-column-wrapper fusion-column-has-shadow fusion-flex-justify-content-flex-start fusion-content-layout-column\"><div class=\"fusion-sharing-box fusion-sharing-box-1 boxed-icons has-taglines layout-floated layout-medium-floated layout-small-floated\" style=\"background-color:#03a9f4;--awb-layout:row;--awb-alignment-small:space-between;\" data-title=\"2\u00b0 Secundaria\" data-description=\"Plan de estudios 2\u00b0 Secundaria\" data-link=\"https:\/\/colegiolasalle.edu.mx\/secundaria\/2-secundaria\/\"><h4 class=\"tagline\" style=\"color:#ffffff;\">!Comparte este art\u00edculo en tu red social preferida!<\/h4><div class=\"fusion-social-networks sharingbox-shortcode-icon-wrapper sharingbox-shortcode-icon-wrapper-1 boxed-icons\"><span><a href=\"https:\/\/www.facebook.com\/sharer.php?u=https%3A%2F%2Fcolegiolasalle.edu.mx%2Fsecundaria%2F2-secundaria%2F&amp;t=2%C2%B0%20Secundaria\" target=\"_blank\" rel=\"noreferrer\" title=\"Facebook\" aria-label=\"Facebook\" data-placement=\"top\" data-toggle=\"tooltip\" data-title=\"Facebook\"><i class=\"fusion-social-network-icon fusion-tooltip fusion-facebook awb-icon-facebook\" style=\"color:#ffffff;background-color:#3b5998;border-color:#3b5998;border-radius:4px;\" aria-hidden=\"true\"><\/i><\/a><\/span><span><a href=\"https:\/\/twitter.com\/share?text=2%C2%B0%20Secundaria&amp;url=https%3A%2F%2Fcolegiolasalle.edu.mx%2Fsecundaria%2F2-secundaria%2F\" target=\"_blank\" rel=\"noopener noreferrer\" title=\"Twitter\" aria-label=\"Twitter\" data-placement=\"top\" data-toggle=\"tooltip\" data-title=\"Twitter\"><i class=\"fusion-social-network-icon fusion-tooltip fusion-twitter awb-icon-twitter\" style=\"color:#ffffff;background-color:#000000;border-color:#000000;border-radius:4px;\" aria-hidden=\"true\"><\/i><\/a><\/span><span><a href=\"https:\/\/reddit.com\/submit?url=https%3A%2F%2Fcolegiolasalle.edu.mx%2Fsecundaria%2F2-secundaria%2F&amp;title=2%C2%B0%20Secundaria\" target=\"_blank\" rel=\"noopener noreferrer\" title=\"Reddit\" aria-label=\"Reddit\" data-placement=\"top\" data-toggle=\"tooltip\" data-title=\"Reddit\"><i class=\"fusion-social-network-icon fusion-tooltip fusion-reddit awb-icon-reddit\" style=\"color:#ffffff;background-color:#ff4500;border-color:#ff4500;border-radius:4px;\" aria-hidden=\"true\"><\/i><\/a><\/span><span><a href=\"https:\/\/www.linkedin.com\/shareArticle?mini=true&amp;url=https%3A%2F%2Fcolegiolasalle.edu.mx%2Fsecundaria%2F2-secundaria%2F&amp;title=2%C2%B0%20Secundaria&amp;summary=Plan%20de%20estudios%202%C2%B0%20Secundaria\" target=\"_blank\" rel=\"noopener noreferrer\" title=\"LinkedIn\" aria-label=\"LinkedIn\" data-placement=\"top\" data-toggle=\"tooltip\" data-title=\"LinkedIn\"><i class=\"fusion-social-network-icon fusion-tooltip fusion-linkedin awb-icon-linkedin\" style=\"color:#ffffff;background-color:#0077b5;border-color:#0077b5;border-radius:4px;\" aria-hidden=\"true\"><\/i><\/a><\/span><span><a href=\"https:\/\/api.whatsapp.com\/send?text=https%3A%2F%2Fcolegiolasalle.edu.mx%2Fsecundaria%2F2-secundaria%2F\" target=\"_blank\" rel=\"noopener noreferrer\" title=\"WhatsApp\" aria-label=\"WhatsApp\" data-placement=\"top\" data-toggle=\"tooltip\" data-title=\"WhatsApp\"><i class=\"fusion-social-network-icon fusion-tooltip fusion-whatsapp awb-icon-whatsapp\" style=\"color:#ffffff;background-color:#77e878;border-color:#77e878;border-radius:4px;\" aria-hidden=\"true\"><\/i><\/a><\/span><span><a href=\"https:\/\/t.me\/share\/url?url=https%3A%2F%2Fcolegiolasalle.edu.mx%2Fsecundaria%2F2-secundaria%2F&amp;text=2%C2%B0%20Secundaria\" target=\"_blank\" rel=\"noopener noreferrer\" title=\"Telegram\" aria-label=\"Telegram\" data-placement=\"top\" data-toggle=\"tooltip\" data-title=\"Telegram\"><i class=\"fusion-social-network-icon fusion-tooltip fusion-telegram awb-icon-telegram\" style=\"color:#ffffff;background-color:#0088cc;border-color:#0088cc;border-radius:4px;\" aria-hidden=\"true\"><\/i><\/a><\/span><span><a href=\"https:\/\/www.tumblr.com\/share\/link?url=https%3A%2F%2Fcolegiolasalle.edu.mx%2Fsecundaria%2F2-secundaria%2F&amp;name=2%C2%B0%20Secundaria&amp;description=Plan%20de%20estudios%202%C2%B0%20Secundaria\" target=\"_blank\" rel=\"noopener noreferrer\" title=\"Tumblr\" aria-label=\"Tumblr\" data-placement=\"top\" data-toggle=\"tooltip\" data-title=\"Tumblr\"><i class=\"fusion-social-network-icon fusion-tooltip fusion-tumblr awb-icon-tumblr\" style=\"color:#ffffff;background-color:#35465c;border-color:#35465c;border-radius:4px;\" aria-hidden=\"true\"><\/i><\/a><\/span><span><a href=\"https:\/\/pinterest.com\/pin\/create\/button\/?url=https%3A%2F%2Fcolegiolasalle.edu.mx%2Fsecundaria%2F2-secundaria%2F&amp;description=Plan%20de%20estudios%202%C2%B0%20Secundaria&amp;media=\" target=\"_blank\" rel=\"noopener noreferrer\" title=\"Pinterest\" aria-label=\"Pinterest\" data-placement=\"top\" data-toggle=\"tooltip\" data-title=\"Pinterest\"><i class=\"fusion-social-network-icon fusion-tooltip fusion-pinterest awb-icon-pinterest\" style=\"color:#ffffff;background-color:#bd081c;border-color:#bd081c;border-radius:4px;\" aria-hidden=\"true\"><\/i><\/a><\/span><span><a href=\"https:\/\/vkontakte.ru\/share.php?url=https%3A%2F%2Fcolegiolasalle.edu.mx%2Fsecundaria%2F2-secundaria%2F&amp;title=2%C2%B0%20Secundaria&amp;description=Plan%20de%20estudios%202%C2%B0%20Secundaria\" target=\"_blank\" rel=\"noopener noreferrer\" title=\"Vk\" aria-label=\"Vk\" data-placement=\"top\" data-toggle=\"tooltip\" data-title=\"Vk\"><i class=\"fusion-social-network-icon fusion-tooltip fusion-vk awb-icon-vk\" style=\"color:#ffffff;background-color:#45668e;border-color:#45668e;border-radius:4px;\" aria-hidden=\"true\"><\/i><\/a><\/span><span><a href=\"https:\/\/www.xing.com\/social_plugins\/share\/new?sc_p=xing-share&amp;h=1&amp;url=https%3A%2F%2Fcolegiolasalle.edu.mx%2Fsecundaria%2F2-secundaria%2F\" target=\"_blank\" rel=\"noopener noreferrer\" title=\"Xing\" aria-label=\"Xing\" data-placement=\"top\" data-toggle=\"tooltip\" data-title=\"Xing\"><i class=\"fusion-social-network-icon fusion-tooltip fusion-xing awb-icon-xing\" style=\"color:#ffffff;background-color:#026466;border-color:#026466;border-radius:4px;\" aria-hidden=\"true\"><\/i><\/a><\/span><span><a href=\"mailto:?subject=2%C2%B0%20Secundaria&amp;body=https%3A%2F%2Fcolegiolasalle.edu.mx%2Fsecundaria%2F2-secundaria%2F\" target=\"_self\" title=\"Email\" aria-label=\"Email\" data-placement=\"top\" data-toggle=\"tooltip\" data-title=\"Email\"><i class=\"fusion-social-network-icon fusion-tooltip fusion-mail awb-icon-mail\" style=\"color:#ffffff;background-color:#000000;border-color:#000000;border-radius:4px;\" aria-hidden=\"true\"><\/i><\/a><\/span><\/div><\/div><\/div><\/div><\/div><\/div><\/p>\n","protected":false},"excerpt":{"rendered":"","protected":false},"author":1,"featured_media":0,"parent":0,"menu_order":0,"comment_status":"closed","ping_status":"closed","template":"100-width.php","meta":{"footnotes":""},"class_list":["post-89","page","type-page","status-publish","hentry"],"yoast_head":"<!-- This site is optimized with the Yoast SEO Premium plugin v21.8 (Yoast SEO v25.6) - https:\/\/yoast.com\/wordpress\/plugins\/seo\/ -->\n<title>2\u00b0 Secundaria - Colegio La Salle de seglares SECUNDARIA<\/title>\n<meta name=\"robots\" content=\"index, follow, max-snippet:-1, max-image-preview:large, max-video-preview:-1\" \/>\n<link rel=\"canonical\" href=\"https:\/\/colegiolasalle.edu.mx\/secundaria\/2-secundaria\/\" \/>\n<meta property=\"og:locale\" content=\"es_MX\" \/>\n<meta property=\"og:type\" content=\"article\" \/>\n<meta property=\"og:title\" content=\"2\u00b0 Secundaria\" \/>\n<meta property=\"og:url\" content=\"https:\/\/colegiolasalle.edu.mx\/secundaria\/2-secundaria\/\" \/>\n<meta property=\"og:site_name\" content=\"Colegio La Salle de seglares SECUNDARIA\" \/>\n<meta property=\"article:modified_time\" content=\"2024-07-05T04:33:27+00:00\" \/>\n<meta name=\"twitter:card\" content=\"summary_large_image\" \/>\n<meta name=\"twitter:label1\" content=\"Tiempo de lectura\" \/>\n\t<meta name=\"twitter:data1\" content=\"5 minutos\" \/>\n<script type=\"application\/ld+json\" class=\"yoast-schema-graph\">{\"@context\":\"https:\/\/schema.org\",\"@graph\":[{\"@type\":\"WebPage\",\"@id\":\"https:\/\/colegiolasalle.edu.mx\/secundaria\/2-secundaria\/\",\"url\":\"https:\/\/colegiolasalle.edu.mx\/secundaria\/2-secundaria\/\",\"name\":\"2\u00b0 Secundaria - Colegio La Salle de seglares SECUNDARIA\",\"isPartOf\":{\"@id\":\"https:\/\/colegiolasalle.edu.mx\/secundaria\/#website\"},\"datePublished\":\"2020-02-10T17:55:41+00:00\",\"dateModified\":\"2024-07-05T04:33:27+00:00\",\"breadcrumb\":{\"@id\":\"https:\/\/colegiolasalle.edu.mx\/secundaria\/2-secundaria\/#breadcrumb\"},\"inLanguage\":\"es\",\"potentialAction\":[{\"@type\":\"ReadAction\",\"target\":[\"https:\/\/colegiolasalle.edu.mx\/secundaria\/2-secundaria\/\"]}]},{\"@type\":\"BreadcrumbList\",\"@id\":\"https:\/\/colegiolasalle.edu.mx\/secundaria\/2-secundaria\/#breadcrumb\",\"itemListElement\":[{\"@type\":\"ListItem\",\"position\":1,\"name\":\"Home\",\"item\":\"https:\/\/colegiolasalle.edu.mx\/secundaria\/\"},{\"@type\":\"ListItem\",\"position\":2,\"name\":\"2\u00b0 Secundaria\"}]},{\"@type\":\"WebSite\",\"@id\":\"https:\/\/colegiolasalle.edu.mx\/secundaria\/#website\",\"url\":\"https:\/\/colegiolasalle.edu.mx\/secundaria\/\",\"name\":\"Colegio La Salle de seglares SECUNDARIA\",\"description\":\"\",\"potentialAction\":[{\"@type\":\"SearchAction\",\"target\":{\"@type\":\"EntryPoint\",\"urlTemplate\":\"https:\/\/colegiolasalle.edu.mx\/secundaria\/?s={search_term_string}\"},\"query-input\":{\"@type\":\"PropertyValueSpecification\",\"valueRequired\":true,\"valueName\":\"search_term_string\"}}],\"inLanguage\":\"es\"}]}<\/script>\n<!-- \/ Yoast SEO Premium plugin. -->","yoast_head_json":{"title":"2\u00b0 Secundaria - Colegio La Salle de seglares SECUNDARIA","robots":{"index":"index","follow":"follow","max-snippet":"max-snippet:-1","max-image-preview":"max-image-preview:large","max-video-preview":"max-video-preview:-1"},"canonical":"https:\/\/colegiolasalle.edu.mx\/secundaria\/2-secundaria\/","og_locale":"es_MX","og_type":"article","og_title":"2\u00b0 Secundaria","og_url":"https:\/\/colegiolasalle.edu.mx\/secundaria\/2-secundaria\/","og_site_name":"Colegio La Salle de seglares SECUNDARIA","article_modified_time":"2024-07-05T04:33:27+00:00","twitter_card":"summary_large_image","twitter_misc":{"Tiempo de lectura":"5 minutos"},"schema":{"@context":"https:\/\/schema.org","@graph":[{"@type":"WebPage","@id":"https:\/\/colegiolasalle.edu.mx\/secundaria\/2-secundaria\/","url":"https:\/\/colegiolasalle.edu.mx\/secundaria\/2-secundaria\/","name":"2\u00b0 Secundaria - Colegio La Salle de seglares SECUNDARIA","isPartOf":{"@id":"https:\/\/colegiolasalle.edu.mx\/secundaria\/#website"},"datePublished":"2020-02-10T17:55:41+00:00","dateModified":"2024-07-05T04:33:27+00:00","breadcrumb":{"@id":"https:\/\/colegiolasalle.edu.mx\/secundaria\/2-secundaria\/#breadcrumb"},"inLanguage":"es","potentialAction":[{"@type":"ReadAction","target":["https:\/\/colegiolasalle.edu.mx\/secundaria\/2-secundaria\/"]}]},{"@type":"BreadcrumbList","@id":"https:\/\/colegiolasalle.edu.mx\/secundaria\/2-secundaria\/#breadcrumb","itemListElement":[{"@type":"ListItem","position":1,"name":"Home","item":"https:\/\/colegiolasalle.edu.mx\/secundaria\/"},{"@type":"ListItem","position":2,"name":"2\u00b0 Secundaria"}]},{"@type":"WebSite","@id":"https:\/\/colegiolasalle.edu.mx\/secundaria\/#website","url":"https:\/\/colegiolasalle.edu.mx\/secundaria\/","name":"Colegio La Salle de seglares SECUNDARIA","description":"","potentialAction":[{"@type":"SearchAction","target":{"@type":"EntryPoint","urlTemplate":"https:\/\/colegiolasalle.edu.mx\/secundaria\/?s={search_term_string}"},"query-input":{"@type":"PropertyValueSpecification","valueRequired":true,"valueName":"search_term_string"}}],"inLanguage":"es"}]}},"_links":{"self":[{"href":"https:\/\/colegiolasalle.edu.mx\/secundaria\/wp-json\/wp\/v2\/pages\/89","targetHints":{"allow":["GET"]}}],"collection":[{"href":"https:\/\/colegiolasalle.edu.mx\/secundaria\/wp-json\/wp\/v2\/pages"}],"about":[{"href":"https:\/\/colegiolasalle.edu.mx\/secundaria\/wp-json\/wp\/v2\/types\/page"}],"author":[{"embeddable":true,"href":"https:\/\/colegiolasalle.edu.mx\/secundaria\/wp-json\/wp\/v2\/users\/1"}],"replies":[{"embeddable":true,"href":"https:\/\/colegiolasalle.edu.mx\/secundaria\/wp-json\/wp\/v2\/comments?post=89"}],"version-history":[{"count":6,"href":"https:\/\/colegiolasalle.edu.mx\/secundaria\/wp-json\/wp\/v2\/pages\/89\/revisions"}],"predecessor-version":[{"id":786,"href":"https:\/\/colegiolasalle.edu.mx\/secundaria\/wp-json\/wp\/v2\/pages\/89\/revisions\/786"}],"wp:attachment":[{"href":"https:\/\/colegiolasalle.edu.mx\/secundaria\/wp-json\/wp\/v2\/media?parent=89"}],"curies":[{"name":"wp","href":"https:\/\/api.w.org\/{rel}","templated":true}]}}