{"id":731,"date":"2020-03-13T16:28:56","date_gmt":"2020-03-13T16:28:56","guid":{"rendered":"https:\/\/colegiolasalle.edu.mx\/primaria\/?page_id=731"},"modified":"2024-03-14T21:58:14","modified_gmt":"2024-03-14T21:58:14","slug":"objetivos-estrategicos","status":"publish","type":"page","link":"https:\/\/colegiolasalle.edu.mx\/primaria\/objetivos-estrategicos\/","title":{"rendered":"Objetivos"},"content":{"rendered":"<p><div class=\"fusion-fullwidth fullwidth-box fusion-builder-row-1 fusion-flex-container has-pattern-background has-mask-background nonhundred-percent-fullwidth non-hundred-percent-height-scrolling\" style=\"--awb-border-radius-top-left:0px;--awb-border-radius-top-right:0px;--awb-border-radius-bottom-right:0px;--awb-border-radius-bottom-left:0px;--awb-flex-wrap:wrap;\" ><div class=\"fusion-builder-row fusion-row fusion-flex-align-items-flex-start fusion-flex-content-wrap\" style=\"max-width:1144px;margin-left: calc(-4% \/ 2 );margin-right: calc(-4% \/ 2 );\"><div class=\"fusion-layout-column fusion_builder_column fusion-builder-column-0 fusion_builder_column_1_1 1_1 fusion-flex-column\" style=\"--awb-bg-size:cover;--awb-width-large:100%;--awb-margin-top-large:0px;--awb-spacing-right-large:1.92%;--awb-margin-bottom-large:20px;--awb-spacing-left-large:1.92%;--awb-width-medium:100%;--awb-order-medium:0;--awb-spacing-right-medium:1.92%;--awb-spacing-left-medium:1.92%;--awb-width-small:100%;--awb-order-small:0;--awb-spacing-right-small:1.92%;--awb-spacing-left-small:1.92%;\"><div class=\"fusion-column-wrapper fusion-column-has-shadow fusion-flex-justify-content-flex-start fusion-content-layout-column\"><div class=\"fusion-title title fusion-title-1 fusion-title-center fusion-title-text fusion-title-size-one\" style=\"--awb-font-size:50px;\"><div class=\"title-sep-container title-sep-container-left\"><div class=\"title-sep sep-double sep-solid\" style=\"border-color:#e0dede;\"><\/div><\/div><span class=\"awb-title-spacer\"><\/span><h1 class=\"fusion-title-heading title-heading-center fusion-responsive-typography-calculated\" style=\"font-family:&quot;Source Sans 3&quot;;font-style:normal;font-weight:400;margin:0;font-size:1em;--fontSize:50;line-height:1.4;\"><p style=\"text-align: left;\">Objetivos<\/p><\/h1><span class=\"awb-title-spacer\"><\/span><div class=\"title-sep-container title-sep-container-right\"><div class=\"title-sep sep-double sep-solid\" style=\"border-color:#e0dede;\"><\/div><\/div><\/div>\n<\/div><\/div><\/div><\/div><div class=\"fusion-fullwidth fullwidth-box fusion-builder-row-2 fusion-flex-container nonhundred-percent-fullwidth non-hundred-percent-height-scrolling\" style=\"--awb-border-radius-top-left:0px;--awb-border-radius-top-right:0px;--awb-border-radius-bottom-right:0px;--awb-border-radius-bottom-left:0px;--awb-flex-wrap:wrap;\" ><div class=\"fusion-builder-row fusion-row fusion-flex-align-items-flex-start fusion-flex-content-wrap\" style=\"max-width:calc( 1100px + 0px );margin-left: calc(-0px \/ 2 );margin-right: calc(-0px \/ 2 );\"><div class=\"fusion-layout-column fusion_builder_column fusion-builder-column-1 fusion_builder_column_1_1 1_1 fusion-flex-column\" style=\"--awb-bg-size:cover;--awb-width-large:100%;--awb-margin-top-large:24px;--awb-spacing-right-large:0px;--awb-margin-bottom-large:20px;--awb-spacing-left-large:0px;--awb-width-medium:100%;--awb-spacing-right-medium:0px;--awb-spacing-left-medium:0px;--awb-width-small:100%;--awb-spacing-right-small:0px;--awb-spacing-left-small:0px;\"><div class=\"fusion-column-wrapper fusion-column-has-shadow fusion-flex-justify-content-flex-start fusion-content-layout-column\"><div class=\"fusion-text fusion-text-1\" style=\"--awb-text-font-family:&quot;Source Sans 3&quot;;--awb-text-font-style:normal;--awb-text-font-weight:400;\"><p style=\"text-align: justify;font-size: 20px\" data-fusion-font=\"true\">Educar para la libertad dentro de un marco de responsabilidad.<\/p>\n<p style=\"text-align: justify;font-size: 20px\" data-fusion-font=\"true\">Impulsar la formaci\u00f3n integral, concebida como el desarrollo arm\u00f3nico del ser humano y no como la simple acumulaci\u00f3n de conocimientos.<\/p>\n<p style=\"text-align: justify;font-size: 20px\" data-fusion-font=\"true\">Desarrollar la pr\u00e1ctica de los valores que permitan a los alumnos tener una acci\u00f3n positiva en la familia y en la sociedad.<\/p>\n<p style=\"text-align: justify;font-size: 20px\" data-fusion-font=\"true\">Promover el trabajo intelectual, la creatividad, el sentido cr\u00edtico y la formaci\u00f3n de la voluntad por medio de un estudio serio y disciplinado.<\/p>\n<p style=\"text-align: justify;font-size: 20px\" data-fusion-font=\"true\">Generar entre los educandos y la comunidad, las actitudes de respeto a la persona humana y la naturaleza, as\u00ed como la convivencia con sentido social.<\/p>\n<p style=\"text-align: justify;font-size: 20px\" data-fusion-font=\"true\">Entender y difundir los beneficios de la ciencia y la cultura, por medio de la promoci\u00f3n y realizaci\u00f3n de todo tipo de actividades encaminadas al logro de estos prop\u00f3sitos.<\/p>\n<p style=\"text-align: justify;font-size: 20px\" data-fusion-font=\"true\">Construir y formar una escuela con las siguientes caracter\u00edsticas:<\/p>\n<p style=\"text-align: justify;font-size: 20px\" data-fusion-font=\"true\">Que funcione como una unidad educativa, donde el logro de los aprendizajes se asuma como tarea principal y responsabilidad colectiva en un clima de cordialidad y armon\u00eda.<\/p>\n<p style=\"text-align: justify;font-size: 20px\" data-fusion-font=\"true\">Que d\u00e9 prioridad a las actividades acad\u00e9micas y promueva el desempe\u00f1o y superaci\u00f3n profesional de los directivos y maestros, partir de acuerdos y metas compartidas.<\/p>\n<p style=\"text-align: justify;font-size: 20px\" data-fusion-font=\"true\">Que est\u00e9 abierta a la comunidad y que involucre a los padres de familia como aliados para apoyar el aprendizaje de sus hijos.<\/p>\n<p style=\"text-align: justify;font-size: 20px\" data-fusion-font=\"true\"><span>Que asuma su responsabilidad respecto a los resultados educativos y utilice la evaluaci\u00f3n para fortalecer lo que se hace bien y corregir lo que no funciona fomentando un proceso de mejora continua.<\/span><\/p>\n<p data-fusion-font=\"true\" style=\"font-size: 20px\">En todo momento buscamos que el alumno sea feliz realizando el trabajo encomendado.<\/p>\n<\/div><\/div><\/div><\/div><\/div><div class=\"fusion-fullwidth fullwidth-box fusion-builder-row-3 fusion-flex-container nonhundred-percent-fullwidth non-hundred-percent-height-scrolling\" style=\"--awb-border-radius-top-left:0px;--awb-border-radius-top-right:0px;--awb-border-radius-bottom-right:0px;--awb-border-radius-bottom-left:0px;--awb-flex-wrap:wrap;\" ><div class=\"fusion-builder-row fusion-row fusion-flex-align-items-flex-start fusion-flex-content-wrap\" style=\"max-width:calc( 1100px + 0px );margin-left: calc(-0px \/ 2 );margin-right: calc(-0px \/ 2 );\"><div class=\"fusion-layout-column fusion_builder_column fusion-builder-column-2 fusion_builder_column_1_1 1_1 fusion-flex-column\" style=\"--awb-bg-size:cover;--awb-width-large:100%;--awb-margin-top-large:0px;--awb-spacing-right-large:0px;--awb-margin-bottom-large:20px;--awb-spacing-left-large:0px;--awb-width-medium:100%;--awb-spacing-right-medium:0px;--awb-spacing-left-medium:0px;--awb-width-small:100%;--awb-spacing-right-small:0px;--awb-spacing-left-small:0px;\"><div class=\"fusion-column-wrapper fusion-column-has-shadow fusion-flex-justify-content-flex-start fusion-content-layout-column\"><div class=\"fusion-sharing-box fusion-sharing-box-1 boxed-icons has-taglines layout-floated layout-medium-floated layout-small-floated\" style=\"background-color:#03a9f4;--awb-layout:row;--awb-alignment-small:space-between;\" data-title=\"Objetivos\" data-description=\"Educar para la libertad dentro de un marco de responsabilidad.\r\nImpulsar la formaci\u00f3n integral, concebida como el desarrollo arm\u00f3nico del ser humano y no como la simple acumulaci\u00f3n de conocimientos.\r\nDesarrollar la pr\u00e1ctica de los valores que permitan a los alumnos\" data-link=\"https:\/\/colegiolasalle.edu.mx\/primaria\/objetivos-estrategicos\/\"><h4 class=\"tagline\" style=\"color:#ffffff;\">!Comparte este art\u00edculo en tu red social preferida!<\/h4><div class=\"fusion-social-networks sharingbox-shortcode-icon-wrapper sharingbox-shortcode-icon-wrapper-1 boxed-icons\"><span><a href=\"https:\/\/www.facebook.com\/sharer.php?u=https%3A%2F%2Fcolegiolasalle.edu.mx%2Fprimaria%2Fobjetivos-estrategicos%2F&amp;t=Objetivos\" target=\"_blank\" rel=\"noreferrer\" title=\"Facebook\" aria-label=\"Facebook\" data-placement=\"top\" data-toggle=\"tooltip\" data-title=\"Facebook\"><i class=\"fusion-social-network-icon fusion-tooltip fusion-facebook awb-icon-facebook\" style=\"color:#ffffff;background-color:#3b5998;border-color:#3b5998;border-radius:4px;\" aria-hidden=\"true\"><\/i><\/a><\/span><span><a href=\"https:\/\/twitter.com\/share?text=Objetivos&amp;url=https%3A%2F%2Fcolegiolasalle.edu.mx%2Fprimaria%2Fobjetivos-estrategicos%2F\" target=\"_blank\" rel=\"noopener noreferrer\" title=\"Twitter\" aria-label=\"Twitter\" data-placement=\"top\" data-toggle=\"tooltip\" data-title=\"Twitter\"><i class=\"fusion-social-network-icon fusion-tooltip fusion-twitter awb-icon-twitter\" style=\"color:#ffffff;background-color:#000000;border-color:#000000;border-radius:4px;\" aria-hidden=\"true\"><\/i><\/a><\/span><span><a href=\"https:\/\/reddit.com\/submit?url=https%3A%2F%2Fcolegiolasalle.edu.mx%2Fprimaria%2Fobjetivos-estrategicos%2F&amp;title=Objetivos\" target=\"_blank\" rel=\"noopener noreferrer\" title=\"Reddit\" aria-label=\"Reddit\" data-placement=\"top\" data-toggle=\"tooltip\" data-title=\"Reddit\"><i class=\"fusion-social-network-icon fusion-tooltip fusion-reddit awb-icon-reddit\" style=\"color:#ffffff;background-color:#ff4500;border-color:#ff4500;border-radius:4px;\" aria-hidden=\"true\"><\/i><\/a><\/span><span><a href=\"https:\/\/www.linkedin.com\/shareArticle?mini=true&amp;url=https%3A%2F%2Fcolegiolasalle.edu.mx%2Fprimaria%2Fobjetivos-estrategicos%2F&amp;title=Objetivos&amp;summary=Educar%20para%20la%20libertad%20dentro%20de%20un%20marco%20de%20responsabilidad.%0D%0AImpulsar%20la%20formaci%C3%B3n%20integral%2C%20concebida%20como%20el%20desarrollo%20arm%C3%B3nico%20del%20ser%20humano%20y%20no%20como%20la%20simple%20acumulaci%C3%B3n%20de%20conocimientos.%0D%0ADesarrollar%20la%20pr%C3%A1ctica%20de%20los%20valores%20que%20permitan%20a%20los%20alumnos\" target=\"_blank\" rel=\"noopener noreferrer\" title=\"LinkedIn\" aria-label=\"LinkedIn\" data-placement=\"top\" data-toggle=\"tooltip\" data-title=\"LinkedIn\"><i class=\"fusion-social-network-icon fusion-tooltip fusion-linkedin awb-icon-linkedin\" style=\"color:#ffffff;background-color:#0077b5;border-color:#0077b5;border-radius:4px;\" aria-hidden=\"true\"><\/i><\/a><\/span><span><a href=\"https:\/\/api.whatsapp.com\/send?text=https%3A%2F%2Fcolegiolasalle.edu.mx%2Fprimaria%2Fobjetivos-estrategicos%2F\" target=\"_blank\" rel=\"noopener noreferrer\" title=\"WhatsApp\" aria-label=\"WhatsApp\" data-placement=\"top\" data-toggle=\"tooltip\" data-title=\"WhatsApp\"><i class=\"fusion-social-network-icon fusion-tooltip fusion-whatsapp awb-icon-whatsapp\" style=\"color:#ffffff;background-color:#77e878;border-color:#77e878;border-radius:4px;\" aria-hidden=\"true\"><\/i><\/a><\/span><span><a href=\"https:\/\/t.me\/share\/url?url=https%3A%2F%2Fcolegiolasalle.edu.mx%2Fprimaria%2Fobjetivos-estrategicos%2F&amp;text=Objetivos\" target=\"_blank\" rel=\"noopener noreferrer\" title=\"Telegram\" aria-label=\"Telegram\" data-placement=\"top\" data-toggle=\"tooltip\" data-title=\"Telegram\"><i class=\"fusion-social-network-icon fusion-tooltip fusion-telegram awb-icon-telegram\" style=\"color:#ffffff;background-color:#0088cc;border-color:#0088cc;border-radius:4px;\" aria-hidden=\"true\"><\/i><\/a><\/span><span><a href=\"https:\/\/www.tumblr.com\/share\/link?url=https%3A%2F%2Fcolegiolasalle.edu.mx%2Fprimaria%2Fobjetivos-estrategicos%2F&amp;name=Objetivos&amp;description=Educar%20para%20la%20libertad%20dentro%20de%20un%20marco%20de%20responsabilidad.%0D%0AImpulsar%20la%20formaci%C3%B3n%20integral%2C%20concebida%20como%20el%20desarrollo%20arm%C3%B3nico%20del%20ser%20humano%20y%20no%20como%20la%20simple%20acumulaci%C3%B3n%20de%20conocimientos.%0D%0ADesarrollar%20la%20pr%C3%A1ctica%20de%20los%20valores%20que%20permitan%20a%20los%20alumnos\" target=\"_blank\" rel=\"noopener noreferrer\" title=\"Tumblr\" aria-label=\"Tumblr\" data-placement=\"top\" data-toggle=\"tooltip\" data-title=\"Tumblr\"><i class=\"fusion-social-network-icon fusion-tooltip fusion-tumblr awb-icon-tumblr\" style=\"color:#ffffff;background-color:#35465c;border-color:#35465c;border-radius:4px;\" aria-hidden=\"true\"><\/i><\/a><\/span><span><a href=\"https:\/\/pinterest.com\/pin\/create\/button\/?url=https%3A%2F%2Fcolegiolasalle.edu.mx%2Fprimaria%2Fobjetivos-estrategicos%2F&amp;description=Educar%20para%20la%20libertad%20dentro%20de%20un%20marco%20de%20responsabilidad.%0D%0AImpulsar%20la%20formaci%C3%B3n%20integral%2C%20concebida%20como%20el%20desarrollo%20arm%C3%B3nico%20del%20ser%20humano%20y%20no%20como%20la%20simple%20acumulaci%C3%B3n%20de%20conocimientos.%0D%0ADesarrollar%20la%20pr%C3%A1ctica%20de%20los%20valores%20que%20permitan%20a%20los%20alumnos&amp;media=\" target=\"_blank\" rel=\"noopener noreferrer\" title=\"Pinterest\" aria-label=\"Pinterest\" data-placement=\"top\" data-toggle=\"tooltip\" data-title=\"Pinterest\"><i class=\"fusion-social-network-icon fusion-tooltip fusion-pinterest awb-icon-pinterest\" style=\"color:#ffffff;background-color:#bd081c;border-color:#bd081c;border-radius:4px;\" aria-hidden=\"true\"><\/i><\/a><\/span><span><a href=\"https:\/\/vkontakte.ru\/share.php?url=https%3A%2F%2Fcolegiolasalle.edu.mx%2Fprimaria%2Fobjetivos-estrategicos%2F&amp;title=Objetivos&amp;description=Educar%20para%20la%20libertad%20dentro%20de%20un%20marco%20de%20responsabilidad.%0D%0AImpulsar%20la%20formaci%C3%B3n%20integral%2C%20concebida%20como%20el%20desarrollo%20arm%C3%B3nico%20del%20ser%20humano%20y%20no%20como%20la%20simple%20acumulaci%C3%B3n%20de%20conocimientos.%0D%0ADesarrollar%20la%20pr%C3%A1ctica%20de%20los%20valores%20que%20permitan%20a%20los%20alumnos\" target=\"_blank\" rel=\"noopener noreferrer\" title=\"Vk\" aria-label=\"Vk\" data-placement=\"top\" data-toggle=\"tooltip\" data-title=\"Vk\"><i class=\"fusion-social-network-icon fusion-tooltip fusion-vk awb-icon-vk\" style=\"color:#ffffff;background-color:#45668e;border-color:#45668e;border-radius:4px;\" aria-hidden=\"true\"><\/i><\/a><\/span><span><a href=\"https:\/\/www.xing.com\/social_plugins\/share\/new?sc_p=xing-share&amp;h=1&amp;url=https%3A%2F%2Fcolegiolasalle.edu.mx%2Fprimaria%2Fobjetivos-estrategicos%2F\" target=\"_blank\" rel=\"noopener noreferrer\" title=\"Xing\" aria-label=\"Xing\" data-placement=\"top\" data-toggle=\"tooltip\" data-title=\"Xing\"><i class=\"fusion-social-network-icon fusion-tooltip fusion-xing awb-icon-xing\" style=\"color:#ffffff;background-color:#026466;border-color:#026466;border-radius:4px;\" aria-hidden=\"true\"><\/i><\/a><\/span><span><a href=\"mailto:?subject=Objetivos&amp;body=https%3A%2F%2Fcolegiolasalle.edu.mx%2Fprimaria%2Fobjetivos-estrategicos%2F\" target=\"_self\" title=\"Email\" aria-label=\"Email\" data-placement=\"top\" data-toggle=\"tooltip\" data-title=\"Email\"><i class=\"fusion-social-network-icon fusion-tooltip fusion-mail awb-icon-mail\" style=\"color:#ffffff;background-color:#000000;border-color:#000000;border-radius:4px;\" aria-hidden=\"true\"><\/i><\/a><\/span><\/div><\/div><\/div><\/div><\/div><\/div><\/p>\n","protected":false},"excerpt":{"rendered":"","protected":false},"author":1,"featured_media":0,"parent":0,"menu_order":0,"comment_status":"closed","ping_status":"closed","template":"100-width.php","meta":{"footnotes":""},"class_list":["post-731","page","type-page","status-publish","hentry"],"yoast_head":"<!-- This site is optimized with the Yoast SEO Premium plugin v21.8 (Yoast SEO v27.5) - https:\/\/yoast.com\/product\/yoast-seo-premium-wordpress\/ -->\n<title>Objetivos - Colegio La Salle de seglares PRIMARIA<\/title>\n<meta name=\"robots\" content=\"index, follow, max-snippet:-1, max-image-preview:large, max-video-preview:-1\" \/>\n<link rel=\"canonical\" href=\"https:\/\/colegiolasalle.edu.mx\/primaria\/objetivos-estrategicos\/\" \/>\n<meta property=\"og:locale\" content=\"es_MX\" \/>\n<meta property=\"og:type\" content=\"article\" \/>\n<meta property=\"og:title\" content=\"Objetivos\" \/>\n<meta property=\"og:url\" content=\"https:\/\/colegiolasalle.edu.mx\/primaria\/objetivos-estrategicos\/\" \/>\n<meta property=\"og:site_name\" content=\"Colegio La Salle de seglares PRIMARIA\" \/>\n<meta property=\"article:modified_time\" content=\"2024-03-14T21:58:14+00:00\" \/>\n<meta name=\"twitter:card\" content=\"summary_large_image\" \/>\n<meta name=\"twitter:label1\" content=\"Tiempo de lectura\" \/>\n\t<meta name=\"twitter:data1\" content=\"7 minutos\" \/>\n<script type=\"application\/ld+json\" class=\"yoast-schema-graph\">{\"@context\":\"https:\\\/\\\/schema.org\",\"@graph\":[{\"@type\":\"WebPage\",\"@id\":\"https:\\\/\\\/colegiolasalle.edu.mx\\\/primaria\\\/objetivos-estrategicos\\\/\",\"url\":\"https:\\\/\\\/colegiolasalle.edu.mx\\\/primaria\\\/objetivos-estrategicos\\\/\",\"name\":\"Objetivos - Colegio La Salle de seglares PRIMARIA\",\"isPartOf\":{\"@id\":\"https:\\\/\\\/colegiolasalle.edu.mx\\\/primaria\\\/#website\"},\"datePublished\":\"2020-03-13T16:28:56+00:00\",\"dateModified\":\"2024-03-14T21:58:14+00:00\",\"breadcrumb\":{\"@id\":\"https:\\\/\\\/colegiolasalle.edu.mx\\\/primaria\\\/objetivos-estrategicos\\\/#breadcrumb\"},\"inLanguage\":\"es\",\"potentialAction\":[{\"@type\":\"ReadAction\",\"target\":[\"https:\\\/\\\/colegiolasalle.edu.mx\\\/primaria\\\/objetivos-estrategicos\\\/\"]}]},{\"@type\":\"BreadcrumbList\",\"@id\":\"https:\\\/\\\/colegiolasalle.edu.mx\\\/primaria\\\/objetivos-estrategicos\\\/#breadcrumb\",\"itemListElement\":[{\"@type\":\"ListItem\",\"position\":1,\"name\":\"Home\",\"item\":\"https:\\\/\\\/colegiolasalle.edu.mx\\\/primaria\\\/\"},{\"@type\":\"ListItem\",\"position\":2,\"name\":\"Objetivos\"}]},{\"@type\":\"WebSite\",\"@id\":\"https:\\\/\\\/colegiolasalle.edu.mx\\\/primaria\\\/#website\",\"url\":\"https:\\\/\\\/colegiolasalle.edu.mx\\\/primaria\\\/\",\"name\":\"Colegio La Salle de seglares PRIMARIA\",\"description\":\"\",\"potentialAction\":[{\"@type\":\"SearchAction\",\"target\":{\"@type\":\"EntryPoint\",\"urlTemplate\":\"https:\\\/\\\/colegiolasalle.edu.mx\\\/primaria\\\/?s={search_term_string}\"},\"query-input\":{\"@type\":\"PropertyValueSpecification\",\"valueRequired\":true,\"valueName\":\"search_term_string\"}}],\"inLanguage\":\"es\"}]}<\/script>\n<!-- \/ Yoast SEO Premium plugin. -->","yoast_head_json":{"title":"Objetivos - Colegio La Salle de seglares PRIMARIA","robots":{"index":"index","follow":"follow","max-snippet":"max-snippet:-1","max-image-preview":"max-image-preview:large","max-video-preview":"max-video-preview:-1"},"canonical":"https:\/\/colegiolasalle.edu.mx\/primaria\/objetivos-estrategicos\/","og_locale":"es_MX","og_type":"article","og_title":"Objetivos","og_url":"https:\/\/colegiolasalle.edu.mx\/primaria\/objetivos-estrategicos\/","og_site_name":"Colegio La Salle de seglares PRIMARIA","article_modified_time":"2024-03-14T21:58:14+00:00","twitter_card":"summary_large_image","twitter_misc":{"Tiempo de lectura":"7 minutos"},"schema":{"@context":"https:\/\/schema.org","@graph":[{"@type":"WebPage","@id":"https:\/\/colegiolasalle.edu.mx\/primaria\/objetivos-estrategicos\/","url":"https:\/\/colegiolasalle.edu.mx\/primaria\/objetivos-estrategicos\/","name":"Objetivos - Colegio La Salle de seglares PRIMARIA","isPartOf":{"@id":"https:\/\/colegiolasalle.edu.mx\/primaria\/#website"},"datePublished":"2020-03-13T16:28:56+00:00","dateModified":"2024-03-14T21:58:14+00:00","breadcrumb":{"@id":"https:\/\/colegiolasalle.edu.mx\/primaria\/objetivos-estrategicos\/#breadcrumb"},"inLanguage":"es","potentialAction":[{"@type":"ReadAction","target":["https:\/\/colegiolasalle.edu.mx\/primaria\/objetivos-estrategicos\/"]}]},{"@type":"BreadcrumbList","@id":"https:\/\/colegiolasalle.edu.mx\/primaria\/objetivos-estrategicos\/#breadcrumb","itemListElement":[{"@type":"ListItem","position":1,"name":"Home","item":"https:\/\/colegiolasalle.edu.mx\/primaria\/"},{"@type":"ListItem","position":2,"name":"Objetivos"}]},{"@type":"WebSite","@id":"https:\/\/colegiolasalle.edu.mx\/primaria\/#website","url":"https:\/\/colegiolasalle.edu.mx\/primaria\/","name":"Colegio La Salle de seglares PRIMARIA","description":"","potentialAction":[{"@type":"SearchAction","target":{"@type":"EntryPoint","urlTemplate":"https:\/\/colegiolasalle.edu.mx\/primaria\/?s={search_term_string}"},"query-input":{"@type":"PropertyValueSpecification","valueRequired":true,"valueName":"search_term_string"}}],"inLanguage":"es"}]}},"_links":{"self":[{"href":"https:\/\/colegiolasalle.edu.mx\/primaria\/wp-json\/wp\/v2\/pages\/731","targetHints":{"allow":["GET"]}}],"collection":[{"href":"https:\/\/colegiolasalle.edu.mx\/primaria\/wp-json\/wp\/v2\/pages"}],"about":[{"href":"https:\/\/colegiolasalle.edu.mx\/primaria\/wp-json\/wp\/v2\/types\/page"}],"author":[{"embeddable":true,"href":"https:\/\/colegiolasalle.edu.mx\/primaria\/wp-json\/wp\/v2\/users\/1"}],"replies":[{"embeddable":true,"href":"https:\/\/colegiolasalle.edu.mx\/primaria\/wp-json\/wp\/v2\/comments?post=731"}],"version-history":[{"count":1,"href":"https:\/\/colegiolasalle.edu.mx\/primaria\/wp-json\/wp\/v2\/pages\/731\/revisions"}],"predecessor-version":[{"id":2472,"href":"https:\/\/colegiolasalle.edu.mx\/primaria\/wp-json\/wp\/v2\/pages\/731\/revisions\/2472"}],"wp:attachment":[{"href":"https:\/\/colegiolasalle.edu.mx\/primaria\/wp-json\/wp\/v2\/media?parent=731"}],"curies":[{"name":"wp","href":"https:\/\/api.w.org\/{rel}","templated":true}]}}