{"id":724,"date":"2020-03-13T16:27:00","date_gmt":"2020-03-13T16:27:00","guid":{"rendered":"https:\/\/colegiolasalle.edu.mx\/primaria\/?page_id=724"},"modified":"2024-03-14T23:35:54","modified_gmt":"2024-03-14T23:35:54","slug":"filosofia","status":"publish","type":"page","link":"https:\/\/colegiolasalle.edu.mx\/primaria\/filosofia\/","title":{"rendered":"Filosof\u00eda"},"content":{"rendered":"<p><div class=\"fusion-fullwidth fullwidth-box fusion-builder-row-1 fusion-flex-container nonhundred-percent-fullwidth non-hundred-percent-height-scrolling\" style=\"--awb-border-radius-top-left:0px;--awb-border-radius-top-right:0px;--awb-border-radius-bottom-right:0px;--awb-border-radius-bottom-left:0px;--awb-flex-wrap:wrap;\" ><div class=\"fusion-builder-row fusion-row fusion-flex-align-items-flex-start fusion-flex-content-wrap\" style=\"max-width:calc( 1100px + 0px );margin-left: calc(-0px \/ 2 );margin-right: calc(-0px \/ 2 );\"><div class=\"fusion-layout-column fusion_builder_column fusion-builder-column-0 fusion_builder_column_1_1 1_1 fusion-flex-column\" style=\"--awb-bg-size:cover;--awb-width-large:100%;--awb-margin-top-large:34px;--awb-spacing-right-large:0px;--awb-margin-bottom-large:20px;--awb-spacing-left-large:0px;--awb-width-medium:100%;--awb-spacing-right-medium:0px;--awb-spacing-left-medium:0px;--awb-width-small:100%;--awb-spacing-right-small:0px;--awb-spacing-left-small:0px;\"><div class=\"fusion-column-wrapper fusion-column-has-shadow fusion-flex-justify-content-flex-start fusion-content-layout-column\"><div class=\"fusion-title title fusion-title-1 fusion-title-center fusion-title-text fusion-title-size-one\" style=\"--awb-font-size:50px;\"><div class=\"title-sep-container title-sep-container-left\"><div class=\"title-sep sep-double sep-solid\" style=\"border-color:#e0dede;\"><\/div><\/div><span class=\"awb-title-spacer\"><\/span><h1 class=\"fusion-title-heading title-heading-center fusion-responsive-typography-calculated\" style=\"font-family:&quot;Source Sans 3&quot;;font-style:normal;font-weight:400;margin:0;font-size:1em;--fontSize:50;line-height:1.4;\"><p style=\"text-align: left;\">Filosof\u00eda<\/p><\/h1><span class=\"awb-title-spacer\"><\/span><div class=\"title-sep-container title-sep-container-right\"><div class=\"title-sep sep-double sep-solid\" style=\"border-color:#e0dede;\"><\/div><\/div><\/div><\/div><\/div><div class=\"fusion-layout-column fusion_builder_column fusion-builder-column-1 fusion_builder_column_1_1 1_1 fusion-flex-column\" style=\"--awb-bg-size:cover;--awb-width-large:100%;--awb-margin-top-large:34px;--awb-spacing-right-large:0px;--awb-margin-bottom-large:20px;--awb-spacing-left-large:0px;--awb-width-medium:100%;--awb-spacing-right-medium:0px;--awb-spacing-left-medium:0px;--awb-width-small:100%;--awb-spacing-right-small:0px;--awb-spacing-left-small:0px;\"><div class=\"fusion-column-wrapper fusion-column-has-shadow fusion-flex-justify-content-flex-start fusion-content-layout-column\"><div class=\"fusion-text fusion-text-1\" style=\"--awb-text-font-family:&quot;Source Sans 3&quot;;--awb-text-font-style:normal;--awb-text-font-weight:400;\"><p><span style=\"font-weight: normal;font-size: 20px\" data-fusion-font=\"true\">Conseguir la formaci\u00f3n humana, espiritual, cultural, social y f\u00edsica, que permita un desarrollo arm\u00f3nico y completo de la personalidad de cada educando, dentro de un ambiente de respeto a su libertad; en s\u00edntesis \u201cEducaci\u00f3n en la responsabilidad\u201d.<\/span><\/p>\n<p><span style=\"font-weight: normal;font-size: 20px\" data-fusion-font=\"true\">El conocimiento del hombre mediante la antropolog\u00eda nos indica que es biol\u00f3gica y espiritualmente inacabado, porque su existencia es un proceso sin fin de terminaci\u00f3n y aprendizaje. La persona viene al mundo con potencialidades que pueden tomar forma en funci\u00f3n de las circunstancias favorables en las que el individuo est\u00e1 llamado a evolucionar. Es pues en esencia, educable; en realidad no cesa de \u2010 entrar en la vida\u2010, de nacer a lo humano.<\/span><\/p>\n<p><span style=\"font-weight: normal;font-size: 20px\" data-fusion-font=\"true\">Su car\u00e1cter, siempre por perfeccionarse es lo que le distingue esencialmente de los otros seres vivientes, toda vez que debe recibir de su entorno las t\u00e9cnicas vitales que educan lo que la naturaleza y el instinto le proporciona. Esta es la raz\u00f3n que le obliga a aprender constantemente para sobrevivir y devenir.<\/span><\/p>\n<p><span style=\"font-weight: normal;font-size: 20px\" data-fusion-font=\"true\">Si estos criterios son aplicables a su desarrollo biol\u00f3gico o intelectual, mucho m\u00e1s importante es ayudar a moldear su mundo espiritual.<\/span><\/p>\n<p><span style=\"font-weight: normal;font-size: 20px\" data-fusion-font=\"true\">Estos principios deben intervenir en la formaci\u00f3n del hombre ayudarlo a desarrollarse en todas sus dimensiones, conduci\u00e9ndolo por los caminos de la existencia, hacia al ideal de formar un hombre completo.<\/span><\/p>\n<\/div><\/div><\/div><\/div><\/div><div class=\"fusion-fullwidth fullwidth-box fusion-builder-row-2 fusion-flex-container nonhundred-percent-fullwidth non-hundred-percent-height-scrolling\" style=\"--awb-border-radius-top-left:0px;--awb-border-radius-top-right:0px;--awb-border-radius-bottom-right:0px;--awb-border-radius-bottom-left:0px;--awb-flex-wrap:wrap;\" ><div class=\"fusion-builder-row fusion-row fusion-flex-align-items-flex-start fusion-flex-content-wrap\" style=\"max-width:calc( 1100px + 0px );margin-left: calc(-0px \/ 2 );margin-right: calc(-0px \/ 2 );\"><div class=\"fusion-layout-column fusion_builder_column fusion-builder-column-2 fusion_builder_column_1_1 1_1 fusion-flex-column\" style=\"--awb-bg-size:cover;--awb-width-large:100%;--awb-margin-top-large:0px;--awb-spacing-right-large:0px;--awb-margin-bottom-large:20px;--awb-spacing-left-large:0px;--awb-width-medium:100%;--awb-spacing-right-medium:0px;--awb-spacing-left-medium:0px;--awb-width-small:100%;--awb-spacing-right-small:0px;--awb-spacing-left-small:0px;\"><div class=\"fusion-column-wrapper fusion-column-has-shadow fusion-flex-justify-content-flex-start fusion-content-layout-column\"><div class=\"fusion-sharing-box fusion-sharing-box-1 boxed-icons has-taglines layout-floated layout-medium-floated layout-small-floated\" style=\"background-color:#03a9f4;--awb-layout:row;--awb-alignment-small:space-between;\" data-title=\"Filosof\u00eda\" data-description=\"Filosof\u00eda \r\nConseguir la formaci\u00f3n humana, espiritual, cultural, social y f\u00edsica, que permita un desarrollo arm\u00f3nico y completo de la personalidad de cada educando, dentro de un ambiente de respeto a su libertad; en s\u00edntesis \u201cEducaci\u00f3n en la responsabilidad\u201d.\r\nEl conocimiento del hombre mediante la antropolog\u00eda\" data-link=\"https:\/\/colegiolasalle.edu.mx\/primaria\/filosofia\/\"><h4 class=\"tagline\" style=\"color:#ffffff;\">!Comparte este art\u00edculo en tu red social preferida!<\/h4><div class=\"fusion-social-networks sharingbox-shortcode-icon-wrapper sharingbox-shortcode-icon-wrapper-1 boxed-icons\"><span><a href=\"https:\/\/www.facebook.com\/sharer.php?u=https%3A%2F%2Fcolegiolasalle.edu.mx%2Fprimaria%2Ffilosofia%2F&amp;t=Filosof%C3%ADa\" target=\"_blank\" rel=\"noreferrer\" title=\"Facebook\" aria-label=\"Facebook\" data-placement=\"top\" data-toggle=\"tooltip\" data-title=\"Facebook\"><i class=\"fusion-social-network-icon fusion-tooltip fusion-facebook awb-icon-facebook\" style=\"color:#ffffff;background-color:#3b5998;border-color:#3b5998;border-radius:4px;\" aria-hidden=\"true\"><\/i><\/a><\/span><span><a href=\"https:\/\/twitter.com\/share?text=Filosof%C3%ADa&amp;url=https%3A%2F%2Fcolegiolasalle.edu.mx%2Fprimaria%2Ffilosofia%2F\" target=\"_blank\" rel=\"noopener noreferrer\" title=\"Twitter\" aria-label=\"Twitter\" data-placement=\"top\" data-toggle=\"tooltip\" data-title=\"Twitter\"><i class=\"fusion-social-network-icon fusion-tooltip fusion-twitter awb-icon-twitter\" style=\"color:#ffffff;background-color:#000000;border-color:#000000;border-radius:4px;\" aria-hidden=\"true\"><\/i><\/a><\/span><span><a href=\"https:\/\/reddit.com\/submit?url=https%3A%2F%2Fcolegiolasalle.edu.mx%2Fprimaria%2Ffilosofia%2F&amp;title=Filosof%C3%ADa\" target=\"_blank\" rel=\"noopener noreferrer\" title=\"Reddit\" aria-label=\"Reddit\" data-placement=\"top\" data-toggle=\"tooltip\" data-title=\"Reddit\"><i class=\"fusion-social-network-icon fusion-tooltip fusion-reddit awb-icon-reddit\" style=\"color:#ffffff;background-color:#ff4500;border-color:#ff4500;border-radius:4px;\" aria-hidden=\"true\"><\/i><\/a><\/span><span><a href=\"https:\/\/www.linkedin.com\/shareArticle?mini=true&amp;url=https%3A%2F%2Fcolegiolasalle.edu.mx%2Fprimaria%2Ffilosofia%2F&amp;title=Filosof%C3%ADa&amp;summary=Filosof%C3%ADa%20%20%0D%0AConseguir%20la%20formaci%C3%B3n%20humana%2C%20espiritual%2C%20cultural%2C%20social%20y%20f%C3%ADsica%2C%20que%20permita%20un%20desarrollo%20arm%C3%B3nico%20y%20completo%20de%20la%20personalidad%20de%20cada%20educando%2C%20dentro%20de%20un%20ambiente%20de%20respeto%20a%20su%20libertad%3B%20en%20s%C3%ADntesis%20%E2%80%9CEducaci%C3%B3n%20en%20la%20responsabilidad%E2%80%9D.%0D%0AEl%20conocimiento%20del%20hombre%20mediante%20la%20antropolog%C3%ADa\" target=\"_blank\" rel=\"noopener noreferrer\" title=\"LinkedIn\" aria-label=\"LinkedIn\" data-placement=\"top\" data-toggle=\"tooltip\" data-title=\"LinkedIn\"><i class=\"fusion-social-network-icon fusion-tooltip fusion-linkedin awb-icon-linkedin\" style=\"color:#ffffff;background-color:#0077b5;border-color:#0077b5;border-radius:4px;\" aria-hidden=\"true\"><\/i><\/a><\/span><span><a href=\"https:\/\/api.whatsapp.com\/send?text=https%3A%2F%2Fcolegiolasalle.edu.mx%2Fprimaria%2Ffilosofia%2F\" target=\"_blank\" rel=\"noopener noreferrer\" title=\"WhatsApp\" aria-label=\"WhatsApp\" data-placement=\"top\" data-toggle=\"tooltip\" data-title=\"WhatsApp\"><i class=\"fusion-social-network-icon fusion-tooltip fusion-whatsapp awb-icon-whatsapp\" style=\"color:#ffffff;background-color:#77e878;border-color:#77e878;border-radius:4px;\" aria-hidden=\"true\"><\/i><\/a><\/span><span><a href=\"https:\/\/t.me\/share\/url?url=https%3A%2F%2Fcolegiolasalle.edu.mx%2Fprimaria%2Ffilosofia%2F&amp;text=Filosof%C3%ADa\" target=\"_blank\" rel=\"noopener noreferrer\" title=\"Telegram\" aria-label=\"Telegram\" data-placement=\"top\" data-toggle=\"tooltip\" data-title=\"Telegram\"><i class=\"fusion-social-network-icon fusion-tooltip fusion-telegram awb-icon-telegram\" style=\"color:#ffffff;background-color:#0088cc;border-color:#0088cc;border-radius:4px;\" aria-hidden=\"true\"><\/i><\/a><\/span><span><a href=\"https:\/\/www.tumblr.com\/share\/link?url=https%3A%2F%2Fcolegiolasalle.edu.mx%2Fprimaria%2Ffilosofia%2F&amp;name=Filosof%C3%ADa&amp;description=Filosof%C3%ADa%20%20%0D%0AConseguir%20la%20formaci%C3%B3n%20humana%2C%20espiritual%2C%20cultural%2C%20social%20y%20f%C3%ADsica%2C%20que%20permita%20un%20desarrollo%20arm%C3%B3nico%20y%20completo%20de%20la%20personalidad%20de%20cada%20educando%2C%20dentro%20de%20un%20ambiente%20de%20respeto%20a%20su%20libertad%3B%20en%20s%C3%ADntesis%20%E2%80%9CEducaci%C3%B3n%20en%20la%20responsabilidad%E2%80%9D.%0D%0AEl%20conocimiento%20del%20hombre%20mediante%20la%20antropolog%C3%ADa\" target=\"_blank\" rel=\"noopener noreferrer\" title=\"Tumblr\" aria-label=\"Tumblr\" data-placement=\"top\" data-toggle=\"tooltip\" data-title=\"Tumblr\"><i class=\"fusion-social-network-icon fusion-tooltip fusion-tumblr awb-icon-tumblr\" style=\"color:#ffffff;background-color:#35465c;border-color:#35465c;border-radius:4px;\" aria-hidden=\"true\"><\/i><\/a><\/span><span><a href=\"https:\/\/pinterest.com\/pin\/create\/button\/?url=https%3A%2F%2Fcolegiolasalle.edu.mx%2Fprimaria%2Ffilosofia%2F&amp;description=Filosof%C3%ADa%20%20%0D%0AConseguir%20la%20formaci%C3%B3n%20humana%2C%20espiritual%2C%20cultural%2C%20social%20y%20f%C3%ADsica%2C%20que%20permita%20un%20desarrollo%20arm%C3%B3nico%20y%20completo%20de%20la%20personalidad%20de%20cada%20educando%2C%20dentro%20de%20un%20ambiente%20de%20respeto%20a%20su%20libertad%3B%20en%20s%C3%ADntesis%20%E2%80%9CEducaci%C3%B3n%20en%20la%20responsabilidad%E2%80%9D.%0D%0AEl%20conocimiento%20del%20hombre%20mediante%20la%20antropolog%C3%ADa&amp;media=\" target=\"_blank\" rel=\"noopener noreferrer\" title=\"Pinterest\" aria-label=\"Pinterest\" data-placement=\"top\" data-toggle=\"tooltip\" data-title=\"Pinterest\"><i class=\"fusion-social-network-icon fusion-tooltip fusion-pinterest awb-icon-pinterest\" style=\"color:#ffffff;background-color:#bd081c;border-color:#bd081c;border-radius:4px;\" aria-hidden=\"true\"><\/i><\/a><\/span><span><a href=\"https:\/\/vkontakte.ru\/share.php?url=https%3A%2F%2Fcolegiolasalle.edu.mx%2Fprimaria%2Ffilosofia%2F&amp;title=Filosof%C3%ADa&amp;description=Filosof%C3%ADa%20%20%0D%0AConseguir%20la%20formaci%C3%B3n%20humana%2C%20espiritual%2C%20cultural%2C%20social%20y%20f%C3%ADsica%2C%20que%20permita%20un%20desarrollo%20arm%C3%B3nico%20y%20completo%20de%20la%20personalidad%20de%20cada%20educando%2C%20dentro%20de%20un%20ambiente%20de%20respeto%20a%20su%20libertad%3B%20en%20s%C3%ADntesis%20%E2%80%9CEducaci%C3%B3n%20en%20la%20responsabilidad%E2%80%9D.%0D%0AEl%20conocimiento%20del%20hombre%20mediante%20la%20antropolog%C3%ADa\" target=\"_blank\" rel=\"noopener noreferrer\" title=\"Vk\" aria-label=\"Vk\" data-placement=\"top\" data-toggle=\"tooltip\" data-title=\"Vk\"><i class=\"fusion-social-network-icon fusion-tooltip fusion-vk awb-icon-vk\" style=\"color:#ffffff;background-color:#45668e;border-color:#45668e;border-radius:4px;\" aria-hidden=\"true\"><\/i><\/a><\/span><span><a href=\"https:\/\/www.xing.com\/social_plugins\/share\/new?sc_p=xing-share&amp;h=1&amp;url=https%3A%2F%2Fcolegiolasalle.edu.mx%2Fprimaria%2Ffilosofia%2F\" target=\"_blank\" rel=\"noopener noreferrer\" title=\"Xing\" aria-label=\"Xing\" data-placement=\"top\" data-toggle=\"tooltip\" data-title=\"Xing\"><i class=\"fusion-social-network-icon fusion-tooltip fusion-xing awb-icon-xing\" style=\"color:#ffffff;background-color:#026466;border-color:#026466;border-radius:4px;\" aria-hidden=\"true\"><\/i><\/a><\/span><span><a href=\"mailto:?subject=Filosof%C3%ADa&amp;body=https%3A%2F%2Fcolegiolasalle.edu.mx%2Fprimaria%2Ffilosofia%2F\" target=\"_self\" title=\"Email\" aria-label=\"Email\" data-placement=\"top\" data-toggle=\"tooltip\" data-title=\"Email\"><i class=\"fusion-social-network-icon fusion-tooltip fusion-mail awb-icon-mail\" style=\"color:#ffffff;background-color:#000000;border-color:#000000;border-radius:4px;\" aria-hidden=\"true\"><\/i><\/a><\/span><\/div><\/div><\/div><\/div><\/div><\/div><\/p>\n","protected":false},"excerpt":{"rendered":"","protected":false},"author":1,"featured_media":0,"parent":0,"menu_order":0,"comment_status":"closed","ping_status":"closed","template":"100-width.php","meta":{"footnotes":""},"class_list":["post-724","page","type-page","status-publish","hentry"],"yoast_head":"<!-- This site is optimized with the Yoast SEO Premium plugin v21.8 (Yoast SEO v25.6) - https:\/\/yoast.com\/wordpress\/plugins\/seo\/ -->\n<title>Filosof\u00eda - Colegio La Salle de seglares PRIMARIA<\/title>\n<meta name=\"robots\" content=\"index, follow, max-snippet:-1, max-image-preview:large, max-video-preview:-1\" \/>\n<link rel=\"canonical\" href=\"https:\/\/colegiolasalle.edu.mx\/primaria\/filosofia\/\" \/>\n<meta property=\"og:locale\" content=\"es_MX\" \/>\n<meta property=\"og:type\" content=\"article\" \/>\n<meta property=\"og:title\" content=\"Filosof\u00eda\" \/>\n<meta property=\"og:url\" content=\"https:\/\/colegiolasalle.edu.mx\/primaria\/filosofia\/\" \/>\n<meta property=\"og:site_name\" content=\"Colegio La Salle de seglares PRIMARIA\" \/>\n<meta property=\"article:modified_time\" content=\"2024-03-14T23:35:54+00:00\" \/>\n<meta name=\"twitter:card\" content=\"summary_large_image\" \/>\n<meta name=\"twitter:label1\" content=\"Tiempo de lectura\" \/>\n\t<meta name=\"twitter:data1\" content=\"5 minutos\" \/>\n<script type=\"application\/ld+json\" class=\"yoast-schema-graph\">{\"@context\":\"https:\/\/schema.org\",\"@graph\":[{\"@type\":\"WebPage\",\"@id\":\"https:\/\/colegiolasalle.edu.mx\/primaria\/filosofia\/\",\"url\":\"https:\/\/colegiolasalle.edu.mx\/primaria\/filosofia\/\",\"name\":\"Filosof\u00eda - Colegio La Salle de seglares PRIMARIA\",\"isPartOf\":{\"@id\":\"https:\/\/colegiolasalle.edu.mx\/primaria\/#website\"},\"datePublished\":\"2020-03-13T16:27:00+00:00\",\"dateModified\":\"2024-03-14T23:35:54+00:00\",\"breadcrumb\":{\"@id\":\"https:\/\/colegiolasalle.edu.mx\/primaria\/filosofia\/#breadcrumb\"},\"inLanguage\":\"es\",\"potentialAction\":[{\"@type\":\"ReadAction\",\"target\":[\"https:\/\/colegiolasalle.edu.mx\/primaria\/filosofia\/\"]}]},{\"@type\":\"BreadcrumbList\",\"@id\":\"https:\/\/colegiolasalle.edu.mx\/primaria\/filosofia\/#breadcrumb\",\"itemListElement\":[{\"@type\":\"ListItem\",\"position\":1,\"name\":\"Home\",\"item\":\"https:\/\/colegiolasalle.edu.mx\/primaria\/\"},{\"@type\":\"ListItem\",\"position\":2,\"name\":\"Filosof\u00eda\"}]},{\"@type\":\"WebSite\",\"@id\":\"https:\/\/colegiolasalle.edu.mx\/primaria\/#website\",\"url\":\"https:\/\/colegiolasalle.edu.mx\/primaria\/\",\"name\":\"Colegio La Salle de seglares PRIMARIA\",\"description\":\"\",\"potentialAction\":[{\"@type\":\"SearchAction\",\"target\":{\"@type\":\"EntryPoint\",\"urlTemplate\":\"https:\/\/colegiolasalle.edu.mx\/primaria\/?s={search_term_string}\"},\"query-input\":{\"@type\":\"PropertyValueSpecification\",\"valueRequired\":true,\"valueName\":\"search_term_string\"}}],\"inLanguage\":\"es\"}]}<\/script>\n<!-- \/ Yoast SEO Premium plugin. -->","yoast_head_json":{"title":"Filosof\u00eda - Colegio La Salle de seglares PRIMARIA","robots":{"index":"index","follow":"follow","max-snippet":"max-snippet:-1","max-image-preview":"max-image-preview:large","max-video-preview":"max-video-preview:-1"},"canonical":"https:\/\/colegiolasalle.edu.mx\/primaria\/filosofia\/","og_locale":"es_MX","og_type":"article","og_title":"Filosof\u00eda","og_url":"https:\/\/colegiolasalle.edu.mx\/primaria\/filosofia\/","og_site_name":"Colegio La Salle de seglares PRIMARIA","article_modified_time":"2024-03-14T23:35:54+00:00","twitter_card":"summary_large_image","twitter_misc":{"Tiempo de lectura":"5 minutos"},"schema":{"@context":"https:\/\/schema.org","@graph":[{"@type":"WebPage","@id":"https:\/\/colegiolasalle.edu.mx\/primaria\/filosofia\/","url":"https:\/\/colegiolasalle.edu.mx\/primaria\/filosofia\/","name":"Filosof\u00eda - Colegio La Salle de seglares PRIMARIA","isPartOf":{"@id":"https:\/\/colegiolasalle.edu.mx\/primaria\/#website"},"datePublished":"2020-03-13T16:27:00+00:00","dateModified":"2024-03-14T23:35:54+00:00","breadcrumb":{"@id":"https:\/\/colegiolasalle.edu.mx\/primaria\/filosofia\/#breadcrumb"},"inLanguage":"es","potentialAction":[{"@type":"ReadAction","target":["https:\/\/colegiolasalle.edu.mx\/primaria\/filosofia\/"]}]},{"@type":"BreadcrumbList","@id":"https:\/\/colegiolasalle.edu.mx\/primaria\/filosofia\/#breadcrumb","itemListElement":[{"@type":"ListItem","position":1,"name":"Home","item":"https:\/\/colegiolasalle.edu.mx\/primaria\/"},{"@type":"ListItem","position":2,"name":"Filosof\u00eda"}]},{"@type":"WebSite","@id":"https:\/\/colegiolasalle.edu.mx\/primaria\/#website","url":"https:\/\/colegiolasalle.edu.mx\/primaria\/","name":"Colegio La Salle de seglares PRIMARIA","description":"","potentialAction":[{"@type":"SearchAction","target":{"@type":"EntryPoint","urlTemplate":"https:\/\/colegiolasalle.edu.mx\/primaria\/?s={search_term_string}"},"query-input":{"@type":"PropertyValueSpecification","valueRequired":true,"valueName":"search_term_string"}}],"inLanguage":"es"}]}},"_links":{"self":[{"href":"https:\/\/colegiolasalle.edu.mx\/primaria\/wp-json\/wp\/v2\/pages\/724","targetHints":{"allow":["GET"]}}],"collection":[{"href":"https:\/\/colegiolasalle.edu.mx\/primaria\/wp-json\/wp\/v2\/pages"}],"about":[{"href":"https:\/\/colegiolasalle.edu.mx\/primaria\/wp-json\/wp\/v2\/types\/page"}],"author":[{"embeddable":true,"href":"https:\/\/colegiolasalle.edu.mx\/primaria\/wp-json\/wp\/v2\/users\/1"}],"replies":[{"embeddable":true,"href":"https:\/\/colegiolasalle.edu.mx\/primaria\/wp-json\/wp\/v2\/comments?post=724"}],"version-history":[{"count":5,"href":"https:\/\/colegiolasalle.edu.mx\/primaria\/wp-json\/wp\/v2\/pages\/724\/revisions"}],"predecessor-version":[{"id":2479,"href":"https:\/\/colegiolasalle.edu.mx\/primaria\/wp-json\/wp\/v2\/pages\/724\/revisions\/2479"}],"wp:attachment":[{"href":"https:\/\/colegiolasalle.edu.mx\/primaria\/wp-json\/wp\/v2\/media?parent=724"}],"curies":[{"name":"wp","href":"https:\/\/api.w.org\/{rel}","templated":true}]}}