{"id":458,"date":"2020-02-07T19:27:31","date_gmt":"2020-02-07T19:27:31","guid":{"rendered":"https:\/\/colegiolasalle.edu.mx\/primaria\/?page_id=458"},"modified":"2024-01-24T18:59:19","modified_gmt":"2024-01-24T18:59:19","slug":"coordinacion-de-pastoral","status":"publish","type":"page","link":"https:\/\/colegiolasalle.edu.mx\/primaria\/coordinacion-de-pastoral\/","title":{"rendered":"Coordinaci\u00f3n de Pastoral"},"content":{"rendered":"<p><div class=\"fusion-fullwidth fullwidth-box fusion-builder-row-1 fusion-flex-container nonhundred-percent-fullwidth non-hundred-percent-height-scrolling\" style=\"--awb-border-radius-top-left:0px;--awb-border-radius-top-right:0px;--awb-border-radius-bottom-right:0px;--awb-border-radius-bottom-left:0px;--awb-padding-top:20px;--awb-padding-right:20px;--awb-padding-bottom:20px;--awb-padding-left:20px;--awb-flex-wrap:wrap;\" ><div class=\"fusion-builder-row fusion-row fusion-flex-align-items-flex-start fusion-flex-content-wrap\" style=\"max-width:calc( 1100px + 0px );margin-left: calc(-0px \/ 2 );margin-right: calc(-0px \/ 2 );\"><div class=\"fusion-layout-column fusion_builder_column fusion-builder-column-0 fusion_builder_column_1_1 1_1 fusion-flex-column\" style=\"--awb-padding-top:70px;--awb-padding-right:80px;--awb-padding-bottom:60px;--awb-padding-left:80px;--awb-overflow:hidden;--awb-bg-color:#89d25f;--awb-bg-color-hover:#89d25f;--awb-bg-size:cover;--awb-box-shadow:20px 20px 24px -3px ;;--awb-border-radius:20px 20px 20px 20px;--awb-width-large:100%;--awb-margin-top-large:0px;--awb-spacing-right-large:0px;--awb-margin-bottom-large:20px;--awb-spacing-left-large:0px;--awb-width-medium:100%;--awb-spacing-right-medium:0px;--awb-spacing-left-medium:0px;--awb-width-small:100%;--awb-spacing-right-small:0px;--awb-spacing-left-small:0px;\"><div class=\"fusion-column-wrapper fusion-column-has-shadow fusion-flex-justify-content-flex-start fusion-content-layout-column\"><div class=\"fusion-text fusion-text-1 fusion-animated\" style=\"--awb-font-size:20px;\" data-animationType=\"slideInUp\" data-animationDuration=\"1.0\" data-animationOffset=\"top-into-view\"><p style=\"text-align: justify;font-size: 20px;color: #ffffff\" data-fusion-font=\"true\">San Juan Bautista de la Salle, patrono de las escuelas cristianas, tuvo la inspiraci\u00f3n de crear escuelas con una formaci\u00f3n religiosa, de valores firmes y vivenciales.<\/p>\n<p style=\"text-align: justify;font-size: 20px;color: #ffffff\" data-fusion-font=\"true\">La Salle de Seglares, inspirada en los ideales de San Juan Bautista de la Salle, busca d\u00eda a d\u00eda una educaci\u00f3n con valores y de fe cristiana, siendo este \u00faltimo uno de nuestros pilares fundamentales.<\/p>\n<\/div><div class=\"fusion-text fusion-text-2 fusion-animated\" style=\"--awb-font-size:20px;\" data-animationType=\"slideInUp\" data-animationDuration=\"1.0\" data-animationOffset=\"top-into-view\"><p style=\"text-align: justify;font-size: 20px;color: #ffffff\" data-fusion-font=\"true\"><span style=\"font-family: var(--body_typography-font-family);font-style: var(--body_typography-font-style,normal);font-weight: var(--body_typography-font-weight);letter-spacing: var(--body_typography-letter-spacing)\">Por este motivo la Coordinaci\u00f3n de Formaci\u00f3n Humana y Cristiana, busca consolidar en los educandos su fe espiritual por medio de:<\/span><\/p>\n<p><span style=\"color: #ffffff\">\u2605<\/span><span style=\"color: #ffffff;font-family: var(--body_typography-font-family);font-size: 20px;font-style: var(--body_typography-font-style,normal);font-weight: var(--body_typography-font-weight);letter-spacing: var(--body_typography-letter-spacing);text-align: justify\">Reflexiones diarias.<\/span><br \/>\n<span style=\"color: #ffffff\">\u2605<\/span><span style=\"color: #ffffff;font-family: var(--body_typography-font-family);font-size: 20px;font-style: var(--body_typography-font-style,normal);font-weight: var(--body_typography-font-weight);letter-spacing: var(--body_typography-letter-spacing);text-align: justify\">Clases de religi\u00f3n en los diferentes niveles educativos.<\/span><br \/>\n<span style=\"color: #ffffff\">\u2605<\/span><span style=\"color: #ffffff;font-family: var(--body_typography-font-family);font-size: 20px;font-style: var(--body_typography-font-style,normal);font-weight: var(--body_typography-font-weight);letter-spacing: var(--body_typography-letter-spacing);text-align: justify\">Reforzamiento de los valores.<\/span><br \/>\n<span style=\"color: #ffffff\">\u2605<\/span><span style=\"color: #ffffff;font-family: var(--body_typography-font-family);font-size: 20px;font-style: var(--body_typography-font-style,normal);font-weight: var(--body_typography-font-weight);letter-spacing: var(--body_typography-letter-spacing);text-align: justify\">Misas en conmemoraciones especiales.<\/span><br \/>\n<span style=\"color: #ffffff\">\u2605<\/span><span style=\"color: #ffffff;font-family: var(--body_typography-font-family);font-size: 20px;font-style: var(--body_typography-font-style,normal);font-weight: var(--body_typography-font-weight);letter-spacing: var(--body_typography-letter-spacing);text-align: justify\">Preparaci\u00f3n para la Primera Comuni\u00f3n.<\/span><\/p>\n<p><span style=\"font-size: 20px;color: #ffffff\" data-fusion-font=\"true\">Las generaciones van cambiando, pero los valores que se dan desde casa jam\u00e1s, siendo la escuela s\u00f3lo el apoyo y reforzadora de los ya aprendidos en Familia. <\/span><span style=\"color: #ffffff;font-family: var(--body_typography-font-family);font-size: 20px;font-style: var(--body_typography-font-style,normal);font-weight: var(--body_typography-font-weight);letter-spacing: var(--body_typography-letter-spacing);text-align: justify\"><br \/>\n<\/span><\/p>\n<\/div><\/div><\/div><\/div><\/div><div class=\"fusion-fullwidth fullwidth-box fusion-builder-row-2 fusion-flex-container nonhundred-percent-fullwidth non-hundred-percent-height-scrolling\" style=\"--awb-border-radius-top-left:0px;--awb-border-radius-top-right:0px;--awb-border-radius-bottom-right:0px;--awb-border-radius-bottom-left:0px;--awb-flex-wrap:wrap;\" ><div class=\"fusion-builder-row fusion-row fusion-flex-align-items-flex-start fusion-flex-content-wrap\" style=\"max-width:calc( 1100px + 0px );margin-left: calc(-0px \/ 2 );margin-right: calc(-0px \/ 2 );\"><div class=\"fusion-layout-column fusion_builder_column fusion-builder-column-1 fusion_builder_column_1_1 1_1 fusion-flex-column\" style=\"--awb-bg-size:cover;--awb-width-large:100%;--awb-margin-top-large:0px;--awb-spacing-right-large:0px;--awb-margin-bottom-large:20px;--awb-spacing-left-large:0px;--awb-width-medium:100%;--awb-spacing-right-medium:0px;--awb-spacing-left-medium:0px;--awb-width-small:100%;--awb-spacing-right-small:0px;--awb-spacing-left-small:0px;\"><div class=\"fusion-column-wrapper fusion-column-has-shadow fusion-flex-justify-content-flex-start fusion-content-layout-column\"><div class=\"fusion-sharing-box fusion-sharing-box-1 boxed-icons has-taglines layout-floated layout-medium-floated layout-small-floated\" style=\"background-color:#03a9f4;--awb-layout:row;--awb-alignment-small:space-between;\" data-title=\"Coordinaci\u00f3n de Pastoral\" data-description=\"San Juan Bautista de la Salle, patrono de las escuelas cristianas, tuvo la inspiraci\u00f3n de crear escuelas con una formaci\u00f3n religiosa, de valores firmes y vivenciales.\r\nLa Salle de Seglares, inspirada en los ideales de San Juan Bautista de la Salle, busca d\u00eda a d\u00eda una\" data-link=\"https:\/\/colegiolasalle.edu.mx\/primaria\/coordinacion-de-pastoral\/\"><h4 class=\"tagline\" style=\"color:#ffffff;\">!Comparte este art\u00edculo en tu red social preferida!<\/h4><div class=\"fusion-social-networks sharingbox-shortcode-icon-wrapper sharingbox-shortcode-icon-wrapper-1 boxed-icons\"><span><a href=\"https:\/\/www.facebook.com\/sharer.php?u=https%3A%2F%2Fcolegiolasalle.edu.mx%2Fprimaria%2Fcoordinacion-de-pastoral%2F&amp;t=Coordinaci%C3%B3n%20de%20Pastoral\" target=\"_blank\" rel=\"noreferrer\" title=\"Facebook\" aria-label=\"Facebook\" data-placement=\"top\" data-toggle=\"tooltip\" data-title=\"Facebook\"><i class=\"fusion-social-network-icon fusion-tooltip fusion-facebook awb-icon-facebook\" style=\"color:#ffffff;background-color:#3b5998;border-color:#3b5998;border-radius:4px;\" aria-hidden=\"true\"><\/i><\/a><\/span><span><a href=\"https:\/\/twitter.com\/share?text=Coordinaci%C3%B3n%20de%20Pastoral&amp;url=https%3A%2F%2Fcolegiolasalle.edu.mx%2Fprimaria%2Fcoordinacion-de-pastoral%2F\" target=\"_blank\" rel=\"noopener noreferrer\" title=\"Twitter\" aria-label=\"Twitter\" data-placement=\"top\" data-toggle=\"tooltip\" data-title=\"Twitter\"><i class=\"fusion-social-network-icon fusion-tooltip fusion-twitter awb-icon-twitter\" style=\"color:#ffffff;background-color:#000000;border-color:#000000;border-radius:4px;\" aria-hidden=\"true\"><\/i><\/a><\/span><span><a href=\"https:\/\/reddit.com\/submit?url=https%3A%2F%2Fcolegiolasalle.edu.mx%2Fprimaria%2Fcoordinacion-de-pastoral%2F&amp;title=Coordinaci%C3%B3n%20de%20Pastoral\" target=\"_blank\" rel=\"noopener noreferrer\" title=\"Reddit\" aria-label=\"Reddit\" data-placement=\"top\" data-toggle=\"tooltip\" data-title=\"Reddit\"><i class=\"fusion-social-network-icon fusion-tooltip fusion-reddit awb-icon-reddit\" style=\"color:#ffffff;background-color:#ff4500;border-color:#ff4500;border-radius:4px;\" aria-hidden=\"true\"><\/i><\/a><\/span><span><a href=\"https:\/\/www.linkedin.com\/shareArticle?mini=true&amp;url=https%3A%2F%2Fcolegiolasalle.edu.mx%2Fprimaria%2Fcoordinacion-de-pastoral%2F&amp;title=Coordinaci%C3%B3n%20de%20Pastoral&amp;summary=San%20Juan%20Bautista%20de%20la%20Salle%2C%20patrono%20de%20las%20escuelas%20cristianas%2C%20tuvo%20la%20inspiraci%C3%B3n%20de%20crear%20escuelas%20con%20una%20formaci%C3%B3n%20religiosa%2C%20de%20valores%20firmes%20y%20vivenciales.%0D%0ALa%20Salle%20de%20Seglares%2C%20inspirada%20en%20los%20ideales%20de%20San%20Juan%20Bautista%20de%20la%20Salle%2C%20busca%20d%C3%ADa%20a%20d%C3%ADa%20una\" target=\"_blank\" rel=\"noopener noreferrer\" title=\"LinkedIn\" aria-label=\"LinkedIn\" data-placement=\"top\" data-toggle=\"tooltip\" data-title=\"LinkedIn\"><i class=\"fusion-social-network-icon fusion-tooltip fusion-linkedin awb-icon-linkedin\" style=\"color:#ffffff;background-color:#0077b5;border-color:#0077b5;border-radius:4px;\" aria-hidden=\"true\"><\/i><\/a><\/span><span><a href=\"https:\/\/api.whatsapp.com\/send?text=https%3A%2F%2Fcolegiolasalle.edu.mx%2Fprimaria%2Fcoordinacion-de-pastoral%2F\" target=\"_blank\" rel=\"noopener noreferrer\" title=\"WhatsApp\" aria-label=\"WhatsApp\" data-placement=\"top\" data-toggle=\"tooltip\" data-title=\"WhatsApp\"><i class=\"fusion-social-network-icon fusion-tooltip fusion-whatsapp awb-icon-whatsapp\" style=\"color:#ffffff;background-color:#77e878;border-color:#77e878;border-radius:4px;\" aria-hidden=\"true\"><\/i><\/a><\/span><span><a href=\"https:\/\/t.me\/share\/url?url=https%3A%2F%2Fcolegiolasalle.edu.mx%2Fprimaria%2Fcoordinacion-de-pastoral%2F&amp;text=Coordinaci%C3%B3n%20de%20Pastoral\" target=\"_blank\" rel=\"noopener noreferrer\" title=\"Telegram\" aria-label=\"Telegram\" data-placement=\"top\" data-toggle=\"tooltip\" data-title=\"Telegram\"><i class=\"fusion-social-network-icon fusion-tooltip fusion-telegram awb-icon-telegram\" style=\"color:#ffffff;background-color:#0088cc;border-color:#0088cc;border-radius:4px;\" aria-hidden=\"true\"><\/i><\/a><\/span><span><a href=\"https:\/\/www.tumblr.com\/share\/link?url=https%3A%2F%2Fcolegiolasalle.edu.mx%2Fprimaria%2Fcoordinacion-de-pastoral%2F&amp;name=Coordinaci%C3%B3n%20de%20Pastoral&amp;description=San%20Juan%20Bautista%20de%20la%20Salle%2C%20patrono%20de%20las%20escuelas%20cristianas%2C%20tuvo%20la%20inspiraci%C3%B3n%20de%20crear%20escuelas%20con%20una%20formaci%C3%B3n%20religiosa%2C%20de%20valores%20firmes%20y%20vivenciales.%0D%0ALa%20Salle%20de%20Seglares%2C%20inspirada%20en%20los%20ideales%20de%20San%20Juan%20Bautista%20de%20la%20Salle%2C%20busca%20d%C3%ADa%20a%20d%C3%ADa%20una\" target=\"_blank\" rel=\"noopener noreferrer\" title=\"Tumblr\" aria-label=\"Tumblr\" data-placement=\"top\" data-toggle=\"tooltip\" data-title=\"Tumblr\"><i class=\"fusion-social-network-icon fusion-tooltip fusion-tumblr awb-icon-tumblr\" style=\"color:#ffffff;background-color:#35465c;border-color:#35465c;border-radius:4px;\" aria-hidden=\"true\"><\/i><\/a><\/span><span><a href=\"https:\/\/pinterest.com\/pin\/create\/button\/?url=https%3A%2F%2Fcolegiolasalle.edu.mx%2Fprimaria%2Fcoordinacion-de-pastoral%2F&amp;description=San%20Juan%20Bautista%20de%20la%20Salle%2C%20patrono%20de%20las%20escuelas%20cristianas%2C%20tuvo%20la%20inspiraci%C3%B3n%20de%20crear%20escuelas%20con%20una%20formaci%C3%B3n%20religiosa%2C%20de%20valores%20firmes%20y%20vivenciales.%0D%0ALa%20Salle%20de%20Seglares%2C%20inspirada%20en%20los%20ideales%20de%20San%20Juan%20Bautista%20de%20la%20Salle%2C%20busca%20d%C3%ADa%20a%20d%C3%ADa%20una&amp;media=\" target=\"_blank\" rel=\"noopener noreferrer\" title=\"Pinterest\" aria-label=\"Pinterest\" data-placement=\"top\" data-toggle=\"tooltip\" data-title=\"Pinterest\"><i class=\"fusion-social-network-icon fusion-tooltip fusion-pinterest awb-icon-pinterest\" style=\"color:#ffffff;background-color:#bd081c;border-color:#bd081c;border-radius:4px;\" aria-hidden=\"true\"><\/i><\/a><\/span><span><a href=\"https:\/\/vkontakte.ru\/share.php?url=https%3A%2F%2Fcolegiolasalle.edu.mx%2Fprimaria%2Fcoordinacion-de-pastoral%2F&amp;title=Coordinaci%C3%B3n%20de%20Pastoral&amp;description=San%20Juan%20Bautista%20de%20la%20Salle%2C%20patrono%20de%20las%20escuelas%20cristianas%2C%20tuvo%20la%20inspiraci%C3%B3n%20de%20crear%20escuelas%20con%20una%20formaci%C3%B3n%20religiosa%2C%20de%20valores%20firmes%20y%20vivenciales.%0D%0ALa%20Salle%20de%20Seglares%2C%20inspirada%20en%20los%20ideales%20de%20San%20Juan%20Bautista%20de%20la%20Salle%2C%20busca%20d%C3%ADa%20a%20d%C3%ADa%20una\" target=\"_blank\" rel=\"noopener noreferrer\" title=\"Vk\" aria-label=\"Vk\" data-placement=\"top\" data-toggle=\"tooltip\" data-title=\"Vk\"><i class=\"fusion-social-network-icon fusion-tooltip fusion-vk awb-icon-vk\" style=\"color:#ffffff;background-color:#45668e;border-color:#45668e;border-radius:4px;\" aria-hidden=\"true\"><\/i><\/a><\/span><span><a href=\"https:\/\/www.xing.com\/social_plugins\/share\/new?sc_p=xing-share&amp;h=1&amp;url=https%3A%2F%2Fcolegiolasalle.edu.mx%2Fprimaria%2Fcoordinacion-de-pastoral%2F\" target=\"_blank\" rel=\"noopener noreferrer\" title=\"Xing\" aria-label=\"Xing\" data-placement=\"top\" data-toggle=\"tooltip\" data-title=\"Xing\"><i class=\"fusion-social-network-icon fusion-tooltip fusion-xing awb-icon-xing\" style=\"color:#ffffff;background-color:#026466;border-color:#026466;border-radius:4px;\" aria-hidden=\"true\"><\/i><\/a><\/span><span><a href=\"mailto:?subject=Coordinaci%C3%B3n%20de%20Pastoral&amp;body=https%3A%2F%2Fcolegiolasalle.edu.mx%2Fprimaria%2Fcoordinacion-de-pastoral%2F\" target=\"_self\" title=\"Email\" aria-label=\"Email\" data-placement=\"top\" data-toggle=\"tooltip\" data-title=\"Email\"><i class=\"fusion-social-network-icon fusion-tooltip fusion-mail awb-icon-mail\" style=\"color:#ffffff;background-color:#000000;border-color:#000000;border-radius:4px;\" aria-hidden=\"true\"><\/i><\/a><\/span><\/div><\/div><\/div><\/div><\/div><\/div><\/p>\n","protected":false},"excerpt":{"rendered":"","protected":false},"author":1,"featured_media":0,"parent":0,"menu_order":0,"comment_status":"closed","ping_status":"closed","template":"100-width.php","meta":{"footnotes":""},"class_list":["post-458","page","type-page","status-publish","hentry"],"yoast_head":"<!-- This site is optimized with the Yoast SEO Premium plugin v21.8 (Yoast SEO v25.6) - https:\/\/yoast.com\/wordpress\/plugins\/seo\/ -->\n<title>Coordinaci\u00f3n de Pastoral - Colegio La Salle de seglares PRIMARIA<\/title>\n<meta name=\"robots\" content=\"index, follow, max-snippet:-1, max-image-preview:large, max-video-preview:-1\" \/>\n<link rel=\"canonical\" href=\"https:\/\/colegiolasalle.edu.mx\/primaria\/coordinacion-de-pastoral\/\" \/>\n<meta property=\"og:locale\" content=\"es_MX\" \/>\n<meta property=\"og:type\" content=\"article\" \/>\n<meta property=\"og:title\" content=\"Coordinaci\u00f3n de Pastoral\" \/>\n<meta property=\"og:url\" content=\"https:\/\/colegiolasalle.edu.mx\/primaria\/coordinacion-de-pastoral\/\" \/>\n<meta property=\"og:site_name\" content=\"Colegio La Salle de seglares PRIMARIA\" \/>\n<meta property=\"article:modified_time\" content=\"2024-01-24T18:59:19+00:00\" \/>\n<meta name=\"twitter:card\" content=\"summary_large_image\" \/>\n<meta name=\"twitter:label1\" content=\"Tiempo de lectura\" \/>\n\t<meta name=\"twitter:data1\" content=\"4 minutos\" \/>\n<script type=\"application\/ld+json\" class=\"yoast-schema-graph\">{\"@context\":\"https:\/\/schema.org\",\"@graph\":[{\"@type\":\"WebPage\",\"@id\":\"https:\/\/colegiolasalle.edu.mx\/primaria\/coordinacion-de-pastoral\/\",\"url\":\"https:\/\/colegiolasalle.edu.mx\/primaria\/coordinacion-de-pastoral\/\",\"name\":\"Coordinaci\u00f3n de Pastoral - Colegio La Salle de seglares PRIMARIA\",\"isPartOf\":{\"@id\":\"https:\/\/colegiolasalle.edu.mx\/primaria\/#website\"},\"datePublished\":\"2020-02-07T19:27:31+00:00\",\"dateModified\":\"2024-01-24T18:59:19+00:00\",\"breadcrumb\":{\"@id\":\"https:\/\/colegiolasalle.edu.mx\/primaria\/coordinacion-de-pastoral\/#breadcrumb\"},\"inLanguage\":\"es\",\"potentialAction\":[{\"@type\":\"ReadAction\",\"target\":[\"https:\/\/colegiolasalle.edu.mx\/primaria\/coordinacion-de-pastoral\/\"]}]},{\"@type\":\"BreadcrumbList\",\"@id\":\"https:\/\/colegiolasalle.edu.mx\/primaria\/coordinacion-de-pastoral\/#breadcrumb\",\"itemListElement\":[{\"@type\":\"ListItem\",\"position\":1,\"name\":\"Home\",\"item\":\"https:\/\/colegiolasalle.edu.mx\/primaria\/\"},{\"@type\":\"ListItem\",\"position\":2,\"name\":\"Coordinaci\u00f3n de Pastoral\"}]},{\"@type\":\"WebSite\",\"@id\":\"https:\/\/colegiolasalle.edu.mx\/primaria\/#website\",\"url\":\"https:\/\/colegiolasalle.edu.mx\/primaria\/\",\"name\":\"Colegio La Salle de seglares PRIMARIA\",\"description\":\"\",\"potentialAction\":[{\"@type\":\"SearchAction\",\"target\":{\"@type\":\"EntryPoint\",\"urlTemplate\":\"https:\/\/colegiolasalle.edu.mx\/primaria\/?s={search_term_string}\"},\"query-input\":{\"@type\":\"PropertyValueSpecification\",\"valueRequired\":true,\"valueName\":\"search_term_string\"}}],\"inLanguage\":\"es\"}]}<\/script>\n<!-- \/ Yoast SEO Premium plugin. -->","yoast_head_json":{"title":"Coordinaci\u00f3n de Pastoral - Colegio La Salle de seglares PRIMARIA","robots":{"index":"index","follow":"follow","max-snippet":"max-snippet:-1","max-image-preview":"max-image-preview:large","max-video-preview":"max-video-preview:-1"},"canonical":"https:\/\/colegiolasalle.edu.mx\/primaria\/coordinacion-de-pastoral\/","og_locale":"es_MX","og_type":"article","og_title":"Coordinaci\u00f3n de Pastoral","og_url":"https:\/\/colegiolasalle.edu.mx\/primaria\/coordinacion-de-pastoral\/","og_site_name":"Colegio La Salle de seglares PRIMARIA","article_modified_time":"2024-01-24T18:59:19+00:00","twitter_card":"summary_large_image","twitter_misc":{"Tiempo de lectura":"4 minutos"},"schema":{"@context":"https:\/\/schema.org","@graph":[{"@type":"WebPage","@id":"https:\/\/colegiolasalle.edu.mx\/primaria\/coordinacion-de-pastoral\/","url":"https:\/\/colegiolasalle.edu.mx\/primaria\/coordinacion-de-pastoral\/","name":"Coordinaci\u00f3n de Pastoral - Colegio La Salle de seglares PRIMARIA","isPartOf":{"@id":"https:\/\/colegiolasalle.edu.mx\/primaria\/#website"},"datePublished":"2020-02-07T19:27:31+00:00","dateModified":"2024-01-24T18:59:19+00:00","breadcrumb":{"@id":"https:\/\/colegiolasalle.edu.mx\/primaria\/coordinacion-de-pastoral\/#breadcrumb"},"inLanguage":"es","potentialAction":[{"@type":"ReadAction","target":["https:\/\/colegiolasalle.edu.mx\/primaria\/coordinacion-de-pastoral\/"]}]},{"@type":"BreadcrumbList","@id":"https:\/\/colegiolasalle.edu.mx\/primaria\/coordinacion-de-pastoral\/#breadcrumb","itemListElement":[{"@type":"ListItem","position":1,"name":"Home","item":"https:\/\/colegiolasalle.edu.mx\/primaria\/"},{"@type":"ListItem","position":2,"name":"Coordinaci\u00f3n de Pastoral"}]},{"@type":"WebSite","@id":"https:\/\/colegiolasalle.edu.mx\/primaria\/#website","url":"https:\/\/colegiolasalle.edu.mx\/primaria\/","name":"Colegio La Salle de seglares PRIMARIA","description":"","potentialAction":[{"@type":"SearchAction","target":{"@type":"EntryPoint","urlTemplate":"https:\/\/colegiolasalle.edu.mx\/primaria\/?s={search_term_string}"},"query-input":{"@type":"PropertyValueSpecification","valueRequired":true,"valueName":"search_term_string"}}],"inLanguage":"es"}]}},"_links":{"self":[{"href":"https:\/\/colegiolasalle.edu.mx\/primaria\/wp-json\/wp\/v2\/pages\/458","targetHints":{"allow":["GET"]}}],"collection":[{"href":"https:\/\/colegiolasalle.edu.mx\/primaria\/wp-json\/wp\/v2\/pages"}],"about":[{"href":"https:\/\/colegiolasalle.edu.mx\/primaria\/wp-json\/wp\/v2\/types\/page"}],"author":[{"embeddable":true,"href":"https:\/\/colegiolasalle.edu.mx\/primaria\/wp-json\/wp\/v2\/users\/1"}],"replies":[{"embeddable":true,"href":"https:\/\/colegiolasalle.edu.mx\/primaria\/wp-json\/wp\/v2\/comments?post=458"}],"version-history":[{"count":1,"href":"https:\/\/colegiolasalle.edu.mx\/primaria\/wp-json\/wp\/v2\/pages\/458\/revisions"}],"predecessor-version":[{"id":2382,"href":"https:\/\/colegiolasalle.edu.mx\/primaria\/wp-json\/wp\/v2\/pages\/458\/revisions\/2382"}],"wp:attachment":[{"href":"https:\/\/colegiolasalle.edu.mx\/primaria\/wp-json\/wp\/v2\/media?parent=458"}],"curies":[{"name":"wp","href":"https:\/\/api.w.org\/{rel}","templated":true}]}}