{"id":22,"date":"2020-01-24T18:53:46","date_gmt":"2020-01-24T18:53:46","guid":{"rendered":"http:\/\/www.colegiolasalle.edu.mx\/primaria\/?page_id=22"},"modified":"2024-01-24T20:12:37","modified_gmt":"2024-01-24T20:12:37","slug":"coro","status":"publish","type":"page","link":"https:\/\/colegiolasalle.edu.mx\/primaria\/coro\/","title":{"rendered":"Coro"},"content":{"rendered":"<p><div class=\"fusion-fullwidth fullwidth-box fusion-builder-row-1 fusion-flex-container fusion-parallax-none nonhundred-percent-fullwidth non-hundred-percent-height-scrolling\" style=\"--awb-background-position:left center;--awb-border-radius-top-left:0px;--awb-border-radius-top-right:0px;--awb-border-radius-bottom-right:0px;--awb-border-radius-bottom-left:0px;--awb-padding-top:152px;--awb-padding-right:19px;--awb-padding-bottom:152px;--awb-padding-left:15px;--awb-background-image:url(&quot;https:\/\/colegiolasalle.edu.mx\/secundaria\/wp-content\/uploads\/2020\/02\/IMG_8358-1200x800.jpg&quot;);--awb-background-size:cover;--awb-flex-wrap:wrap;\" ><div class=\"fusion-builder-row fusion-row fusion-flex-align-items-flex-start fusion-flex-content-wrap\" style=\"max-width:calc( 1100px + 0px );margin-left: calc(-0px \/ 2 );margin-right: calc(-0px \/ 2 );\"><div class=\"fusion-layout-column fusion_builder_column fusion-builder-column-0 fusion_builder_column_1_1 1_1 fusion-flex-column\" style=\"--awb-bg-color:rgba(0,76,170,0.6);--awb-bg-color-hover:rgba(0,76,170,0.6);--awb-bg-size:cover;--awb-width-large:100%;--awb-margin-top-large:0px;--awb-spacing-right-large:0px;--awb-margin-bottom-large:0px;--awb-spacing-left-large:0px;--awb-width-medium:100%;--awb-spacing-right-medium:0px;--awb-spacing-left-medium:0px;--awb-width-small:100%;--awb-spacing-right-small:0px;--awb-spacing-left-small:0px;\"><div class=\"fusion-column-wrapper fusion-column-has-shadow fusion-flex-justify-content-flex-start fusion-content-layout-column\"><div class=\"fusion-text fusion-text-1\"><h1 style=\"text-align: center\"><b style=\"font-size: 45px\" data-fusion-font=\"true\">Deportes<\/b><\/h1>\n<\/div><\/div><\/div><\/div><\/div><div class=\"fusion-fullwidth fullwidth-box fusion-builder-row-2 fusion-flex-container nonhundred-percent-fullwidth non-hundred-percent-height-scrolling\" style=\"--awb-border-radius-top-left:0px;--awb-border-radius-top-right:0px;--awb-border-radius-bottom-right:0px;--awb-border-radius-bottom-left:0px;--awb-flex-wrap:wrap;\" ><div class=\"fusion-builder-row fusion-row fusion-flex-align-items-flex-start fusion-flex-content-wrap\" style=\"max-width:calc( 1100px + 0px );margin-left: calc(-0px \/ 2 );margin-right: calc(-0px \/ 2 );\"><div class=\"fusion-layout-column fusion_builder_column fusion-builder-column-1 fusion_builder_column_1_1 1_1 fusion-flex-column\" style=\"--awb-padding-top:30px;--awb-padding-right:50px;--awb-padding-bottom:30px;--awb-padding-left:50px;--awb-overflow:hidden;--awb-bg-color:#dbaa56;--awb-bg-color-hover:#dbaa56;--awb-bg-size:cover;--awb-box-shadow:20px 20px 24px -3px ;;--awb-border-radius:20px 20px 20px 20px;--awb-width-large:100%;--awb-margin-top-large:31px;--awb-spacing-right-large:0px;--awb-margin-bottom-large:20px;--awb-spacing-left-large:0px;--awb-width-medium:100%;--awb-spacing-right-medium:0px;--awb-spacing-left-medium:0px;--awb-width-small:100%;--awb-spacing-right-small:0px;--awb-spacing-left-small:0px;\"><div class=\"fusion-column-wrapper fusion-column-has-shadow fusion-flex-justify-content-flex-start fusion-content-layout-column\"><div class=\"fusion-text fusion-text-2\" style=\"--awb-font-size:20px;\"><p data-fusion-font=\"true\" style=\"text-align: justify; font-size: 20px;\"><span style=\"color: rgb(255, 255, 255); font-size: 25px;\" data-fusion-font=\"true\">Educaci\u00f3n f\u00edsica en la educaci\u00f3n b\u00e1sica<\/span><\/p>\n<p data-fusion-font=\"true\" style=\"text-align: justify; font-size: 20px;\"><span style=\"color: #ffffff;\">La Educaci\u00f3n F\u00edsica es una forma de intervenci\u00f3n pedag\u00f3gica que contribuye a la formaci\u00f3n integral de ni\u00f1as, ni\u00f1os y adolescentes al desarrollar su motricidad e integrar su corporeidad. Para lograrlo, motiva la realizaci\u00f3n de diversas acciones motrices, en un proceso din\u00e1mico y reflexivo, a partir de estrategias did\u00e1cticas que se derivan del juego motor, como la expresi\u00f3n corporal, la iniciaci\u00f3n deportiva y el deporte educativo, entre otras. Constituye en la escuela el espacio curricular que moviliza el cuerpo (corporeidad y motricidad) y permite fomentar el gusto por la actividad f\u00edsica. Al ser un \u00e1rea eminentemente pr\u00e1ctica brinda aprendizajes y experiencias para reconocer, aceptar y cuidar el cuerpo; explorar y vivenciar las capacidades, habilidades y destrezas; proponer y solucionar problemas motores; emplear el potencial creativo y el pensamiento estrat\u00e9gico; asumir valores y actitudes asertivas; promover el juego limpio; establecer ambientes de convivencia sanos y pac\u00edficos; y adquirir estilos de vida activos y saludables, los cuales representan aspectos que influyen en la vida cotidiana de los estudiantes.<\/span><\/p>\n<p data-fusion-font=\"true\" style=\"text-align: justify; font-size: 20px;\"><span style=\"color: #ffffff;\">La finalidad formativa de la Educaci\u00f3n F\u00edsica en el contexto escolar es la edificaci\u00f3n de la competencia motriz por medio del desarrollo de la motricidad, la integraci\u00f3n de la corporeidad, y la creatividad en la acci\u00f3n motriz.<\/span><\/p>\n<\/div><\/div><\/div><div class=\"fusion-layout-column fusion_builder_column fusion-builder-column-2 fusion_builder_column_1_1 1_1 fusion-flex-column\" style=\"--awb-padding-top:63px;--awb-padding-right:50px;--awb-padding-bottom:73px;--awb-padding-left:50px;--awb-overflow:hidden;--awb-bg-color:#295a8f;--awb-bg-color-hover:#295a8f;--awb-bg-size:cover;--awb-box-shadow:20px 20px 24px -3px ;;--awb-border-radius:20px 20px 20px 20px;--awb-width-large:100%;--awb-margin-top-large:0px;--awb-spacing-right-large:0px;--awb-margin-bottom-large:20px;--awb-spacing-left-large:0px;--awb-width-medium:100%;--awb-spacing-right-medium:0px;--awb-spacing-left-medium:0px;--awb-width-small:100%;--awb-spacing-right-small:0px;--awb-spacing-left-small:0px;\"><div class=\"fusion-column-wrapper fusion-column-has-shadow fusion-flex-justify-content-flex-start fusion-content-layout-column\"><div class=\"fusion-text fusion-text-3\" style=\"--awb-font-size:20px;\"><p style=\"text-align: justify; font-size: 20px;\" data-fusion-font=\"true\"><span style=\"color: rgb(255, 255, 255); font-size: 25px;\" data-fusion-font=\"true\">Prop\u00f3sitos para la educaci\u00f3n secundaria<\/span><\/p>\n<p style=\"text-align: justify; font-size: 20px;\" data-fusion-font=\"true\"><span style=\"color: #ffffff;\">1. Valorar y emplear sus habilidades y destrezas motrices al participar en juegos, actividades de iniciaci\u00f3n deportiva y deporte educativo.<\/span><\/p>\n<p style=\"text-align: justify; font-size: 20px;\" data-fusion-font=\"true\"><span style=\"color: #ffffff;\">2. Descubrir y fortalecer el conocimiento, el cuidado y la aceptaci\u00f3n de s\u00ed al participar en situaciones motrices y de expresi\u00f3n corporal en las que interact\u00faan con los dem\u00e1s.<\/span><\/p>\n<p style=\"text-align: justify; font-size: 20px;\" data-fusion-font=\"true\"><span style=\"color: #ffffff;\">3. Analizar y evaluar su actuaci\u00f3n estrat\u00e9gica en distintas situaciones de juego, iniciaci\u00f3n deportiva y deporte educativo.<\/span><\/p>\n<p style=\"text-align: justify; font-size: 20px;\" data-fusion-font=\"true\"><span style=\"color: #ffffff;\">4. Proponer y seleccionar alternativas vinculadas con el aprovechamiento del tiempo libre por medio de actividades f\u00edsicas y recreativas para asumir estilos de vida saludables.<\/span><\/p>\n<p style=\"text-align: justify; font-size: 20px;\" data-fusion-font=\"true\"><span style=\"color: #ffffff;\">5. Promover y elegir actitudes asertivas y valores que permitan manejar y resolver los conflictos de manera pac\u00edfica mediante la toma de acuerdos en juegos, actividades de iniciaci\u00f3n deportiva y el deporte educativo.<\/span><\/p>\n<p style=\"text-align: justify;\">\n<\/div><div class=\"fusion-video fusion-youtube\" style=\"--awb-max-width:980px;--awb-max-height:551px;--awb-align-self:center;--awb-width:100%;\"><div class=\"video-shortcode\"><div class=\"fluid-width-video-wrapper\" style=\"padding-top:56.22%;\" ><iframe title=\"YouTube video player 1\" src=\"https:\/\/www.youtube.com\/embed\/fPmO7MIuE1E?wmode=transparent&autoplay=0\" width=\"980\" height=\"551\" allowfullscreen allow=\"autoplay; fullscreen\"><\/iframe><\/div><\/div><\/div><\/div><\/div><\/div><\/div><div class=\"fusion-fullwidth fullwidth-box fusion-builder-row-3 fusion-flex-container nonhundred-percent-fullwidth non-hundred-percent-height-scrolling\" style=\"--awb-border-radius-top-left:0px;--awb-border-radius-top-right:0px;--awb-border-radius-bottom-right:0px;--awb-border-radius-bottom-left:0px;--awb-flex-wrap:wrap;\" ><div class=\"fusion-builder-row fusion-row fusion-flex-align-items-flex-start fusion-flex-content-wrap\" style=\"max-width:calc( 1100px + 0px );margin-left: calc(-0px \/ 2 );margin-right: calc(-0px \/ 2 );\"><div class=\"fusion-layout-column fusion_builder_column fusion-builder-column-3 fusion_builder_column_3_4 3_4 fusion-flex-column\" style=\"--awb-padding-top:43px;--awb-padding-right:51px;--awb-padding-bottom:73px;--awb-padding-left:50px;--awb-overflow:hidden;--awb-bg-color:#f73d00;--awb-bg-color-hover:#f73d00;--awb-bg-size:cover;--awb-box-shadow:20px 20px 24px -3px ;;--awb-border-radius:20px 20px 20px 20px;--awb-width-large:75%;--awb-margin-top-large:0px;--awb-spacing-right-large:0px;--awb-margin-bottom-large:20px;--awb-spacing-left-large:0px;--awb-width-medium:75%;--awb-spacing-right-medium:0px;--awb-spacing-left-medium:0px;--awb-width-small:100%;--awb-spacing-right-small:0px;--awb-spacing-left-small:0px;\"><div class=\"fusion-column-wrapper fusion-column-has-shadow fusion-flex-justify-content-center fusion-content-layout-column\"><div class=\"fusion-text fusion-text-4\" style=\"--awb-font-size:20px;\"><p style=\"font-size: 20px;\" data-fusion-font=\"true\"><span style=\"color: rgb(255, 255, 255); font-size: 25px;\" data-fusion-font=\"true\">Prop\u00f3sitos generales<\/span><\/p>\n<p style=\"font-size: 20px;\" data-fusion-font=\"true\"><span style=\"color: #ffffff;\">1. Desarrollar su motricidad mediante la exploraci\u00f3n y ajuste de sus capacidades, habilidades y destrezas al otorgar sentido, significado e intenci\u00f3n a sus acciones y compartirlas con los dem\u00e1s, para aplicarlas y vincularlas con su vida cotidiana.<\/span><\/p>\n<p style=\"font-size: 20px;\" data-fusion-font=\"true\"><span style=\"color: #ffffff;\">2. Integrar su corporeidad a partir del conocimiento de s\u00ed y su aceptaci\u00f3n, y utilizar la expresividad y el juego motor para mejorar su disponibilidad corporal.<\/span><\/p>\n<p style=\"font-size: 20px;\" data-fusion-font=\"true\"><span style=\"color: #ffffff;\">3. Emplear su creatividad para solucionar de manera estrat\u00e9gica situaciones que se presentan en el juego, establecer formas de interacci\u00f3n motriz y convivencia con los dem\u00e1s, y fomentar el respeto por las normas y reglas.<\/span><\/p>\n<p style=\"font-size: 20px;\" data-fusion-font=\"true\"><span style=\"color: #ffffff;\">4. Asumir estilos de vida saludables por medio de la actividad f\u00edsica, el juego, la iniciaci\u00f3n deportiva y el deporte educativo.<\/span><\/p>\n<p style=\"font-size: 20px;\" data-fusion-font=\"true\"><span style=\"color: #ffffff;\">5. Valorar la diversidad a partir de las diferentes manifestaciones de la motricidad para favorecer el respeto a la multiculturalidad e interculturalidad.<\/span><\/p>\n<\/div><\/div><\/div><\/div><\/div><div class=\"fusion-fullwidth fullwidth-box fusion-builder-row-4 fusion-flex-container nonhundred-percent-fullwidth non-hundred-percent-height-scrolling\" style=\"--awb-border-radius-top-left:0px;--awb-border-radius-top-right:0px;--awb-border-radius-bottom-right:0px;--awb-border-radius-bottom-left:0px;--awb-flex-wrap:wrap;\" ><div class=\"fusion-builder-row fusion-row fusion-flex-align-items-flex-start fusion-flex-content-wrap\" style=\"max-width:calc( 1100px + 0px );margin-left: calc(-0px \/ 2 );margin-right: calc(-0px \/ 2 );\"><div class=\"fusion-layout-column fusion_builder_column fusion-builder-column-4 fusion_builder_column_1_1 1_1 fusion-flex-column\" style=\"--awb-bg-size:cover;--awb-width-large:100%;--awb-margin-top-large:0px;--awb-spacing-right-large:0px;--awb-margin-bottom-large:20px;--awb-spacing-left-large:0px;--awb-width-medium:100%;--awb-spacing-right-medium:0px;--awb-spacing-left-medium:0px;--awb-width-small:100%;--awb-spacing-right-small:0px;--awb-spacing-left-small:0px;\"><div class=\"fusion-column-wrapper fusion-column-has-shadow fusion-flex-justify-content-flex-start fusion-content-layout-column\"><div class=\"fusion-sharing-box fusion-sharing-box-1 boxed-icons has-taglines layout-floated layout-medium-floated layout-small-floated\" style=\"background-color:#03a9f4;--awb-layout:row;--awb-alignment-small:space-between;\" data-title=\"Coro\" data-description=\"Deportes  Educaci\u00f3n f\u00edsica en la educaci\u00f3n b\u00e1sica\nLa Educaci\u00f3n F\u00edsica es una forma de intervenci\u00f3n pedag\u00f3gica que contribuye a la formaci\u00f3n integral de ni\u00f1as, ni\u00f1os y adolescentes al desarrollar\" data-link=\"https:\/\/colegiolasalle.edu.mx\/primaria\/coro\/\"><h4 class=\"tagline\" style=\"color:#ffffff;\">!Comparte este art\u00edculo en tu red social preferida!<\/h4><div class=\"fusion-social-networks sharingbox-shortcode-icon-wrapper sharingbox-shortcode-icon-wrapper-1 boxed-icons\"><span><a href=\"https:\/\/www.facebook.com\/sharer.php?u=https%3A%2F%2Fcolegiolasalle.edu.mx%2Fprimaria%2Fcoro%2F&amp;t=Coro\" target=\"_blank\" rel=\"noreferrer\" title=\"Facebook\" aria-label=\"Facebook\" data-placement=\"top\" data-toggle=\"tooltip\" data-title=\"Facebook\"><i class=\"fusion-social-network-icon fusion-tooltip fusion-facebook awb-icon-facebook\" style=\"color:#ffffff;background-color:#3b5998;border-color:#3b5998;border-radius:4px;\" aria-hidden=\"true\"><\/i><\/a><\/span><span><a href=\"https:\/\/twitter.com\/share?text=Coro&amp;url=https%3A%2F%2Fcolegiolasalle.edu.mx%2Fprimaria%2Fcoro%2F\" target=\"_blank\" rel=\"noopener noreferrer\" title=\"Twitter\" aria-label=\"Twitter\" data-placement=\"top\" data-toggle=\"tooltip\" data-title=\"Twitter\"><i class=\"fusion-social-network-icon fusion-tooltip fusion-twitter awb-icon-twitter\" style=\"color:#ffffff;background-color:#000000;border-color:#000000;border-radius:4px;\" aria-hidden=\"true\"><\/i><\/a><\/span><span><a href=\"https:\/\/reddit.com\/submit?url=https%3A%2F%2Fcolegiolasalle.edu.mx%2Fprimaria%2Fcoro%2F&amp;title=Coro\" target=\"_blank\" rel=\"noopener noreferrer\" title=\"Reddit\" aria-label=\"Reddit\" data-placement=\"top\" data-toggle=\"tooltip\" data-title=\"Reddit\"><i class=\"fusion-social-network-icon fusion-tooltip fusion-reddit awb-icon-reddit\" style=\"color:#ffffff;background-color:#ff4500;border-color:#ff4500;border-radius:4px;\" aria-hidden=\"true\"><\/i><\/a><\/span><span><a href=\"https:\/\/www.linkedin.com\/shareArticle?mini=true&amp;url=https%3A%2F%2Fcolegiolasalle.edu.mx%2Fprimaria%2Fcoro%2F&amp;title=Coro&amp;summary=Deportes%20%20%20%20Educaci%C3%B3n%20f%C3%ADsica%20en%20la%20educaci%C3%B3n%20b%C3%A1sica%0ALa%20Educaci%C3%B3n%20F%C3%ADsica%20es%20una%20forma%20de%20intervenci%C3%B3n%20pedag%C3%B3gica%20que%20contribuye%20a%20la%20formaci%C3%B3n%20integral%20de%20ni%C3%B1as%2C%20ni%C3%B1os%20y%20adolescentes%20al%20desarrollar\" target=\"_blank\" rel=\"noopener noreferrer\" title=\"LinkedIn\" aria-label=\"LinkedIn\" data-placement=\"top\" data-toggle=\"tooltip\" data-title=\"LinkedIn\"><i class=\"fusion-social-network-icon fusion-tooltip fusion-linkedin awb-icon-linkedin\" style=\"color:#ffffff;background-color:#0077b5;border-color:#0077b5;border-radius:4px;\" aria-hidden=\"true\"><\/i><\/a><\/span><span><a href=\"https:\/\/api.whatsapp.com\/send?text=https%3A%2F%2Fcolegiolasalle.edu.mx%2Fprimaria%2Fcoro%2F\" target=\"_blank\" rel=\"noopener noreferrer\" title=\"WhatsApp\" aria-label=\"WhatsApp\" data-placement=\"top\" data-toggle=\"tooltip\" data-title=\"WhatsApp\"><i class=\"fusion-social-network-icon fusion-tooltip fusion-whatsapp awb-icon-whatsapp\" style=\"color:#ffffff;background-color:#77e878;border-color:#77e878;border-radius:4px;\" aria-hidden=\"true\"><\/i><\/a><\/span><span><a href=\"https:\/\/t.me\/share\/url?url=https%3A%2F%2Fcolegiolasalle.edu.mx%2Fprimaria%2Fcoro%2F&amp;text=Coro\" target=\"_blank\" rel=\"noopener noreferrer\" title=\"Telegram\" aria-label=\"Telegram\" data-placement=\"top\" data-toggle=\"tooltip\" data-title=\"Telegram\"><i class=\"fusion-social-network-icon fusion-tooltip fusion-telegram awb-icon-telegram\" style=\"color:#ffffff;background-color:#0088cc;border-color:#0088cc;border-radius:4px;\" aria-hidden=\"true\"><\/i><\/a><\/span><span><a href=\"https:\/\/www.tumblr.com\/share\/link?url=https%3A%2F%2Fcolegiolasalle.edu.mx%2Fprimaria%2Fcoro%2F&amp;name=Coro&amp;description=Deportes%20%20%20%20Educaci%C3%B3n%20f%C3%ADsica%20en%20la%20educaci%C3%B3n%20b%C3%A1sica%0ALa%20Educaci%C3%B3n%20F%C3%ADsica%20es%20una%20forma%20de%20intervenci%C3%B3n%20pedag%C3%B3gica%20que%20contribuye%20a%20la%20formaci%C3%B3n%20integral%20de%20ni%C3%B1as%2C%20ni%C3%B1os%20y%20adolescentes%20al%20desarrollar\" target=\"_blank\" rel=\"noopener noreferrer\" title=\"Tumblr\" aria-label=\"Tumblr\" data-placement=\"top\" data-toggle=\"tooltip\" data-title=\"Tumblr\"><i class=\"fusion-social-network-icon fusion-tooltip fusion-tumblr awb-icon-tumblr\" style=\"color:#ffffff;background-color:#35465c;border-color:#35465c;border-radius:4px;\" aria-hidden=\"true\"><\/i><\/a><\/span><span><a href=\"https:\/\/pinterest.com\/pin\/create\/button\/?url=https%3A%2F%2Fcolegiolasalle.edu.mx%2Fprimaria%2Fcoro%2F&amp;description=Deportes%20%20%20%20Educaci%C3%B3n%20f%C3%ADsica%20en%20la%20educaci%C3%B3n%20b%C3%A1sica%0ALa%20Educaci%C3%B3n%20F%C3%ADsica%20es%20una%20forma%20de%20intervenci%C3%B3n%20pedag%C3%B3gica%20que%20contribuye%20a%20la%20formaci%C3%B3n%20integral%20de%20ni%C3%B1as%2C%20ni%C3%B1os%20y%20adolescentes%20al%20desarrollar&amp;media=\" target=\"_blank\" rel=\"noopener noreferrer\" title=\"Pinterest\" aria-label=\"Pinterest\" data-placement=\"top\" data-toggle=\"tooltip\" data-title=\"Pinterest\"><i class=\"fusion-social-network-icon fusion-tooltip fusion-pinterest awb-icon-pinterest\" style=\"color:#ffffff;background-color:#bd081c;border-color:#bd081c;border-radius:4px;\" aria-hidden=\"true\"><\/i><\/a><\/span><span><a href=\"https:\/\/vkontakte.ru\/share.php?url=https%3A%2F%2Fcolegiolasalle.edu.mx%2Fprimaria%2Fcoro%2F&amp;title=Coro&amp;description=Deportes%20%20%20%20Educaci%C3%B3n%20f%C3%ADsica%20en%20la%20educaci%C3%B3n%20b%C3%A1sica%0ALa%20Educaci%C3%B3n%20F%C3%ADsica%20es%20una%20forma%20de%20intervenci%C3%B3n%20pedag%C3%B3gica%20que%20contribuye%20a%20la%20formaci%C3%B3n%20integral%20de%20ni%C3%B1as%2C%20ni%C3%B1os%20y%20adolescentes%20al%20desarrollar\" target=\"_blank\" rel=\"noopener noreferrer\" title=\"Vk\" aria-label=\"Vk\" data-placement=\"top\" data-toggle=\"tooltip\" data-title=\"Vk\"><i class=\"fusion-social-network-icon fusion-tooltip fusion-vk awb-icon-vk\" style=\"color:#ffffff;background-color:#45668e;border-color:#45668e;border-radius:4px;\" aria-hidden=\"true\"><\/i><\/a><\/span><span><a href=\"https:\/\/www.xing.com\/social_plugins\/share\/new?sc_p=xing-share&amp;h=1&amp;url=https%3A%2F%2Fcolegiolasalle.edu.mx%2Fprimaria%2Fcoro%2F\" target=\"_blank\" rel=\"noopener noreferrer\" title=\"Xing\" aria-label=\"Xing\" data-placement=\"top\" data-toggle=\"tooltip\" data-title=\"Xing\"><i class=\"fusion-social-network-icon fusion-tooltip fusion-xing awb-icon-xing\" style=\"color:#ffffff;background-color:#026466;border-color:#026466;border-radius:4px;\" aria-hidden=\"true\"><\/i><\/a><\/span><span><a href=\"mailto:?subject=Coro&amp;body=https%3A%2F%2Fcolegiolasalle.edu.mx%2Fprimaria%2Fcoro%2F\" target=\"_self\" title=\"Email\" aria-label=\"Email\" data-placement=\"top\" data-toggle=\"tooltip\" data-title=\"Email\"><i class=\"fusion-social-network-icon fusion-tooltip fusion-mail awb-icon-mail\" style=\"color:#ffffff;background-color:#000000;border-color:#000000;border-radius:4px;\" aria-hidden=\"true\"><\/i><\/a><\/span><\/div><\/div><\/div><\/div><\/div><\/div><\/p>\n","protected":false},"excerpt":{"rendered":"","protected":false},"author":1,"featured_media":0,"parent":0,"menu_order":0,"comment_status":"closed","ping_status":"closed","template":"100-width.php","meta":{"footnotes":""},"class_list":["post-22","page","type-page","status-publish","hentry"],"yoast_head":"<!-- This site is optimized with the Yoast SEO Premium plugin v21.8 (Yoast SEO v25.6) - https:\/\/yoast.com\/wordpress\/plugins\/seo\/ -->\n<title>Coro - Colegio La Salle de seglares PRIMARIA<\/title>\n<meta name=\"robots\" content=\"index, follow, max-snippet:-1, max-image-preview:large, max-video-preview:-1\" \/>\n<link rel=\"canonical\" href=\"https:\/\/colegiolasalle.edu.mx\/primaria\/coro\/\" \/>\n<meta property=\"og:locale\" content=\"es_MX\" \/>\n<meta property=\"og:type\" content=\"article\" \/>\n<meta property=\"og:title\" content=\"Coro\" \/>\n<meta property=\"og:url\" content=\"https:\/\/colegiolasalle.edu.mx\/primaria\/coro\/\" \/>\n<meta property=\"og:site_name\" content=\"Colegio La Salle de seglares PRIMARIA\" \/>\n<meta property=\"article:modified_time\" content=\"2024-01-24T20:12:37+00:00\" \/>\n<meta name=\"twitter:card\" content=\"summary_large_image\" \/>\n<meta name=\"twitter:label1\" content=\"Tiempo de lectura\" \/>\n\t<meta name=\"twitter:data1\" content=\"10 minutos\" \/>\n<script type=\"application\/ld+json\" class=\"yoast-schema-graph\">{\"@context\":\"https:\/\/schema.org\",\"@graph\":[{\"@type\":\"WebPage\",\"@id\":\"https:\/\/colegiolasalle.edu.mx\/primaria\/coro\/\",\"url\":\"https:\/\/colegiolasalle.edu.mx\/primaria\/coro\/\",\"name\":\"Coro - Colegio La Salle de seglares PRIMARIA\",\"isPartOf\":{\"@id\":\"https:\/\/colegiolasalle.edu.mx\/primaria\/#website\"},\"datePublished\":\"2020-01-24T18:53:46+00:00\",\"dateModified\":\"2024-01-24T20:12:37+00:00\",\"breadcrumb\":{\"@id\":\"https:\/\/colegiolasalle.edu.mx\/primaria\/coro\/#breadcrumb\"},\"inLanguage\":\"es\",\"potentialAction\":[{\"@type\":\"ReadAction\",\"target\":[\"https:\/\/colegiolasalle.edu.mx\/primaria\/coro\/\"]}]},{\"@type\":\"BreadcrumbList\",\"@id\":\"https:\/\/colegiolasalle.edu.mx\/primaria\/coro\/#breadcrumb\",\"itemListElement\":[{\"@type\":\"ListItem\",\"position\":1,\"name\":\"Home\",\"item\":\"https:\/\/colegiolasalle.edu.mx\/primaria\/\"},{\"@type\":\"ListItem\",\"position\":2,\"name\":\"Coro\"}]},{\"@type\":\"WebSite\",\"@id\":\"https:\/\/colegiolasalle.edu.mx\/primaria\/#website\",\"url\":\"https:\/\/colegiolasalle.edu.mx\/primaria\/\",\"name\":\"Colegio La Salle de seglares PRIMARIA\",\"description\":\"\",\"potentialAction\":[{\"@type\":\"SearchAction\",\"target\":{\"@type\":\"EntryPoint\",\"urlTemplate\":\"https:\/\/colegiolasalle.edu.mx\/primaria\/?s={search_term_string}\"},\"query-input\":{\"@type\":\"PropertyValueSpecification\",\"valueRequired\":true,\"valueName\":\"search_term_string\"}}],\"inLanguage\":\"es\"}]}<\/script>\n<!-- \/ Yoast SEO Premium plugin. -->","yoast_head_json":{"title":"Coro - Colegio La Salle de seglares PRIMARIA","robots":{"index":"index","follow":"follow","max-snippet":"max-snippet:-1","max-image-preview":"max-image-preview:large","max-video-preview":"max-video-preview:-1"},"canonical":"https:\/\/colegiolasalle.edu.mx\/primaria\/coro\/","og_locale":"es_MX","og_type":"article","og_title":"Coro","og_url":"https:\/\/colegiolasalle.edu.mx\/primaria\/coro\/","og_site_name":"Colegio La Salle de seglares PRIMARIA","article_modified_time":"2024-01-24T20:12:37+00:00","twitter_card":"summary_large_image","twitter_misc":{"Tiempo de lectura":"10 minutos"},"schema":{"@context":"https:\/\/schema.org","@graph":[{"@type":"WebPage","@id":"https:\/\/colegiolasalle.edu.mx\/primaria\/coro\/","url":"https:\/\/colegiolasalle.edu.mx\/primaria\/coro\/","name":"Coro - Colegio La Salle de seglares PRIMARIA","isPartOf":{"@id":"https:\/\/colegiolasalle.edu.mx\/primaria\/#website"},"datePublished":"2020-01-24T18:53:46+00:00","dateModified":"2024-01-24T20:12:37+00:00","breadcrumb":{"@id":"https:\/\/colegiolasalle.edu.mx\/primaria\/coro\/#breadcrumb"},"inLanguage":"es","potentialAction":[{"@type":"ReadAction","target":["https:\/\/colegiolasalle.edu.mx\/primaria\/coro\/"]}]},{"@type":"BreadcrumbList","@id":"https:\/\/colegiolasalle.edu.mx\/primaria\/coro\/#breadcrumb","itemListElement":[{"@type":"ListItem","position":1,"name":"Home","item":"https:\/\/colegiolasalle.edu.mx\/primaria\/"},{"@type":"ListItem","position":2,"name":"Coro"}]},{"@type":"WebSite","@id":"https:\/\/colegiolasalle.edu.mx\/primaria\/#website","url":"https:\/\/colegiolasalle.edu.mx\/primaria\/","name":"Colegio La Salle de seglares PRIMARIA","description":"","potentialAction":[{"@type":"SearchAction","target":{"@type":"EntryPoint","urlTemplate":"https:\/\/colegiolasalle.edu.mx\/primaria\/?s={search_term_string}"},"query-input":{"@type":"PropertyValueSpecification","valueRequired":true,"valueName":"search_term_string"}}],"inLanguage":"es"}]}},"_links":{"self":[{"href":"https:\/\/colegiolasalle.edu.mx\/primaria\/wp-json\/wp\/v2\/pages\/22","targetHints":{"allow":["GET"]}}],"collection":[{"href":"https:\/\/colegiolasalle.edu.mx\/primaria\/wp-json\/wp\/v2\/pages"}],"about":[{"href":"https:\/\/colegiolasalle.edu.mx\/primaria\/wp-json\/wp\/v2\/types\/page"}],"author":[{"embeddable":true,"href":"https:\/\/colegiolasalle.edu.mx\/primaria\/wp-json\/wp\/v2\/users\/1"}],"replies":[{"embeddable":true,"href":"https:\/\/colegiolasalle.edu.mx\/primaria\/wp-json\/wp\/v2\/comments?post=22"}],"version-history":[{"count":2,"href":"https:\/\/colegiolasalle.edu.mx\/primaria\/wp-json\/wp\/v2\/pages\/22\/revisions"}],"predecessor-version":[{"id":2391,"href":"https:\/\/colegiolasalle.edu.mx\/primaria\/wp-json\/wp\/v2\/pages\/22\/revisions\/2391"}],"wp:attachment":[{"href":"https:\/\/colegiolasalle.edu.mx\/primaria\/wp-json\/wp\/v2\/media?parent=22"}],"curies":[{"name":"wp","href":"https:\/\/api.w.org\/{rel}","templated":true}]}}