{"id":16,"date":"2020-01-24T18:33:19","date_gmt":"2020-01-24T18:33:19","guid":{"rendered":"http:\/\/www.colegiolasalle.edu.mx\/primaria\/?page_id=16"},"modified":"2020-01-24T18:33:19","modified_gmt":"2020-01-24T18:33:19","slug":"educacion-bilingue","status":"publish","type":"page","link":"https:\/\/colegiolasalle.edu.mx\/primaria\/educacion-bilingue\/","title":{"rendered":"Educaci\u00f3n Biling\u00fce"},"content":{"rendered":"<p><div class=\"fusion-fullwidth fullwidth-box fusion-builder-row-1 fusion-flex-container nonhundred-percent-fullwidth non-hundred-percent-height-scrolling\" style=\"--awb-border-radius-top-left:0px;--awb-border-radius-top-right:0px;--awb-border-radius-bottom-right:0px;--awb-border-radius-bottom-left:0px;--awb-padding-top:20px;--awb-padding-right:25px;--awb-padding-left:25x;--awb-margin-bottom:0px;--awb-flex-wrap:wrap;\" ><div class=\"fusion-builder-row fusion-row fusion-flex-align-items-stretch fusion-flex-content-wrap\" style=\"max-width:1144px;margin-left: calc(-4% \/ 2 );margin-right: calc(-4% \/ 2 );\"><div class=\"fusion-layout-column fusion_builder_column fusion-builder-column-0 fusion_builder_column_1_2 1_2 fusion-flex-column\" style=\"--awb-padding-top:20px;--awb-padding-right:25px;--awb-padding-bottom:113px;--awb-padding-left:25px;--awb-overflow:hidden;--awb-bg-color:#fa852f;--awb-bg-color-hover:#fa852f;--awb-bg-size:cover;--awb-border-radius:20px 0px 0px 20px;--awb-width-large:50%;--awb-margin-top-large:0px;--awb-spacing-right-large:0%;--awb-margin-bottom-large:0px;--awb-spacing-left-large:3.84%;--awb-width-medium:50%;--awb-spacing-right-medium:0%;--awb-spacing-left-medium:3.84%;--awb-width-small:100%;--awb-spacing-right-small:1.92%;--awb-spacing-left-small:1.92%;\"><div class=\"fusion-column-wrapper fusion-column-has-shadow fusion-flex-justify-content-flex-start fusion-content-layout-column\"><div class=\"fusion-text fusion-text-1\"><p style=\"text-align: justify;font-size: 18px;color: #ffffff\" data-fusion-font=\"true\"><span style=\"font-weight: normal\">En la actualidad el conocimiento del ingl\u00e9s como un idioma extranjero representa una importante herramienta tecnol\u00f3gica y vital en el crecimiento de los estudiantes, permiti\u00e9ndoles el desenvolverse con seguridad en el conocimiento de nuevas culturas, en su avance como estudiantes, y en su futuro profesional, as\u00ed como para enfrentar las exigencias de un mundo globalizado. En nuestro sistema, este aprendizaje da inicio en la edad preescolar de una forma natural y sencilla, apoyando a los peque\u00f1os a desarrollar su creatividad, su habilidad para la resoluci\u00f3n de problemas y a ser m\u00e1s receptivos.<\/span><\/p>\n<p style=\"font-size: 18px;color: #ffffff\" data-fusion-font=\"true\"><span style=\"font-weight: normal\">\u00a0<\/span><\/p>\n<\/div><div class=\"fusion-image-carousel fusion-image-carousel-auto fusion-image-carousel-1 fusion-carousel-border\"><div class=\"awb-carousel awb-swiper awb-swiper-carousel\" data-autoplay=\"yes\" data-columns=\"1\" data-itemmargin=\"13\" data-itemwidth=\"180\" data-touchscroll=\"no\" data-imagesize=\"auto\" style=\"--awb-columns:1;\"><div class=\"swiper-wrapper awb-image-carousel-wrapper fusion-flex-align-items-center\"><div class=\"swiper-slide\"><div class=\"fusion-carousel-item-wrapper\"><div class=\"fusion-image-wrapper hover-type-none\"><img decoding=\"async\" width=\"1920\" height=\"1280\" src=\"https:\/\/colegiolasalle.edu.mx\/primaria\/wp-content\/uploads\/sites\/2\/2022\/04\/IMG_0259.jpg\" class=\"attachment-full size-full\" alt=\"\" srcset=\"https:\/\/colegiolasalle.edu.mx\/primaria\/wp-content\/uploads\/sites\/2\/2022\/04\/IMG_0259-200x133.jpg 200w, https:\/\/colegiolasalle.edu.mx\/primaria\/wp-content\/uploads\/sites\/2\/2022\/04\/IMG_0259-300x200.jpg 300w, https:\/\/colegiolasalle.edu.mx\/primaria\/wp-content\/uploads\/sites\/2\/2022\/04\/IMG_0259-400x267.jpg 400w, https:\/\/colegiolasalle.edu.mx\/primaria\/wp-content\/uploads\/sites\/2\/2022\/04\/IMG_0259-600x400.jpg 600w, https:\/\/colegiolasalle.edu.mx\/primaria\/wp-content\/uploads\/sites\/2\/2022\/04\/IMG_0259-768x512.jpg 768w, https:\/\/colegiolasalle.edu.mx\/primaria\/wp-content\/uploads\/sites\/2\/2022\/04\/IMG_0259-800x533.jpg 800w, https:\/\/colegiolasalle.edu.mx\/primaria\/wp-content\/uploads\/sites\/2\/2022\/04\/IMG_0259-1024x683.jpg 1024w, https:\/\/colegiolasalle.edu.mx\/primaria\/wp-content\/uploads\/sites\/2\/2022\/04\/IMG_0259-1200x800.jpg 1200w, https:\/\/colegiolasalle.edu.mx\/primaria\/wp-content\/uploads\/sites\/2\/2022\/04\/IMG_0259-1536x1024.jpg 1536w, https:\/\/colegiolasalle.edu.mx\/primaria\/wp-content\/uploads\/sites\/2\/2022\/04\/IMG_0259.jpg 1920w\" sizes=\"(max-width: 1920px) 100vw, 1920px\" \/><\/div><\/div><\/div><div class=\"swiper-slide\"><div class=\"fusion-carousel-item-wrapper\"><div class=\"fusion-image-wrapper hover-type-none\"><img decoding=\"async\" width=\"863\" height=\"575\" src=\"https:\/\/colegiolasalle.edu.mx\/primaria\/wp-content\/uploads\/sites\/2\/2022\/04\/prof-ingles-edit.png\" class=\"attachment-full size-full\" alt=\"\" srcset=\"https:\/\/colegiolasalle.edu.mx\/primaria\/wp-content\/uploads\/sites\/2\/2022\/04\/prof-ingles-edit-200x133.png 200w, https:\/\/colegiolasalle.edu.mx\/primaria\/wp-content\/uploads\/sites\/2\/2022\/04\/prof-ingles-edit-300x200.png 300w, https:\/\/colegiolasalle.edu.mx\/primaria\/wp-content\/uploads\/sites\/2\/2022\/04\/prof-ingles-edit-400x267.png 400w, https:\/\/colegiolasalle.edu.mx\/primaria\/wp-content\/uploads\/sites\/2\/2022\/04\/prof-ingles-edit-600x400.png 600w, https:\/\/colegiolasalle.edu.mx\/primaria\/wp-content\/uploads\/sites\/2\/2022\/04\/prof-ingles-edit-768x512.png 768w, https:\/\/colegiolasalle.edu.mx\/primaria\/wp-content\/uploads\/sites\/2\/2022\/04\/prof-ingles-edit-800x533.png 800w, https:\/\/colegiolasalle.edu.mx\/primaria\/wp-content\/uploads\/sites\/2\/2022\/04\/prof-ingles-edit.png 863w\" sizes=\"(max-width: 863px) 100vw, 863px\" \/><\/div><\/div><\/div><\/div><div class=\"awb-swiper-button awb-swiper-button-prev\"><i class=\"awb-icon-angle-left\" aria-hidden=\"true\"><\/i><\/div><div class=\"awb-swiper-button awb-swiper-button-next\"><i class=\"awb-icon-angle-right\" aria-hidden=\"true\"><\/i><\/div><\/div><\/div><\/div><\/div><div class=\"fusion-layout-column fusion_builder_column fusion-builder-column-1 fusion_builder_column_1_2 1_2 fusion-flex-column\" style=\"--awb-padding-top:25px;--awb-padding-right:25px;--awb-padding-left:25px;--awb-overflow:hidden;--awb-bg-color:#fa852f;--awb-bg-color-hover:#fa852f;--awb-bg-size:cover;--awb-border-radius:0px 20px 20px 0px;--awb-width-large:50%;--awb-margin-top-large:0px;--awb-spacing-right-large:3.84%;--awb-margin-bottom-large:20px;--awb-spacing-left-large:0%;--awb-width-medium:50%;--awb-spacing-right-medium:3.84%;--awb-spacing-left-medium:0%;--awb-width-small:100%;--awb-spacing-right-small:1.92%;--awb-spacing-left-small:1.92%;\"><div class=\"fusion-column-wrapper fusion-column-has-shadow fusion-flex-justify-content-flex-start fusion-content-layout-column\"><div class=\"fusion-image-carousel fusion-image-carousel-auto fusion-image-carousel-2 fusion-carousel-border\"><div class=\"awb-carousel awb-swiper awb-swiper-carousel\" data-autoplay=\"yes\" data-columns=\"1\" data-itemmargin=\"13\" data-itemwidth=\"180\" data-touchscroll=\"no\" data-imagesize=\"auto\" style=\"--awb-columns:1;\"><div class=\"swiper-wrapper awb-image-carousel-wrapper fusion-flex-align-items-center\"><div class=\"swiper-slide\"><div class=\"fusion-carousel-item-wrapper\"><div class=\"fusion-image-wrapper hover-type-none\"><img decoding=\"async\" width=\"1920\" height=\"1280\" src=\"https:\/\/colegiolasalle.edu.mx\/primaria\/wp-content\/uploads\/sites\/2\/2022\/04\/IMG_0490.jpg\" class=\"attachment-full size-full\" alt=\"\" srcset=\"https:\/\/colegiolasalle.edu.mx\/primaria\/wp-content\/uploads\/sites\/2\/2022\/04\/IMG_0490-200x133.jpg 200w, https:\/\/colegiolasalle.edu.mx\/primaria\/wp-content\/uploads\/sites\/2\/2022\/04\/IMG_0490-300x200.jpg 300w, https:\/\/colegiolasalle.edu.mx\/primaria\/wp-content\/uploads\/sites\/2\/2022\/04\/IMG_0490-400x267.jpg 400w, https:\/\/colegiolasalle.edu.mx\/primaria\/wp-content\/uploads\/sites\/2\/2022\/04\/IMG_0490-600x400.jpg 600w, https:\/\/colegiolasalle.edu.mx\/primaria\/wp-content\/uploads\/sites\/2\/2022\/04\/IMG_0490-768x512.jpg 768w, https:\/\/colegiolasalle.edu.mx\/primaria\/wp-content\/uploads\/sites\/2\/2022\/04\/IMG_0490-800x533.jpg 800w, https:\/\/colegiolasalle.edu.mx\/primaria\/wp-content\/uploads\/sites\/2\/2022\/04\/IMG_0490-1024x683.jpg 1024w, https:\/\/colegiolasalle.edu.mx\/primaria\/wp-content\/uploads\/sites\/2\/2022\/04\/IMG_0490-1200x800.jpg 1200w, https:\/\/colegiolasalle.edu.mx\/primaria\/wp-content\/uploads\/sites\/2\/2022\/04\/IMG_0490-1536x1024.jpg 1536w, https:\/\/colegiolasalle.edu.mx\/primaria\/wp-content\/uploads\/sites\/2\/2022\/04\/IMG_0490.jpg 1920w\" sizes=\"(max-width: 1920px) 100vw, 1920px\" \/><\/div><\/div><\/div><div class=\"swiper-slide\"><div class=\"fusion-carousel-item-wrapper\"><div class=\"fusion-image-wrapper hover-type-none\"><img decoding=\"async\" width=\"1920\" height=\"1280\" src=\"https:\/\/colegiolasalle.edu.mx\/primaria\/wp-content\/uploads\/sites\/2\/2022\/04\/IMG_0498.jpg\" class=\"attachment-full size-full\" alt=\"\" srcset=\"https:\/\/colegiolasalle.edu.mx\/primaria\/wp-content\/uploads\/sites\/2\/2022\/04\/IMG_0498-200x133.jpg 200w, https:\/\/colegiolasalle.edu.mx\/primaria\/wp-content\/uploads\/sites\/2\/2022\/04\/IMG_0498-300x200.jpg 300w, https:\/\/colegiolasalle.edu.mx\/primaria\/wp-content\/uploads\/sites\/2\/2022\/04\/IMG_0498-400x267.jpg 400w, https:\/\/colegiolasalle.edu.mx\/primaria\/wp-content\/uploads\/sites\/2\/2022\/04\/IMG_0498-600x400.jpg 600w, https:\/\/colegiolasalle.edu.mx\/primaria\/wp-content\/uploads\/sites\/2\/2022\/04\/IMG_0498-768x512.jpg 768w, https:\/\/colegiolasalle.edu.mx\/primaria\/wp-content\/uploads\/sites\/2\/2022\/04\/IMG_0498-800x533.jpg 800w, https:\/\/colegiolasalle.edu.mx\/primaria\/wp-content\/uploads\/sites\/2\/2022\/04\/IMG_0498-1024x683.jpg 1024w, https:\/\/colegiolasalle.edu.mx\/primaria\/wp-content\/uploads\/sites\/2\/2022\/04\/IMG_0498-1200x800.jpg 1200w, https:\/\/colegiolasalle.edu.mx\/primaria\/wp-content\/uploads\/sites\/2\/2022\/04\/IMG_0498-1536x1024.jpg 1536w, https:\/\/colegiolasalle.edu.mx\/primaria\/wp-content\/uploads\/sites\/2\/2022\/04\/IMG_0498.jpg 1920w\" sizes=\"(max-width: 1920px) 100vw, 1920px\" \/><\/div><\/div><\/div><\/div><div class=\"awb-swiper-button awb-swiper-button-prev\"><i class=\"awb-icon-angle-left\" aria-hidden=\"true\"><\/i><\/div><div class=\"awb-swiper-button awb-swiper-button-next\"><i class=\"awb-icon-angle-right\" aria-hidden=\"true\"><\/i><\/div><\/div><\/div><div class=\"fusion-text fusion-text-2\"><p style=\"font-size: 18px\" data-fusion-font=\"true\"><span style=\"font-weight: normal;color: #ffffff\">\u00a0<\/span><span style=\"color: #ffffff;text-align: justify\">En la etapa de Educaci\u00f3n Primaria, los alumnos contin\u00faan enriqueciendo sus habilidades en el idioma, como son; la comprensi\u00f3n auditiva, la expresi\u00f3n oral, la lectura de comprensi\u00f3n, la escritura y redacci\u00f3n, y las competencias, como son; el pensamiento cr\u00edtico, la comunicaci\u00f3n, la colaboraci\u00f3n y la creatividad, prepar\u00e1ndolos para enfrentar los retos del siglo XXI. El Colegio La Salle de Seglares es centro aplicador de certificaciones de la Universidad de Cambridge. En los grados de segundo, cuarto y quinto se les invita a los alumnos a presentar los ex\u00e1menes YLE (Young Learners English examinations, por sus siglas en ingl\u00e9s) y en sexto grado, el examen de KET (Key English Test for schools, por sus siglas en ingl\u00e9s), dando as\u00ed continuidad a su aprendizaje para obtener las certificaciones siguientes y garantizar su \u00e9xito profesional en el futuro.<\/span><\/p>\n<\/div><\/div><\/div><\/div><\/div><div class=\"fusion-fullwidth fullwidth-box fusion-builder-row-2 fusion-flex-container nonhundred-percent-fullwidth non-hundred-percent-height-scrolling\" style=\"--awb-border-radius-top-left:0px;--awb-border-radius-top-right:0px;--awb-border-radius-bottom-right:0px;--awb-border-radius-bottom-left:0px;--awb-padding-top:0px;--awb-padding-bottom:0px;--awb-padding-left:0px;--awb-flex-wrap:wrap;\" ><div class=\"fusion-builder-row fusion-row fusion-flex-align-items-flex-start fusion-flex-content-wrap\" style=\"max-width:calc( 1100px + 0px );margin-left: calc(-0px \/ 2 );margin-right: calc(-0px \/ 2 );\"><div class=\"fusion-layout-column fusion_builder_column fusion-builder-column-2 fusion_builder_column_1_1 1_1 fusion-flex-column\" style=\"--awb-padding-top:22px;--awb-bg-size:cover;--awb-width-large:100%;--awb-margin-top-large:0px;--awb-spacing-right-large:0px;--awb-margin-bottom-large:20px;--awb-spacing-left-large:0px;--awb-width-medium:100%;--awb-spacing-right-medium:0px;--awb-spacing-left-medium:0px;--awb-width-small:100%;--awb-spacing-right-small:0px;--awb-spacing-left-small:0px;\"><div class=\"fusion-column-wrapper fusion-column-has-shadow fusion-flex-justify-content-flex-start fusion-content-layout-column\"><div class=\"fusion-sharing-box fusion-sharing-box-1 boxed-icons has-taglines layout-floated layout-medium-floated layout-small-floated\" style=\"background-color:#89d25f;--awb-layout:row;--awb-alignment-small:space-between;\" data-title=\"Educaci\u00f3n Biling\u00fce\" data-description=\"En la actualidad el conocimiento del ingl\u00e9s como un idioma extranjero representa una importante herramienta tecnol\u00f3gica y vital en el crecimiento de los estudiantes, permiti\u00e9ndoles el desenvolverse con seguridad en el conocimiento de nuevas culturas, en su avance como estudiantes, y en su futuro profesional, as\u00ed como para\" data-link=\"https:\/\/colegiolasalle.edu.mx\/primaria\/educacion-bilingue\/\"><h4 class=\"tagline\" style=\"color:#ffffff;\">!Comparte en tu red social preferida!<\/h4><div class=\"fusion-social-networks sharingbox-shortcode-icon-wrapper sharingbox-shortcode-icon-wrapper-1 boxed-icons\"><span><a href=\"https:\/\/www.facebook.com\/sharer.php?u=https%3A%2F%2Fcolegiolasalle.edu.mx%2Fprimaria%2Feducacion-bilingue%2F&amp;t=Educaci%C3%B3n%20Biling%C3%BCe\" target=\"_blank\" rel=\"noreferrer\" title=\"Facebook\" aria-label=\"Facebook\" data-placement=\"top\" data-toggle=\"tooltip\" data-title=\"Facebook\"><i class=\"fusion-social-network-icon fusion-tooltip fusion-facebook awb-icon-facebook\" style=\"color:#ffffff;background-color:#3b5998;border-color:#3b5998;border-radius:4px;\" aria-hidden=\"true\"><\/i><\/a><\/span><span><a href=\"https:\/\/twitter.com\/share?text=Educaci%C3%B3n%20Biling%C3%BCe&amp;url=https%3A%2F%2Fcolegiolasalle.edu.mx%2Fprimaria%2Feducacion-bilingue%2F\" target=\"_blank\" rel=\"noopener noreferrer\" title=\"Twitter\" aria-label=\"Twitter\" data-placement=\"top\" data-toggle=\"tooltip\" data-title=\"Twitter\"><i class=\"fusion-social-network-icon fusion-tooltip fusion-twitter awb-icon-twitter\" style=\"color:#ffffff;background-color:#000000;border-color:#000000;border-radius:4px;\" aria-hidden=\"true\"><\/i><\/a><\/span><span><a href=\"https:\/\/reddit.com\/submit?url=https%3A%2F%2Fcolegiolasalle.edu.mx%2Fprimaria%2Feducacion-bilingue%2F&amp;title=Educaci%C3%B3n%20Biling%C3%BCe\" target=\"_blank\" rel=\"noopener noreferrer\" title=\"Reddit\" aria-label=\"Reddit\" data-placement=\"top\" data-toggle=\"tooltip\" data-title=\"Reddit\"><i class=\"fusion-social-network-icon fusion-tooltip fusion-reddit awb-icon-reddit\" style=\"color:#ffffff;background-color:#ff4500;border-color:#ff4500;border-radius:4px;\" aria-hidden=\"true\"><\/i><\/a><\/span><span><a href=\"https:\/\/www.linkedin.com\/shareArticle?mini=true&amp;url=https%3A%2F%2Fcolegiolasalle.edu.mx%2Fprimaria%2Feducacion-bilingue%2F&amp;title=Educaci%C3%B3n%20Biling%C3%BCe&amp;summary=En%20la%20actualidad%20el%20conocimiento%20del%20ingl%C3%A9s%20como%20un%20idioma%20extranjero%20representa%20una%20importante%20herramienta%20tecnol%C3%B3gica%20y%20vital%20en%20el%20crecimiento%20de%20los%20estudiantes%2C%20permiti%C3%A9ndoles%20el%20desenvolverse%20con%20seguridad%20en%20el%20conocimiento%20de%20nuevas%20culturas%2C%20en%20su%20avance%20como%20estudiantes%2C%20y%20en%20su%20futuro%20profesional%2C%20as%C3%AD%20como%20para\" target=\"_blank\" rel=\"noopener noreferrer\" title=\"LinkedIn\" aria-label=\"LinkedIn\" data-placement=\"top\" data-toggle=\"tooltip\" data-title=\"LinkedIn\"><i class=\"fusion-social-network-icon fusion-tooltip fusion-linkedin awb-icon-linkedin\" style=\"color:#ffffff;background-color:#0077b5;border-color:#0077b5;border-radius:4px;\" aria-hidden=\"true\"><\/i><\/a><\/span><span><a href=\"https:\/\/api.whatsapp.com\/send?text=https%3A%2F%2Fcolegiolasalle.edu.mx%2Fprimaria%2Feducacion-bilingue%2F\" target=\"_blank\" rel=\"noopener noreferrer\" title=\"WhatsApp\" aria-label=\"WhatsApp\" data-placement=\"top\" data-toggle=\"tooltip\" data-title=\"WhatsApp\"><i class=\"fusion-social-network-icon fusion-tooltip fusion-whatsapp awb-icon-whatsapp\" style=\"color:#ffffff;background-color:#77e878;border-color:#77e878;border-radius:4px;\" aria-hidden=\"true\"><\/i><\/a><\/span><span><a href=\"https:\/\/t.me\/share\/url?url=https%3A%2F%2Fcolegiolasalle.edu.mx%2Fprimaria%2Feducacion-bilingue%2F&amp;text=Educaci%C3%B3n%20Biling%C3%BCe\" target=\"_blank\" rel=\"noopener noreferrer\" title=\"Telegram\" aria-label=\"Telegram\" data-placement=\"top\" data-toggle=\"tooltip\" data-title=\"Telegram\"><i class=\"fusion-social-network-icon fusion-tooltip fusion-telegram awb-icon-telegram\" style=\"color:#ffffff;background-color:#0088cc;border-color:#0088cc;border-radius:4px;\" aria-hidden=\"true\"><\/i><\/a><\/span><span><a href=\"https:\/\/www.tumblr.com\/share\/link?url=https%3A%2F%2Fcolegiolasalle.edu.mx%2Fprimaria%2Feducacion-bilingue%2F&amp;name=Educaci%C3%B3n%20Biling%C3%BCe&amp;description=En%20la%20actualidad%20el%20conocimiento%20del%20ingl%C3%A9s%20como%20un%20idioma%20extranjero%20representa%20una%20importante%20herramienta%20tecnol%C3%B3gica%20y%20vital%20en%20el%20crecimiento%20de%20los%20estudiantes%2C%20permiti%C3%A9ndoles%20el%20desenvolverse%20con%20seguridad%20en%20el%20conocimiento%20de%20nuevas%20culturas%2C%20en%20su%20avance%20como%20estudiantes%2C%20y%20en%20su%20futuro%20profesional%2C%20as%C3%AD%20como%20para\" target=\"_blank\" rel=\"noopener noreferrer\" title=\"Tumblr\" aria-label=\"Tumblr\" data-placement=\"top\" data-toggle=\"tooltip\" data-title=\"Tumblr\"><i class=\"fusion-social-network-icon fusion-tooltip fusion-tumblr awb-icon-tumblr\" style=\"color:#ffffff;background-color:#35465c;border-color:#35465c;border-radius:4px;\" aria-hidden=\"true\"><\/i><\/a><\/span><span><a href=\"https:\/\/pinterest.com\/pin\/create\/button\/?url=https%3A%2F%2Fcolegiolasalle.edu.mx%2Fprimaria%2Feducacion-bilingue%2F&amp;description=En%20la%20actualidad%20el%20conocimiento%20del%20ingl%C3%A9s%20como%20un%20idioma%20extranjero%20representa%20una%20importante%20herramienta%20tecnol%C3%B3gica%20y%20vital%20en%20el%20crecimiento%20de%20los%20estudiantes%2C%20permiti%C3%A9ndoles%20el%20desenvolverse%20con%20seguridad%20en%20el%20conocimiento%20de%20nuevas%20culturas%2C%20en%20su%20avance%20como%20estudiantes%2C%20y%20en%20su%20futuro%20profesional%2C%20as%C3%AD%20como%20para&amp;media=\" target=\"_blank\" rel=\"noopener noreferrer\" title=\"Pinterest\" aria-label=\"Pinterest\" data-placement=\"top\" data-toggle=\"tooltip\" data-title=\"Pinterest\"><i class=\"fusion-social-network-icon fusion-tooltip fusion-pinterest awb-icon-pinterest\" style=\"color:#ffffff;background-color:#bd081c;border-color:#bd081c;border-radius:4px;\" aria-hidden=\"true\"><\/i><\/a><\/span><span><a href=\"https:\/\/vkontakte.ru\/share.php?url=https%3A%2F%2Fcolegiolasalle.edu.mx%2Fprimaria%2Feducacion-bilingue%2F&amp;title=Educaci%C3%B3n%20Biling%C3%BCe&amp;description=En%20la%20actualidad%20el%20conocimiento%20del%20ingl%C3%A9s%20como%20un%20idioma%20extranjero%20representa%20una%20importante%20herramienta%20tecnol%C3%B3gica%20y%20vital%20en%20el%20crecimiento%20de%20los%20estudiantes%2C%20permiti%C3%A9ndoles%20el%20desenvolverse%20con%20seguridad%20en%20el%20conocimiento%20de%20nuevas%20culturas%2C%20en%20su%20avance%20como%20estudiantes%2C%20y%20en%20su%20futuro%20profesional%2C%20as%C3%AD%20como%20para\" target=\"_blank\" rel=\"noopener noreferrer\" title=\"Vk\" aria-label=\"Vk\" data-placement=\"top\" data-toggle=\"tooltip\" data-title=\"Vk\"><i class=\"fusion-social-network-icon fusion-tooltip fusion-vk awb-icon-vk\" style=\"color:#ffffff;background-color:#45668e;border-color:#45668e;border-radius:4px;\" aria-hidden=\"true\"><\/i><\/a><\/span><span><a href=\"https:\/\/www.xing.com\/social_plugins\/share\/new?sc_p=xing-share&amp;h=1&amp;url=https%3A%2F%2Fcolegiolasalle.edu.mx%2Fprimaria%2Feducacion-bilingue%2F\" target=\"_blank\" rel=\"noopener noreferrer\" title=\"Xing\" aria-label=\"Xing\" data-placement=\"top\" data-toggle=\"tooltip\" data-title=\"Xing\"><i class=\"fusion-social-network-icon fusion-tooltip fusion-xing awb-icon-xing\" style=\"color:#ffffff;background-color:#026466;border-color:#026466;border-radius:4px;\" aria-hidden=\"true\"><\/i><\/a><\/span><span><a href=\"mailto:?subject=Educaci%C3%B3n%20Biling%C3%BCe&amp;body=https%3A%2F%2Fcolegiolasalle.edu.mx%2Fprimaria%2Feducacion-bilingue%2F\" target=\"_self\" title=\"Email\" aria-label=\"Email\" data-placement=\"top\" data-toggle=\"tooltip\" data-title=\"Email\"><i class=\"fusion-social-network-icon fusion-tooltip fusion-mail awb-icon-mail\" style=\"color:#ffffff;background-color:#000000;border-color:#000000;border-radius:4px;\" aria-hidden=\"true\"><\/i><\/a><\/span><\/div><\/div><\/div><\/div><\/div><\/div><\/p>\n","protected":false},"excerpt":{"rendered":"","protected":false},"author":1,"featured_media":0,"parent":0,"menu_order":0,"comment_status":"closed","ping_status":"closed","template":"100-width.php","meta":{"footnotes":""},"class_list":["post-16","page","type-page","status-publish","hentry"],"yoast_head":"<!-- This site is optimized with the Yoast SEO Premium plugin v21.8 (Yoast SEO v27.5) - https:\/\/yoast.com\/product\/yoast-seo-premium-wordpress\/ -->\n<title>Educaci\u00f3n Biling\u00fce - Colegio La Salle de seglares PRIMARIA<\/title>\n<meta name=\"robots\" content=\"index, follow, max-snippet:-1, max-image-preview:large, max-video-preview:-1\" \/>\n<link rel=\"canonical\" href=\"https:\/\/colegiolasalle.edu.mx\/primaria\/educacion-bilingue\/\" \/>\n<meta property=\"og:locale\" content=\"es_MX\" \/>\n<meta property=\"og:type\" content=\"article\" \/>\n<meta property=\"og:title\" content=\"Educaci\u00f3n Biling\u00fce\" \/>\n<meta property=\"og:url\" content=\"https:\/\/colegiolasalle.edu.mx\/primaria\/educacion-bilingue\/\" \/>\n<meta property=\"og:site_name\" content=\"Colegio La Salle de seglares PRIMARIA\" \/>\n<meta name=\"twitter:card\" content=\"summary_large_image\" \/>\n<meta name=\"twitter:label1\" content=\"Tiempo de lectura\" \/>\n\t<meta name=\"twitter:data1\" content=\"7 minutos\" \/>\n<script type=\"application\/ld+json\" class=\"yoast-schema-graph\">{\"@context\":\"https:\\\/\\\/schema.org\",\"@graph\":[{\"@type\":\"WebPage\",\"@id\":\"https:\\\/\\\/colegiolasalle.edu.mx\\\/primaria\\\/educacion-bilingue\\\/\",\"url\":\"https:\\\/\\\/colegiolasalle.edu.mx\\\/primaria\\\/educacion-bilingue\\\/\",\"name\":\"Educaci\u00f3n Biling\u00fce - Colegio La Salle de seglares PRIMARIA\",\"isPartOf\":{\"@id\":\"https:\\\/\\\/colegiolasalle.edu.mx\\\/primaria\\\/#website\"},\"datePublished\":\"2020-01-24T18:33:19+00:00\",\"breadcrumb\":{\"@id\":\"https:\\\/\\\/colegiolasalle.edu.mx\\\/primaria\\\/educacion-bilingue\\\/#breadcrumb\"},\"inLanguage\":\"es\",\"potentialAction\":[{\"@type\":\"ReadAction\",\"target\":[\"https:\\\/\\\/colegiolasalle.edu.mx\\\/primaria\\\/educacion-bilingue\\\/\"]}]},{\"@type\":\"BreadcrumbList\",\"@id\":\"https:\\\/\\\/colegiolasalle.edu.mx\\\/primaria\\\/educacion-bilingue\\\/#breadcrumb\",\"itemListElement\":[{\"@type\":\"ListItem\",\"position\":1,\"name\":\"Home\",\"item\":\"https:\\\/\\\/colegiolasalle.edu.mx\\\/primaria\\\/\"},{\"@type\":\"ListItem\",\"position\":2,\"name\":\"Educaci\u00f3n Biling\u00fce\"}]},{\"@type\":\"WebSite\",\"@id\":\"https:\\\/\\\/colegiolasalle.edu.mx\\\/primaria\\\/#website\",\"url\":\"https:\\\/\\\/colegiolasalle.edu.mx\\\/primaria\\\/\",\"name\":\"Colegio La Salle de seglares PRIMARIA\",\"description\":\"\",\"potentialAction\":[{\"@type\":\"SearchAction\",\"target\":{\"@type\":\"EntryPoint\",\"urlTemplate\":\"https:\\\/\\\/colegiolasalle.edu.mx\\\/primaria\\\/?s={search_term_string}\"},\"query-input\":{\"@type\":\"PropertyValueSpecification\",\"valueRequired\":true,\"valueName\":\"search_term_string\"}}],\"inLanguage\":\"es\"}]}<\/script>\n<!-- \/ Yoast SEO Premium plugin. -->","yoast_head_json":{"title":"Educaci\u00f3n Biling\u00fce - Colegio La Salle de seglares PRIMARIA","robots":{"index":"index","follow":"follow","max-snippet":"max-snippet:-1","max-image-preview":"max-image-preview:large","max-video-preview":"max-video-preview:-1"},"canonical":"https:\/\/colegiolasalle.edu.mx\/primaria\/educacion-bilingue\/","og_locale":"es_MX","og_type":"article","og_title":"Educaci\u00f3n Biling\u00fce","og_url":"https:\/\/colegiolasalle.edu.mx\/primaria\/educacion-bilingue\/","og_site_name":"Colegio La Salle de seglares PRIMARIA","twitter_card":"summary_large_image","twitter_misc":{"Tiempo de lectura":"7 minutos"},"schema":{"@context":"https:\/\/schema.org","@graph":[{"@type":"WebPage","@id":"https:\/\/colegiolasalle.edu.mx\/primaria\/educacion-bilingue\/","url":"https:\/\/colegiolasalle.edu.mx\/primaria\/educacion-bilingue\/","name":"Educaci\u00f3n Biling\u00fce - Colegio La Salle de seglares PRIMARIA","isPartOf":{"@id":"https:\/\/colegiolasalle.edu.mx\/primaria\/#website"},"datePublished":"2020-01-24T18:33:19+00:00","breadcrumb":{"@id":"https:\/\/colegiolasalle.edu.mx\/primaria\/educacion-bilingue\/#breadcrumb"},"inLanguage":"es","potentialAction":[{"@type":"ReadAction","target":["https:\/\/colegiolasalle.edu.mx\/primaria\/educacion-bilingue\/"]}]},{"@type":"BreadcrumbList","@id":"https:\/\/colegiolasalle.edu.mx\/primaria\/educacion-bilingue\/#breadcrumb","itemListElement":[{"@type":"ListItem","position":1,"name":"Home","item":"https:\/\/colegiolasalle.edu.mx\/primaria\/"},{"@type":"ListItem","position":2,"name":"Educaci\u00f3n Biling\u00fce"}]},{"@type":"WebSite","@id":"https:\/\/colegiolasalle.edu.mx\/primaria\/#website","url":"https:\/\/colegiolasalle.edu.mx\/primaria\/","name":"Colegio La Salle de seglares PRIMARIA","description":"","potentialAction":[{"@type":"SearchAction","target":{"@type":"EntryPoint","urlTemplate":"https:\/\/colegiolasalle.edu.mx\/primaria\/?s={search_term_string}"},"query-input":{"@type":"PropertyValueSpecification","valueRequired":true,"valueName":"search_term_string"}}],"inLanguage":"es"}]}},"_links":{"self":[{"href":"https:\/\/colegiolasalle.edu.mx\/primaria\/wp-json\/wp\/v2\/pages\/16","targetHints":{"allow":["GET"]}}],"collection":[{"href":"https:\/\/colegiolasalle.edu.mx\/primaria\/wp-json\/wp\/v2\/pages"}],"about":[{"href":"https:\/\/colegiolasalle.edu.mx\/primaria\/wp-json\/wp\/v2\/types\/page"}],"author":[{"embeddable":true,"href":"https:\/\/colegiolasalle.edu.mx\/primaria\/wp-json\/wp\/v2\/users\/1"}],"replies":[{"embeddable":true,"href":"https:\/\/colegiolasalle.edu.mx\/primaria\/wp-json\/wp\/v2\/comments?post=16"}],"version-history":[{"count":0,"href":"https:\/\/colegiolasalle.edu.mx\/primaria\/wp-json\/wp\/v2\/pages\/16\/revisions"}],"wp:attachment":[{"href":"https:\/\/colegiolasalle.edu.mx\/primaria\/wp-json\/wp\/v2\/media?parent=16"}],"curies":[{"name":"wp","href":"https:\/\/api.w.org\/{rel}","templated":true}]}}