{"id":14,"date":"2020-01-24T18:32:42","date_gmt":"2020-01-24T18:32:42","guid":{"rendered":"http:\/\/www.colegiolasalle.edu.mx\/primaria\/?page_id=14"},"modified":"2024-01-24T18:42:41","modified_gmt":"2024-01-24T18:42:41","slug":"metodologias","status":"publish","type":"page","link":"https:\/\/colegiolasalle.edu.mx\/primaria\/metodologias\/","title":{"rendered":"Metodolog\u00edas"},"content":{"rendered":"<p><div class=\"fusion-fullwidth fullwidth-box fusion-builder-row-1 fusion-flex-container nonhundred-percent-fullwidth non-hundred-percent-height-scrolling\" style=\"--awb-border-radius-top-left:0px;--awb-border-radius-top-right:0px;--awb-border-radius-bottom-right:0px;--awb-border-radius-bottom-left:0px;--awb-padding-top:0px;--awb-padding-bottom:0px;--awb-margin-top:0px;--awb-margin-bottom:0px;--awb-flex-wrap:wrap;\" ><div class=\"fusion-builder-row fusion-row fusion-flex-align-items-flex-start fusion-flex-content-wrap\" style=\"max-width:1144px;margin-left: calc(-4% \/ 2 );margin-right: calc(-4% \/ 2 );\"><div class=\"fusion-layout-column fusion_builder_column fusion-builder-column-0 fusion_builder_column_1_3 1_3 fusion-flex-column\" style=\"--awb-padding-top:15px;--awb-padding-right:15px;--awb-padding-bottom:51px;--awb-padding-left:15px;--awb-overflow:hidden;--awb-bg-color:#fa852f;--awb-bg-color-hover:#fa852f;--awb-bg-size:cover;--awb-border-color:#ffffff;--awb-border-top:0px;--awb-border-right:0px;--awb-border-bottom:0px;--awb-border-left:0px;--awb-border-style:solid;--awb-border-radius:20px 20px 20px 20px;--awb-width-large:33.333333333333%;--awb-margin-top-large:0px;--awb-spacing-right-large:5.76%;--awb-margin-bottom-large:0px;--awb-spacing-left-large:5.76%;--awb-width-medium:33.333333333333%;--awb-spacing-right-medium:5.76%;--awb-spacing-left-medium:5.76%;--awb-width-small:100%;--awb-spacing-right-small:1.92%;--awb-spacing-left-small:1.92%;\"><div class=\"fusion-column-wrapper fusion-column-has-shadow fusion-flex-justify-content-flex-start fusion-content-layout-column\"><div class=\"fusion-text fusion-text-1\"><p style=\"text-align: center; font-size: 27px;\" data-fusion-font=\"true\"><span style=\"color: #ffffff;\">Matem\u00e1ticas<\/span><br \/><span style=\"color: #ffffff;\">Constructivas<\/span><\/p>\n<\/div><div class=\"fusion-separator fusion-full-width-sep\" style=\"align-self: center;margin-left: auto;margin-right: auto;width:100%;\"><div class=\"fusion-separator-border sep-double\" style=\"--awb-height:20px;--awb-amount:20px;--awb-sep-color:#fffdfc;border-color:#fffdfc;border-top-width:1px;border-bottom-width:1px;\"><\/div><\/div><div class=\"fusion-text fusion-text-2\"><p style=\"text-align: justify\"><font color=\"#ffffff\"><span style=\"font-weight: normal;font-size: 20px\" data-fusion-font=\"true\"><br \/>Con la manipulaci\u00f3n de <span>regletas <\/span>y geoplano se gu\u00eda al alumno para lograr el dominio del lenguaje formal matem\u00e1tico con lo que se desarrolla la estructura l\u00f3gica &#8211; matem\u00e1tica promoviendo el <\/span><span style=\"font-weight: 400;font-size: 20px\" data-fusion-font=\"true\">auto aprendizaje<\/span><span style=\"font-weight: normal;font-size: 20px\" data-fusion-font=\"true\"> y la creatividad logrando con ello, ni\u00f1os seguros de s\u00ed mismos en el dominio de las matem\u00e1ticas.<\/span><\/font><\/p>\n<\/div><\/div><\/div><div class=\"fusion-layout-column fusion_builder_column fusion-builder-column-1 fusion_builder_column_1_3 1_3 fusion-flex-column\" style=\"--awb-padding-top:15px;--awb-padding-right:15px;--awb-padding-bottom:15px;--awb-padding-left:15px;--awb-overflow:hidden;--awb-bg-color:#1bafde;--awb-bg-color-hover:#1bafde;--awb-bg-size:cover;--awb-border-color:#ffffff;--awb-border-top:0px;--awb-border-right:0px;--awb-border-bottom:0px;--awb-border-left:0px;--awb-border-style:solid;--awb-border-radius:20px 20px 20px 20px;--awb-width-large:33.333333333333%;--awb-margin-top-large:0px;--awb-spacing-right-large:5.76%;--awb-margin-bottom-large:0px;--awb-spacing-left-large:5.76%;--awb-width-medium:33.333333333333%;--awb-spacing-right-medium:5.76%;--awb-spacing-left-medium:5.76%;--awb-width-small:100%;--awb-spacing-right-small:1.92%;--awb-spacing-left-small:1.92%;\"><div class=\"fusion-column-wrapper fusion-column-has-shadow fusion-flex-justify-content-flex-start fusion-content-layout-column\"><div class=\"fusion-text fusion-text-3\"><p style=\"text-align: center; font-size: 27px;\" data-fusion-font=\"true\"><span style=\"color: #ffffff;\">Aprendizaje Basado En Proyectos<\/span><\/p>\n<\/div><div class=\"fusion-separator fusion-full-width-sep\" style=\"align-self: center;margin-left: auto;margin-right: auto;width:100%;\"><div class=\"fusion-separator-border sep-double\" style=\"--awb-height:20px;--awb-amount:20px;--awb-sep-color:#fffdfc;border-color:#fffdfc;border-top-width:1px;border-bottom-width:1px;\"><\/div><\/div><div class=\"fusion-text fusion-text-4\"><p style=\"text-align: justify;\"><span style=\"font-weight: normal;\"><span style=\"color: #ffffff;\"><span style=\"font-size: 20px;\" data-fusion-font=\"true\"><br \/><\/span><\/span><span style=\"font-family: var(--body_typography-font-family); font-size: 20px; font-style: var(--body_typography-font-style,normal); letter-spacing: var(--body_typography-letter-spacing); color: #ffffff;\" data-fusion-font=\"true\">Permite a los alumnos adquirir conocimientos y competencias a trav\u00e9s de la elaboraci\u00f3n de proyectos que dan respuesta a problemas de la vida real, lo que permite al estudiante desarrollar competencias complejas como el pensamiento cr\u00edtico, la comunicaci\u00f3n, la colaboraci\u00f3n y la resoluci\u00f3n de problemas.<\/span><\/span><\/p>\n<\/div><\/div><\/div><div class=\"fusion-layout-column fusion_builder_column fusion-builder-column-2 fusion_builder_column_1_3 1_3 fusion-flex-column\" style=\"--awb-padding-top:15px;--awb-padding-right:15px;--awb-padding-bottom:163px;--awb-padding-left:15px;--awb-overflow:hidden;--awb-bg-color:#89D25F;--awb-bg-color-hover:#89D25F;--awb-bg-size:cover;--awb-border-color:#ffffff;--awb-border-top:0px;--awb-border-right:0px;--awb-border-bottom:0px;--awb-border-left:0px;--awb-border-style:solid;--awb-border-radius:20px 20px 20px 20px;--awb-width-large:33.333333333333%;--awb-margin-top-large:0px;--awb-spacing-right-large:5.76%;--awb-margin-bottom-large:0px;--awb-spacing-left-large:5.76%;--awb-width-medium:33.333333333333%;--awb-spacing-right-medium:5.76%;--awb-spacing-left-medium:5.76%;--awb-width-small:100%;--awb-spacing-right-small:1.92%;--awb-spacing-left-small:1.92%;\"><div class=\"fusion-column-wrapper fusion-column-has-shadow fusion-flex-justify-content-flex-start fusion-content-layout-column\"><div class=\"fusion-text fusion-text-5\"><p style=\"text-align: center; font-size: 27px;\" data-fusion-font=\"true\"><span style=\"color: #ffffff;\">Trabajo <\/span><br \/><span style=\"color: #ffffff;\">Colaborativo<\/span><\/p>\n<\/div><div class=\"fusion-separator fusion-full-width-sep\" style=\"align-self: center;margin-left: auto;margin-right: auto;width:100%;\"><div class=\"fusion-separator-border sep-double\" style=\"--awb-height:20px;--awb-amount:20px;--awb-sep-color:#fffdfc;border-color:#fffdfc;border-top-width:1px;border-bottom-width:1px;\"><\/div><\/div><div class=\"fusion-text fusion-text-6\"><p style=\"text-align: justify;\"><span style=\"color: #ffffff;\"><span style=\"font-weight: normal; font-size: 20px;\" data-fusion-font=\"true\"><br \/><\/span><\/span><span style=\"font-family: var(--body_typography-font-family); font-size: 20px; font-style: var(--body_typography-font-style,normal); letter-spacing: var(--body_typography-letter-spacing); font-weight: normal; color: #ffffff;\" data-fusion-font=\"true\">Es el uso did\u00e1ctico de grupos de trabajo reducidos en donde se trabaja, para alcanzar metas comunes asignando una tarea a cada miembro, maximizando su aprendizaje y el de los dem\u00e1s miembros del equipo.<\/span><span style=\"color: #ffffff;\"><span style=\"font-weight: normal; font-size: 20px;\" data-fusion-font=\"true\"><br \/><\/span><\/span><\/p>\n<\/div><\/div><\/div><\/div><\/div><div class=\"fusion-fullwidth fullwidth-box fusion-builder-row-2 fusion-flex-container nonhundred-percent-fullwidth non-hundred-percent-height-scrolling\" style=\"--awb-border-radius-top-left:0px;--awb-border-radius-top-right:0px;--awb-border-radius-bottom-right:0px;--awb-border-radius-bottom-left:0px;--awb-flex-wrap:wrap;\" ><div class=\"fusion-builder-row fusion-row fusion-flex-align-items-flex-start fusion-flex-content-wrap\" style=\"max-width:calc( 1100px + 0px );margin-left: calc(-0px \/ 2 );margin-right: calc(-0px \/ 2 );\"><div class=\"fusion-layout-column fusion_builder_column fusion-builder-column-3 fusion_builder_column_1_1 1_1 fusion-flex-column\" style=\"--awb-padding-top:46px;--awb-bg-size:cover;--awb-width-large:100%;--awb-margin-top-large:0px;--awb-spacing-right-large:0px;--awb-margin-bottom-large:20px;--awb-spacing-left-large:0px;--awb-width-medium:100%;--awb-spacing-right-medium:0px;--awb-spacing-left-medium:0px;--awb-width-small:100%;--awb-spacing-right-small:0px;--awb-spacing-left-small:0px;\"><div class=\"fusion-column-wrapper fusion-column-has-shadow fusion-flex-justify-content-flex-start fusion-content-layout-column\"><div class=\"fusion-sharing-box fusion-sharing-box-1 boxed-icons has-taglines layout-floated layout-medium-floated layout-small-floated\" style=\"background-color:#03a9f4;--awb-layout:row;--awb-alignment-small:space-between;\" data-title=\"Metodolog\u00edas\" data-description=\"Matem\u00e1ticasConstructivas \r\nCon la manipulaci\u00f3n de regletas y geoplano se gu\u00eda al alumno para lograr el dominio del lenguaje formal matem\u00e1tico con lo que se desarrolla la estructura l\u00f3gica - matem\u00e1tica promoviendo el auto\" data-link=\"https:\/\/colegiolasalle.edu.mx\/primaria\/metodologias\/\"><h4 class=\"tagline\" style=\"color:#ffffff;\">!Comparte este art\u00edculo en tu red social preferida!<\/h4><div class=\"fusion-social-networks sharingbox-shortcode-icon-wrapper sharingbox-shortcode-icon-wrapper-1 boxed-icons\"><span><a href=\"https:\/\/www.facebook.com\/sharer.php?u=https%3A%2F%2Fcolegiolasalle.edu.mx%2Fprimaria%2Fmetodologias%2F&amp;t=Metodolog%C3%ADas\" target=\"_blank\" rel=\"noreferrer\" title=\"Facebook\" aria-label=\"Facebook\" data-placement=\"top\" data-toggle=\"tooltip\" data-title=\"Facebook\"><i class=\"fusion-social-network-icon fusion-tooltip fusion-facebook awb-icon-facebook\" style=\"color:#ffffff;background-color:#3b5998;border-color:#3b5998;border-radius:4px;\" aria-hidden=\"true\"><\/i><\/a><\/span><span><a href=\"https:\/\/twitter.com\/share?text=Metodolog%C3%ADas&amp;url=https%3A%2F%2Fcolegiolasalle.edu.mx%2Fprimaria%2Fmetodologias%2F\" target=\"_blank\" rel=\"noopener noreferrer\" title=\"Twitter\" aria-label=\"Twitter\" data-placement=\"top\" data-toggle=\"tooltip\" data-title=\"Twitter\"><i class=\"fusion-social-network-icon fusion-tooltip fusion-twitter awb-icon-twitter\" style=\"color:#ffffff;background-color:#000000;border-color:#000000;border-radius:4px;\" aria-hidden=\"true\"><\/i><\/a><\/span><span><a href=\"https:\/\/reddit.com\/submit?url=https%3A%2F%2Fcolegiolasalle.edu.mx%2Fprimaria%2Fmetodologias%2F&amp;title=Metodolog%C3%ADas\" target=\"_blank\" rel=\"noopener noreferrer\" title=\"Reddit\" aria-label=\"Reddit\" data-placement=\"top\" data-toggle=\"tooltip\" data-title=\"Reddit\"><i class=\"fusion-social-network-icon fusion-tooltip fusion-reddit awb-icon-reddit\" style=\"color:#ffffff;background-color:#ff4500;border-color:#ff4500;border-radius:4px;\" aria-hidden=\"true\"><\/i><\/a><\/span><span><a href=\"https:\/\/www.linkedin.com\/shareArticle?mini=true&amp;url=https%3A%2F%2Fcolegiolasalle.edu.mx%2Fprimaria%2Fmetodologias%2F&amp;title=Metodolog%C3%ADas&amp;summary=Matem%C3%A1ticasConstructivas%20%20%0D%0ACon%20la%20manipulaci%C3%B3n%20de%20regletas%20y%20geoplano%20se%20gu%C3%ADa%20al%20alumno%20para%20lograr%20el%20dominio%20del%20lenguaje%20formal%20matem%C3%A1tico%20con%20lo%20que%20se%20desarrolla%20la%20estructura%20l%C3%B3gica%20-%20matem%C3%A1tica%20promoviendo%20el%20auto\" target=\"_blank\" rel=\"noopener noreferrer\" title=\"LinkedIn\" aria-label=\"LinkedIn\" data-placement=\"top\" data-toggle=\"tooltip\" data-title=\"LinkedIn\"><i class=\"fusion-social-network-icon fusion-tooltip fusion-linkedin awb-icon-linkedin\" style=\"color:#ffffff;background-color:#0077b5;border-color:#0077b5;border-radius:4px;\" aria-hidden=\"true\"><\/i><\/a><\/span><span><a href=\"https:\/\/api.whatsapp.com\/send?text=https%3A%2F%2Fcolegiolasalle.edu.mx%2Fprimaria%2Fmetodologias%2F\" target=\"_blank\" rel=\"noopener noreferrer\" title=\"WhatsApp\" aria-label=\"WhatsApp\" data-placement=\"top\" data-toggle=\"tooltip\" data-title=\"WhatsApp\"><i class=\"fusion-social-network-icon fusion-tooltip fusion-whatsapp awb-icon-whatsapp\" style=\"color:#ffffff;background-color:#77e878;border-color:#77e878;border-radius:4px;\" aria-hidden=\"true\"><\/i><\/a><\/span><span><a href=\"https:\/\/t.me\/share\/url?url=https%3A%2F%2Fcolegiolasalle.edu.mx%2Fprimaria%2Fmetodologias%2F&amp;text=Metodolog%C3%ADas\" target=\"_blank\" rel=\"noopener noreferrer\" title=\"Telegram\" aria-label=\"Telegram\" data-placement=\"top\" data-toggle=\"tooltip\" data-title=\"Telegram\"><i class=\"fusion-social-network-icon fusion-tooltip fusion-telegram awb-icon-telegram\" style=\"color:#ffffff;background-color:#0088cc;border-color:#0088cc;border-radius:4px;\" aria-hidden=\"true\"><\/i><\/a><\/span><span><a href=\"https:\/\/www.tumblr.com\/share\/link?url=https%3A%2F%2Fcolegiolasalle.edu.mx%2Fprimaria%2Fmetodologias%2F&amp;name=Metodolog%C3%ADas&amp;description=Matem%C3%A1ticasConstructivas%20%20%0D%0ACon%20la%20manipulaci%C3%B3n%20de%20regletas%20y%20geoplano%20se%20gu%C3%ADa%20al%20alumno%20para%20lograr%20el%20dominio%20del%20lenguaje%20formal%20matem%C3%A1tico%20con%20lo%20que%20se%20desarrolla%20la%20estructura%20l%C3%B3gica%20-%20matem%C3%A1tica%20promoviendo%20el%20auto\" target=\"_blank\" rel=\"noopener noreferrer\" title=\"Tumblr\" aria-label=\"Tumblr\" data-placement=\"top\" data-toggle=\"tooltip\" data-title=\"Tumblr\"><i class=\"fusion-social-network-icon fusion-tooltip fusion-tumblr awb-icon-tumblr\" style=\"color:#ffffff;background-color:#35465c;border-color:#35465c;border-radius:4px;\" aria-hidden=\"true\"><\/i><\/a><\/span><span><a href=\"https:\/\/pinterest.com\/pin\/create\/button\/?url=https%3A%2F%2Fcolegiolasalle.edu.mx%2Fprimaria%2Fmetodologias%2F&amp;description=Matem%C3%A1ticasConstructivas%20%20%0D%0ACon%20la%20manipulaci%C3%B3n%20de%20regletas%20y%20geoplano%20se%20gu%C3%ADa%20al%20alumno%20para%20lograr%20el%20dominio%20del%20lenguaje%20formal%20matem%C3%A1tico%20con%20lo%20que%20se%20desarrolla%20la%20estructura%20l%C3%B3gica%20-%20matem%C3%A1tica%20promoviendo%20el%20auto&amp;media=\" target=\"_blank\" rel=\"noopener noreferrer\" title=\"Pinterest\" aria-label=\"Pinterest\" data-placement=\"top\" data-toggle=\"tooltip\" data-title=\"Pinterest\"><i class=\"fusion-social-network-icon fusion-tooltip fusion-pinterest awb-icon-pinterest\" style=\"color:#ffffff;background-color:#bd081c;border-color:#bd081c;border-radius:4px;\" aria-hidden=\"true\"><\/i><\/a><\/span><span><a href=\"https:\/\/vkontakte.ru\/share.php?url=https%3A%2F%2Fcolegiolasalle.edu.mx%2Fprimaria%2Fmetodologias%2F&amp;title=Metodolog%C3%ADas&amp;description=Matem%C3%A1ticasConstructivas%20%20%0D%0ACon%20la%20manipulaci%C3%B3n%20de%20regletas%20y%20geoplano%20se%20gu%C3%ADa%20al%20alumno%20para%20lograr%20el%20dominio%20del%20lenguaje%20formal%20matem%C3%A1tico%20con%20lo%20que%20se%20desarrolla%20la%20estructura%20l%C3%B3gica%20-%20matem%C3%A1tica%20promoviendo%20el%20auto\" target=\"_blank\" rel=\"noopener noreferrer\" title=\"Vk\" aria-label=\"Vk\" data-placement=\"top\" data-toggle=\"tooltip\" data-title=\"Vk\"><i class=\"fusion-social-network-icon fusion-tooltip fusion-vk awb-icon-vk\" style=\"color:#ffffff;background-color:#45668e;border-color:#45668e;border-radius:4px;\" aria-hidden=\"true\"><\/i><\/a><\/span><span><a href=\"https:\/\/www.xing.com\/social_plugins\/share\/new?sc_p=xing-share&amp;h=1&amp;url=https%3A%2F%2Fcolegiolasalle.edu.mx%2Fprimaria%2Fmetodologias%2F\" target=\"_blank\" rel=\"noopener noreferrer\" title=\"Xing\" aria-label=\"Xing\" data-placement=\"top\" data-toggle=\"tooltip\" data-title=\"Xing\"><i class=\"fusion-social-network-icon fusion-tooltip fusion-xing awb-icon-xing\" style=\"color:#ffffff;background-color:#026466;border-color:#026466;border-radius:4px;\" aria-hidden=\"true\"><\/i><\/a><\/span><span><a href=\"mailto:?subject=Metodolog%C3%ADas&amp;body=https%3A%2F%2Fcolegiolasalle.edu.mx%2Fprimaria%2Fmetodologias%2F\" target=\"_self\" title=\"Email\" aria-label=\"Email\" data-placement=\"top\" data-toggle=\"tooltip\" data-title=\"Email\"><i class=\"fusion-social-network-icon fusion-tooltip fusion-mail awb-icon-mail\" style=\"color:#ffffff;background-color:#000000;border-color:#000000;border-radius:4px;\" aria-hidden=\"true\"><\/i><\/a><\/span><\/div><\/div><\/div><\/div><\/div><\/div><\/p>\n","protected":false},"excerpt":{"rendered":"","protected":false},"author":1,"featured_media":0,"parent":0,"menu_order":0,"comment_status":"closed","ping_status":"closed","template":"100-width.php","meta":{"footnotes":""},"class_list":["post-14","page","type-page","status-publish","hentry"],"yoast_head":"<!-- This site is optimized with the Yoast SEO Premium plugin v21.8 (Yoast SEO v27.5) - https:\/\/yoast.com\/product\/yoast-seo-premium-wordpress\/ -->\n<title>Metodolog\u00edas - Colegio La Salle de seglares PRIMARIA<\/title>\n<meta name=\"robots\" content=\"index, follow, max-snippet:-1, max-image-preview:large, max-video-preview:-1\" \/>\n<link rel=\"canonical\" href=\"https:\/\/colegiolasalle.edu.mx\/primaria\/metodologias\/\" \/>\n<meta property=\"og:locale\" content=\"es_MX\" \/>\n<meta property=\"og:type\" content=\"article\" \/>\n<meta property=\"og:title\" content=\"Metodolog\u00edas\" \/>\n<meta property=\"og:url\" content=\"https:\/\/colegiolasalle.edu.mx\/primaria\/metodologias\/\" \/>\n<meta property=\"og:site_name\" content=\"Colegio La Salle de seglares PRIMARIA\" \/>\n<meta property=\"article:modified_time\" content=\"2024-01-24T18:42:41+00:00\" \/>\n<meta name=\"twitter:card\" content=\"summary_large_image\" \/>\n<meta name=\"twitter:label1\" content=\"Tiempo de lectura\" \/>\n\t<meta name=\"twitter:data1\" content=\"7 minutos\" \/>\n<script type=\"application\/ld+json\" class=\"yoast-schema-graph\">{\"@context\":\"https:\\\/\\\/schema.org\",\"@graph\":[{\"@type\":\"WebPage\",\"@id\":\"https:\\\/\\\/colegiolasalle.edu.mx\\\/primaria\\\/metodologias\\\/\",\"url\":\"https:\\\/\\\/colegiolasalle.edu.mx\\\/primaria\\\/metodologias\\\/\",\"name\":\"Metodolog\u00edas - Colegio La Salle de seglares PRIMARIA\",\"isPartOf\":{\"@id\":\"https:\\\/\\\/colegiolasalle.edu.mx\\\/primaria\\\/#website\"},\"datePublished\":\"2020-01-24T18:32:42+00:00\",\"dateModified\":\"2024-01-24T18:42:41+00:00\",\"breadcrumb\":{\"@id\":\"https:\\\/\\\/colegiolasalle.edu.mx\\\/primaria\\\/metodologias\\\/#breadcrumb\"},\"inLanguage\":\"es\",\"potentialAction\":[{\"@type\":\"ReadAction\",\"target\":[\"https:\\\/\\\/colegiolasalle.edu.mx\\\/primaria\\\/metodologias\\\/\"]}]},{\"@type\":\"BreadcrumbList\",\"@id\":\"https:\\\/\\\/colegiolasalle.edu.mx\\\/primaria\\\/metodologias\\\/#breadcrumb\",\"itemListElement\":[{\"@type\":\"ListItem\",\"position\":1,\"name\":\"Home\",\"item\":\"https:\\\/\\\/colegiolasalle.edu.mx\\\/primaria\\\/\"},{\"@type\":\"ListItem\",\"position\":2,\"name\":\"Metodolog\u00edas\"}]},{\"@type\":\"WebSite\",\"@id\":\"https:\\\/\\\/colegiolasalle.edu.mx\\\/primaria\\\/#website\",\"url\":\"https:\\\/\\\/colegiolasalle.edu.mx\\\/primaria\\\/\",\"name\":\"Colegio La Salle de seglares PRIMARIA\",\"description\":\"\",\"potentialAction\":[{\"@type\":\"SearchAction\",\"target\":{\"@type\":\"EntryPoint\",\"urlTemplate\":\"https:\\\/\\\/colegiolasalle.edu.mx\\\/primaria\\\/?s={search_term_string}\"},\"query-input\":{\"@type\":\"PropertyValueSpecification\",\"valueRequired\":true,\"valueName\":\"search_term_string\"}}],\"inLanguage\":\"es\"}]}<\/script>\n<!-- \/ Yoast SEO Premium plugin. -->","yoast_head_json":{"title":"Metodolog\u00edas - Colegio La Salle de seglares PRIMARIA","robots":{"index":"index","follow":"follow","max-snippet":"max-snippet:-1","max-image-preview":"max-image-preview:large","max-video-preview":"max-video-preview:-1"},"canonical":"https:\/\/colegiolasalle.edu.mx\/primaria\/metodologias\/","og_locale":"es_MX","og_type":"article","og_title":"Metodolog\u00edas","og_url":"https:\/\/colegiolasalle.edu.mx\/primaria\/metodologias\/","og_site_name":"Colegio La Salle de seglares PRIMARIA","article_modified_time":"2024-01-24T18:42:41+00:00","twitter_card":"summary_large_image","twitter_misc":{"Tiempo de lectura":"7 minutos"},"schema":{"@context":"https:\/\/schema.org","@graph":[{"@type":"WebPage","@id":"https:\/\/colegiolasalle.edu.mx\/primaria\/metodologias\/","url":"https:\/\/colegiolasalle.edu.mx\/primaria\/metodologias\/","name":"Metodolog\u00edas - Colegio La Salle de seglares PRIMARIA","isPartOf":{"@id":"https:\/\/colegiolasalle.edu.mx\/primaria\/#website"},"datePublished":"2020-01-24T18:32:42+00:00","dateModified":"2024-01-24T18:42:41+00:00","breadcrumb":{"@id":"https:\/\/colegiolasalle.edu.mx\/primaria\/metodologias\/#breadcrumb"},"inLanguage":"es","potentialAction":[{"@type":"ReadAction","target":["https:\/\/colegiolasalle.edu.mx\/primaria\/metodologias\/"]}]},{"@type":"BreadcrumbList","@id":"https:\/\/colegiolasalle.edu.mx\/primaria\/metodologias\/#breadcrumb","itemListElement":[{"@type":"ListItem","position":1,"name":"Home","item":"https:\/\/colegiolasalle.edu.mx\/primaria\/"},{"@type":"ListItem","position":2,"name":"Metodolog\u00edas"}]},{"@type":"WebSite","@id":"https:\/\/colegiolasalle.edu.mx\/primaria\/#website","url":"https:\/\/colegiolasalle.edu.mx\/primaria\/","name":"Colegio La Salle de seglares PRIMARIA","description":"","potentialAction":[{"@type":"SearchAction","target":{"@type":"EntryPoint","urlTemplate":"https:\/\/colegiolasalle.edu.mx\/primaria\/?s={search_term_string}"},"query-input":{"@type":"PropertyValueSpecification","valueRequired":true,"valueName":"search_term_string"}}],"inLanguage":"es"}]}},"_links":{"self":[{"href":"https:\/\/colegiolasalle.edu.mx\/primaria\/wp-json\/wp\/v2\/pages\/14","targetHints":{"allow":["GET"]}}],"collection":[{"href":"https:\/\/colegiolasalle.edu.mx\/primaria\/wp-json\/wp\/v2\/pages"}],"about":[{"href":"https:\/\/colegiolasalle.edu.mx\/primaria\/wp-json\/wp\/v2\/types\/page"}],"author":[{"embeddable":true,"href":"https:\/\/colegiolasalle.edu.mx\/primaria\/wp-json\/wp\/v2\/users\/1"}],"replies":[{"embeddable":true,"href":"https:\/\/colegiolasalle.edu.mx\/primaria\/wp-json\/wp\/v2\/comments?post=14"}],"version-history":[{"count":1,"href":"https:\/\/colegiolasalle.edu.mx\/primaria\/wp-json\/wp\/v2\/pages\/14\/revisions"}],"predecessor-version":[{"id":2379,"href":"https:\/\/colegiolasalle.edu.mx\/primaria\/wp-json\/wp\/v2\/pages\/14\/revisions\/2379"}],"wp:attachment":[{"href":"https:\/\/colegiolasalle.edu.mx\/primaria\/wp-json\/wp\/v2\/media?parent=14"}],"curies":[{"name":"wp","href":"https:\/\/api.w.org\/{rel}","templated":true}]}}