{"id":1287,"date":"2021-03-11T17:46:48","date_gmt":"2021-03-11T17:46:48","guid":{"rendered":"https:\/\/colegiolasalle.edu.mx\/primaria\/?page_id=1287"},"modified":"2024-07-18T01:59:45","modified_gmt":"2024-07-18T01:59:45","slug":"sesiones-de-escuela-para-padres","status":"publish","type":"page","link":"https:\/\/colegiolasalle.edu.mx\/primaria\/sesiones-de-escuela-para-padres\/","title":{"rendered":"Sesiones de Escuela para Padres"},"content":{"rendered":"<p><div class=\"fusion-fullwidth fullwidth-box fusion-builder-row-1 fusion-flex-container fusion-parallax-none nonhundred-percent-fullwidth non-hundred-percent-height-scrolling\" style=\"--awb-border-radius-top-left:0px;--awb-border-radius-top-right:0px;--awb-border-radius-bottom-right:0px;--awb-border-radius-bottom-left:0px;--awb-padding-top:75px;--awb-padding-bottom:0px;--awb-background-image:url(&quot;http:\/\/34.134.90.17\/primaria\/wp-content\/uploads\/sites\/2\/2021\/03\/silhouette-1082129_1920-600x338.jpg&quot;);--awb-background-size:cover;--awb-flex-wrap:wrap;\" ><div class=\"fusion-builder-row fusion-row fusion-flex-align-items-flex-start fusion-flex-content-wrap\" style=\"max-width:calc( 1100px + 0px );margin-left: calc(-0px \/ 2 );margin-right: calc(-0px \/ 2 );\"><div class=\"fusion-layout-column fusion_builder_column fusion-builder-column-0 fusion_builder_column_1_1 1_1 fusion-flex-column\" style=\"--awb-padding-top:30px;--awb-padding-bottom:19px;--awb-bg-color:rgba(178,178,178,0.58);--awb-bg-color-hover:rgba(178,178,178,0.58);--awb-bg-size:cover;--awb-width-large:100%;--awb-margin-top-large:0px;--awb-spacing-right-large:0px;--awb-margin-bottom-large:66px;--awb-spacing-left-large:0px;--awb-width-medium:100%;--awb-spacing-right-medium:0px;--awb-spacing-left-medium:0px;--awb-width-small:100%;--awb-spacing-right-small:0px;--awb-spacing-left-small:0px;\"><div class=\"fusion-column-wrapper fusion-column-has-shadow fusion-flex-justify-content-flex-start fusion-content-layout-column\"><div class=\"fusion-text fusion-text-1\"><h1 style=\"text-align: center;color: #ffffff;font-size: 36px;font-family: 'Coming Soon'\" data-fusion-font=\"true\" data-fusion-google-font=\"Coming Soon\" data-fusion-google-variant=\"400\" data-fusion-google-subset=\"latin\"><span style=\"font-style: var(--body_typography-font-style,normal);letter-spacing: var(--body_typography-letter-spacing)\"><b>Sesiones de Escuela para Padres<\/b><\/span><\/h1>\n<\/div><\/div><\/div><\/div><\/div><div class=\"fusion-fullwidth fullwidth-box fusion-builder-row-2 fusion-flex-container nonhundred-percent-fullwidth non-hundred-percent-height-scrolling\" style=\"--awb-border-radius-top-left:0px;--awb-border-radius-top-right:0px;--awb-border-radius-bottom-right:0px;--awb-border-radius-bottom-left:0px;--awb-flex-wrap:wrap;\" ><div class=\"fusion-builder-row fusion-row fusion-flex-align-items-flex-start fusion-flex-content-wrap\" style=\"max-width:1144px;margin-left: calc(-4% \/ 2 );margin-right: calc(-4% \/ 2 );\"><div class=\"fusion-layout-column fusion_builder_column fusion-builder-column-1 fusion_builder_column_1_1 1_1 fusion-flex-column\" style=\"--awb-bg-size:cover;--awb-width-large:100%;--awb-margin-top-large:0px;--awb-spacing-right-large:1.92%;--awb-margin-bottom-large:20px;--awb-spacing-left-large:1.92%;--awb-width-medium:100%;--awb-spacing-right-medium:1.92%;--awb-spacing-left-medium:1.92%;--awb-width-small:100%;--awb-spacing-right-small:1.92%;--awb-spacing-left-small:1.92%;\"><div class=\"fusion-column-wrapper fusion-column-has-shadow fusion-flex-justify-content-flex-start fusion-content-layout-column\"><div class=\"fusion-section-separator section-separator triangle fusion-section-separator-1\" style=\"--awb-border-top:0px solid #f6f6f6;--awb-spacer-height:0px;--awb-svg-margin-left:1.92%;--awb-svg-margin-right:1.92%;--awb-svg-margin-left-medium:1.92%;--awb-svg-margin-right-medium:1.92%;--awb-svg-margin-left-small:1.92%;--awb-svg-margin-right-small:1.92%;--awb-icon-color:#ffffff;\"><div class=\"fusion-section-separator-svg\"><div class=\"divider-candy-arrow top\" style=\"bottom:0px;border-bottom-color: #f6f6f6;\"><\/div><div class=\"divider-candy top\" style=\"top:-20px;border-bottom:1px solid #f6f6f6;border-left:1px solid #f6f6f6;\"><\/div><\/div><div class=\"fusion-section-separator-spacer\"><div class=\"fusion-section-separator-spacer-height\"><\/div><\/div><\/div><\/div><\/div><\/div><\/div><div class=\"fusion-fullwidth fullwidth-box fusion-builder-row-3 fusion-flex-container nonhundred-percent-fullwidth non-hundred-percent-height-scrolling\" style=\"--awb-border-radius-top-left:0px;--awb-border-radius-top-right:0px;--awb-border-radius-bottom-right:0px;--awb-border-radius-bottom-left:0px;--awb-margin-top:30px;--awb-flex-wrap:wrap;\" ><div class=\"fusion-builder-row fusion-row fusion-flex-align-items-flex-start fusion-flex-content-wrap\" style=\"max-width:calc( 1100px + 0px );margin-left: calc(-0px \/ 2 );margin-right: calc(-0px \/ 2 );\"><div class=\"fusion-layout-column fusion_builder_column fusion-builder-column-2 fusion_builder_column_1_1 1_1 fusion-flex-column\" style=\"--awb-bg-size:cover;--awb-width-large:100%;--awb-margin-top-large:0px;--awb-spacing-right-large:0px;--awb-margin-bottom-large:20px;--awb-spacing-left-large:0px;--awb-width-medium:100%;--awb-spacing-right-medium:0px;--awb-spacing-left-medium:0px;--awb-width-small:100%;--awb-spacing-right-small:0px;--awb-spacing-left-small:0px;\"><div class=\"fusion-column-wrapper fusion-column-has-shadow fusion-flex-justify-content-flex-start fusion-content-layout-column\"><div class=\"fusion-text fusion-text-2\"><\/div><\/div><\/div><div class=\"fusion-layout-column fusion_builder_column fusion-builder-column-3 fusion_builder_column_1_1 1_1 fusion-flex-column\" style=\"--awb-padding-top:33px;--awb-padding-right:33px;--awb-padding-bottom:33px;--awb-padding-left:33px;--awb-overflow:hidden;--awb-bg-color:#85c8db;--awb-bg-color-hover:#85c8db;--awb-bg-size:cover;--awb-box-shadow:20px 20px 24px -3px ;;--awb-border-radius:20px 20px 20px 20px;--awb-width-large:100%;--awb-margin-top-large:0px;--awb-spacing-right-large:0px;--awb-margin-bottom-large:20px;--awb-spacing-left-large:0px;--awb-width-medium:100%;--awb-spacing-right-medium:0px;--awb-spacing-left-medium:0px;--awb-width-small:100%;--awb-spacing-right-small:0px;--awb-spacing-left-small:0px;\"><div class=\"fusion-column-wrapper fusion-column-has-shadow fusion-flex-justify-content-flex-start fusion-content-layout-column\"><div class=\"fusion-text fusion-text-3 fusion-animated\" style=\"--awb-font-size:20px;\" data-animationType=\"fadeInUp\" data-animationDuration=\"1.0\" data-animationOffset=\"top-into-view\"><p style=\"font-size: 33px;color: #ffffff;text-align: center\" data-fusion-font=\"true\">Control parental y seguridad<\/p>\n<p style=\"font-size: 33px;color: #ffffff;text-align: center\" data-fusion-font=\"true\">digital<\/p>\n<p style=\"text-align: justify;color: #ffffff;font-size: 23px\" data-fusion-font=\"true\">Es importante ayudar a los padres a proteger a sus hijos, habl\u00e9 sobre algunas de las herramientas de control parental m\u00e1s efectivas disponibles en la actualidad, como los filtros de contenido y los l\u00edmites de tiempo de pantalla. Tambi\u00e9n destac\u00e9 la importancia de la educaci\u00f3n y la comunicaci\u00f3n abierta con los hijos para crear un ambiente seguro en l\u00ednea.<\/h2>\n<\/div><iframe width=\"100%\" height=\"600\" src=\"https:\/\/www.youtube.com\/embed\/fpnOAY7FalM\" title=\"YouTube video player\" frameborder=\"0\" allow=\"accelerometer; autoplay; clipboard-write; encrypted-media; gyroscope; picture-in-picture; web-share\" allowfullscreen><\/iframe><\/div><\/div><div class=\"fusion-layout-column fusion_builder_column fusion-builder-column-4 fusion_builder_column_1_1 1_1 fusion-flex-column\" style=\"--awb-padding-top:33px;--awb-padding-right:33px;--awb-padding-bottom:33px;--awb-padding-left:33px;--awb-overflow:hidden;--awb-bg-color:#9b609e;--awb-bg-color-hover:#9b609e;--awb-bg-size:cover;--awb-box-shadow:20px 20px 24px -3px ;;--awb-border-radius:20px 20px 20px 20px;--awb-width-large:100%;--awb-margin-top-large:0px;--awb-spacing-right-large:0px;--awb-margin-bottom-large:20px;--awb-spacing-left-large:0px;--awb-width-medium:100%;--awb-spacing-right-medium:0px;--awb-spacing-left-medium:0px;--awb-width-small:100%;--awb-spacing-right-small:0px;--awb-spacing-left-small:0px;\"><div class=\"fusion-column-wrapper fusion-column-has-shadow fusion-flex-justify-content-flex-start fusion-content-layout-column\"><div class=\"fusion-text fusion-text-4 fusion-animated\" data-animationType=\"fadeInUp\" data-animationDuration=\"1.0\" data-animationOffset=\"top-into-view\"><p style=\"font-size: 33px;color: #ffffff;text-align: center\" data-fusion-font=\"true\">Mis pensamientos Influyen en el desarrollo de mis hijos<\/p>\n<p style=\"text-align: justify;color: #ffffff;font-size: 23px\" data-fusion-font=\"true\">Hoy te presento la Conferencia:<br \/>\n&#8220;Mis pensamientos Influyen en el desarrollo de mis Hijos&#8221;<br \/>\nPresentada a la Asociaci\u00f3n de Padres de Familia del Colegio La Salle de Seglares<\/p>\n<\/div><iframe width=100%\" height=\"600\" src=\"https:\/\/www.youtube.com\/embed\/48S95sb1C_s\" title=\"YouTube video player\" frameborder=\"0\" allow=\"accelerometer; autoplay; clipboard-write; encrypted-media; gyroscope; picture-in-picture\" allowfullscreen><\/iframe>\n\n<\/div><\/div><div class=\"fusion-layout-column fusion_builder_column fusion-builder-column-5 fusion_builder_column_1_1 1_1 fusion-flex-column\" style=\"--awb-padding-top:33px;--awb-padding-right:33px;--awb-padding-bottom:33px;--awb-padding-left:33px;--awb-overflow:hidden;--awb-bg-color:#8f6929;--awb-bg-color-hover:#8f6929;--awb-bg-size:cover;--awb-box-shadow:20px 20px 24px -3px ;;--awb-border-radius:20px 20px 20px 20px;--awb-width-large:100%;--awb-margin-top-large:0px;--awb-spacing-right-large:0px;--awb-margin-bottom-large:20px;--awb-spacing-left-large:0px;--awb-width-medium:100%;--awb-spacing-right-medium:0px;--awb-spacing-left-medium:0px;--awb-width-small:100%;--awb-spacing-right-small:0px;--awb-spacing-left-small:0px;\"><div class=\"fusion-column-wrapper fusion-column-has-shadow fusion-flex-justify-content-flex-start fusion-content-layout-column\"><div class=\"fusion-text fusion-text-5 fusion-animated\" data-animationType=\"fadeInUp\" data-animationDuration=\"1.0\" data-animationOffset=\"top-into-view\"><p style=\"font-size: 33px;color: #ffffff;text-align: center\" data-fusion-font=\"true\">Familia y nuevas metodolog\u00edas en educaci\u00f3n<\/p>\n<p style=\"text-align: justify;color: #ffffff;font-size: 23px\" data-fusion-font=\"true\">Impartida por la licenciada en pedagog\u00eda, <b>Jessica Mart\u00ednez<\/b>, Coordinadora Acad\u00e9mica de primaria. La sociedad est\u00e1 cambiando a ritmos vertiginosos, los alumnos que hoy est\u00e1n en educaci\u00f3n b\u00e1sica, tendr\u00e1n grandes retos que enfrentar en el futuro\u2026 algunas de las carreras que estudiar\u00e1n, \u00a1hoy ni siquiera existen!<br \/>\n\u00bfQu\u00e9 habilidades debemos desarrollar en los ni\u00f1os para garantizar que est\u00e9n preparados para estos retos?<br \/>\n\u00bfC\u00f3mo impacta la relaci\u00f3n escuela-familia para lograr los objetivos educativos?<br \/>\n\u00bfConocemos las diferencias entre la escuela actual a la escuela en la que estudiamos nosotros?<br \/>\nEn esta charla reflexionaremos sobre \u00e9stas y otras cuestiones que nos ayuden a favorecer un desarrollo integral en nuestros alumnos.<\/p>\n<\/div><iframe src=\"https:\/\/drive.google.com\/file\/d\/1MalgBPi8ELCBXSP759MU1RoilyKaKvnU\/preview\" width=100% height=\"588\"><\/iframe>\n\n\n<\/div><\/div><div class=\"fusion-layout-column fusion_builder_column fusion-builder-column-6 fusion_builder_column_1_1 1_1 fusion-flex-column\" style=\"--awb-padding-top:33px;--awb-padding-right:33px;--awb-padding-bottom:33px;--awb-padding-left:33px;--awb-overflow:hidden;--awb-bg-color:#0090dd;--awb-bg-color-hover:#0090dd;--awb-bg-size:cover;--awb-box-shadow:20px 20px 24px -3px ;;--awb-border-radius:20px 20px 20px 20px;--awb-width-large:100%;--awb-margin-top-large:56px;--awb-spacing-right-large:0px;--awb-margin-bottom-large:20px;--awb-spacing-left-large:0px;--awb-width-medium:100%;--awb-spacing-right-medium:0px;--awb-spacing-left-medium:0px;--awb-width-small:100%;--awb-spacing-right-small:0px;--awb-spacing-left-small:0px;\"><div class=\"fusion-column-wrapper fusion-column-has-shadow fusion-flex-justify-content-flex-start fusion-content-layout-column\"><div class=\"fusion-text fusion-text-6 fusion-animated\" data-animationType=\"fadeInUp\" data-animationDuration=\"1.0\" data-animationOffset=\"top-into-view\"><p style=\"font-size: 33px;color: #ffffff;text-align: center\" data-fusion-font=\"true\">\u00bfC\u00f3mo orientar a mi hijo en el uso y cuidados en internet?<\/p>\n<p style=\"text-align: justify;color: #ffffff;font-size: 23px\" data-fusion-font=\"true\">Observa la platica impartida por los docentes de Robotic\u00b4s: <b>Pedagoga Silvia P\u00e9rez e Ingeniero Irving Ju\u00e1rez<\/b>. En la cual platicaremos sobre algunos riesgos que se tienen en el uso de Internet, y c\u00f3mo los podemos tratar con nuestros hijos de una manera que los ni\u00f1os asuman sus propias responsabilidades y decisiones a fin de lograr un uso preventivo, responsable y respetuoso en la red.<\/p>\n<\/div><iframe src=\"https:\/\/drive.google.com\/file\/d\/143CFtr0BT-jq8ggv31crI0pvadEZyVVP\/preview\" width=100% height=\"588\"><\/iframe><\/div><\/div><div class=\"fusion-layout-column fusion_builder_column fusion-builder-column-7 fusion_builder_column_1_1 1_1 fusion-flex-column\" style=\"--awb-padding-top:33px;--awb-padding-right:33px;--awb-padding-bottom:33px;--awb-padding-left:33px;--awb-overflow:hidden;--awb-bg-color:#8f6929;--awb-bg-color-hover:#8f6929;--awb-bg-size:cover;--awb-box-shadow:20px 20px 24px -3px ;;--awb-border-radius:20px 20px 20px 20px;--awb-width-large:100%;--awb-margin-top-large:56px;--awb-spacing-right-large:0px;--awb-margin-bottom-large:20px;--awb-spacing-left-large:0px;--awb-width-medium:100%;--awb-spacing-right-medium:0px;--awb-spacing-left-medium:0px;--awb-width-small:100%;--awb-spacing-right-small:0px;--awb-spacing-left-small:0px;\"><div class=\"fusion-column-wrapper fusion-column-has-shadow fusion-flex-justify-content-flex-start fusion-content-layout-column\"><div class=\"fusion-text fusion-text-7 fusion-animated\" style=\"--awb-font-size:20px;\" data-animationType=\"fadeInUp\" data-animationDuration=\"1.0\" data-animationOffset=\"top-into-view\"><p style=\"font-size: 33px;color: #ffffff;text-align: center\" data-fusion-font=\"true\">Las nuevas adicciones de hoy<\/p>\n<p style=\"text-align: justify;color: #ffffff;font-size: 23px\" data-fusion-font=\"true\">Impartida por el <b>Profr. Edgar Ortiz<\/b>, Coordinador de Formaci\u00f3n Humana de primaria.<br \/>\nLa pandemia nos ha resguardado y nos demostr\u00f3 que nuestro hogar, adem\u00e1s de ser el nuevo lugar de trabajo y escuela, es tambi\u00e9n el lugar m\u00e1s seguro, as\u00ed como el espacio en el que continuamente buscamos nuevas formas para tratar de sobrellevar el encierro y sobre todo de identificar nuestras emociones, las cuales se han vuelto dif\u00edciles de controlar. <\/p>\n<\/div><iframe src=\"https:\/\/drive.google.com\/file\/d\/10ejQOFBc1-3U-RRuCEY86Ta3uhm_bgSB\/preview\" width=100% height=\"588\"><\/iframe><\/div><\/div><div class=\"fusion-layout-column fusion_builder_column fusion-builder-column-8 fusion_builder_column_1_1 1_1 fusion-flex-column\" style=\"--awb-padding-top:33px;--awb-padding-right:33px;--awb-padding-bottom:33px;--awb-padding-left:33px;--awb-overflow:hidden;--awb-bg-color:#0090dd;--awb-bg-color-hover:#0090dd;--awb-bg-size:cover;--awb-box-shadow:20px 20px 24px -3px ;;--awb-border-radius:20px 20px 20px 20px;--awb-width-large:100%;--awb-margin-top-large:56px;--awb-spacing-right-large:0px;--awb-margin-bottom-large:20px;--awb-spacing-left-large:0px;--awb-width-medium:100%;--awb-spacing-right-medium:0px;--awb-spacing-left-medium:0px;--awb-width-small:100%;--awb-spacing-right-small:0px;--awb-spacing-left-small:0px;\"><div class=\"fusion-column-wrapper fusion-column-has-shadow fusion-flex-justify-content-flex-start fusion-content-layout-column\"><div class=\"fusion-text fusion-text-8 fusion-animated\" data-animationType=\"fadeInUp\" data-animationDuration=\"1.0\" data-animationOffset=\"top-into-view\"><p style=\"font-size: 33px;color: #ffffff;text-align: center\" data-fusion-font=\"true\">Ideas para vivir las matem\u00e1ticas en casa.<\/p>\n<p style=\"text-align: justify;color: #ffffff;font-size: 23px\" data-fusion-font=\"true\">Impartida por la profesora, <b>Adriana Rueda<\/b>, docente de espa\u00f1ol en 4\u00ba de primaria.<\/p>\n<p style=\"text-align: justify;color: #ffffff;font-size: 23px\" data-fusion-font=\"true\">Sesi\u00f3n en la que se mostrar\u00e1n actividades pr\u00e1cticas que apoyan la comprensi\u00f3n de las matem\u00e1ticas y adem\u00e1s llevar\u00e1n a tu hijo a disfrutar del aprendizaje y a desarrollar su pensamiento l\u00f3gico.<\/p>\n<\/div><iframe src=\"https:\/\/drive.google.com\/file\/d\/1T15T0mYcu1oGfW6PEnpC_GEOae6_Ln0S\/preview\" width=100% height=\"588\"><\/iframe><\/div><\/div><div class=\"fusion-layout-column fusion_builder_column fusion-builder-column-9 fusion_builder_column_1_1 1_1 fusion-flex-column\" style=\"--awb-padding-top:33px;--awb-padding-right:33px;--awb-padding-bottom:33px;--awb-padding-left:33px;--awb-overflow:hidden;--awb-bg-color:#8f6929;--awb-bg-color-hover:#8f6929;--awb-bg-size:cover;--awb-box-shadow:20px 20px 24px -3px ;;--awb-border-radius:20px 20px 20px 20px;--awb-width-large:100%;--awb-margin-top-large:56px;--awb-spacing-right-large:0px;--awb-margin-bottom-large:20px;--awb-spacing-left-large:0px;--awb-width-medium:100%;--awb-spacing-right-medium:0px;--awb-spacing-left-medium:0px;--awb-width-small:100%;--awb-spacing-right-small:0px;--awb-spacing-left-small:0px;\"><div class=\"fusion-column-wrapper fusion-column-has-shadow fusion-flex-justify-content-flex-start fusion-content-layout-column\"><div class=\"fusion-text fusion-text-9 fusion-animated\" data-animationType=\"fadeInUp\" data-animationDuration=\"1.0\" data-animationOffset=\"top-into-view\"><p style=\"font-size: 33px;color: #ffffff;text-align: center\" data-fusion-font=\"true\">Manejo del Tiempo Libre\n<\/p>\n<p style=\"text-align: justify;color: #ffffff;font-size: 23px\" data-fusion-font=\"true\">En tiempos de pandemia, frecuentemente recurrimos a &#8220;los dispositivos electr\u00f3nicos&#8221; para ayudarnos en el entretenimiento de los ni\u00f1os.<br \/>\nSu uso excesivo perjudica la salud mental y an\u00edmica de nuestros hijos y a veces perdemos de vista la gama de posibilidades que podemos llegar a tener, o mejor a\u00fan, para crear momentos memorables para nuestros hijos. Pl\u00e1tica impartida por la Maestra Beatriz S\u00e1nchez Mendoza, Licenciada en Educaci\u00f3n Primaria con Maestr\u00eda en Ciencias de la Educaci\u00f3n y maestra titular de 4\u00ba C.<\/p>\n<\/div><iframe src=\"https:\/\/drive.google.com\/file\/d\/107pVnjVOvF3grU49UsjK4YHYiI7d_RFN\/preview\" width=100% height=\"480\"><\/iframe><\/div><\/div><\/div><\/div><\/p>\n","protected":false},"excerpt":{"rendered":"","protected":false},"author":1,"featured_media":0,"parent":0,"menu_order":0,"comment_status":"closed","ping_status":"closed","template":"100-width.php","meta":{"footnotes":""},"class_list":["post-1287","page","type-page","status-publish","hentry"],"yoast_head":"<!-- This site is optimized with the Yoast SEO Premium plugin v21.8 (Yoast SEO v25.6) - https:\/\/yoast.com\/wordpress\/plugins\/seo\/ -->\n<title>Sesiones de Escuela para Padres - Colegio La Salle de seglares PRIMARIA<\/title>\n<meta name=\"robots\" content=\"index, follow, max-snippet:-1, max-image-preview:large, max-video-preview:-1\" \/>\n<link rel=\"canonical\" href=\"https:\/\/colegiolasalle.edu.mx\/primaria\/sesiones-de-escuela-para-padres\/\" \/>\n<meta property=\"og:locale\" content=\"es_MX\" \/>\n<meta property=\"og:type\" content=\"article\" \/>\n<meta property=\"og:title\" content=\"Sesiones de Escuela para Padres\" \/>\n<meta property=\"og:url\" content=\"https:\/\/colegiolasalle.edu.mx\/primaria\/sesiones-de-escuela-para-padres\/\" \/>\n<meta property=\"og:site_name\" content=\"Colegio La Salle de seglares PRIMARIA\" \/>\n<meta property=\"article:modified_time\" content=\"2024-07-18T01:59:45+00:00\" \/>\n<meta name=\"twitter:card\" content=\"summary_large_image\" \/>\n<meta name=\"twitter:label1\" content=\"Tiempo de lectura\" \/>\n\t<meta name=\"twitter:data1\" content=\"15 minutos\" \/>\n<script type=\"application\/ld+json\" class=\"yoast-schema-graph\">{\"@context\":\"https:\/\/schema.org\",\"@graph\":[{\"@type\":\"WebPage\",\"@id\":\"https:\/\/colegiolasalle.edu.mx\/primaria\/sesiones-de-escuela-para-padres\/\",\"url\":\"https:\/\/colegiolasalle.edu.mx\/primaria\/sesiones-de-escuela-para-padres\/\",\"name\":\"Sesiones de Escuela para Padres - Colegio La Salle de seglares PRIMARIA\",\"isPartOf\":{\"@id\":\"https:\/\/colegiolasalle.edu.mx\/primaria\/#website\"},\"datePublished\":\"2021-03-11T17:46:48+00:00\",\"dateModified\":\"2024-07-18T01:59:45+00:00\",\"breadcrumb\":{\"@id\":\"https:\/\/colegiolasalle.edu.mx\/primaria\/sesiones-de-escuela-para-padres\/#breadcrumb\"},\"inLanguage\":\"es\",\"potentialAction\":[{\"@type\":\"ReadAction\",\"target\":[\"https:\/\/colegiolasalle.edu.mx\/primaria\/sesiones-de-escuela-para-padres\/\"]}]},{\"@type\":\"BreadcrumbList\",\"@id\":\"https:\/\/colegiolasalle.edu.mx\/primaria\/sesiones-de-escuela-para-padres\/#breadcrumb\",\"itemListElement\":[{\"@type\":\"ListItem\",\"position\":1,\"name\":\"Home\",\"item\":\"https:\/\/colegiolasalle.edu.mx\/primaria\/\"},{\"@type\":\"ListItem\",\"position\":2,\"name\":\"Sesiones de Escuela para Padres\"}]},{\"@type\":\"WebSite\",\"@id\":\"https:\/\/colegiolasalle.edu.mx\/primaria\/#website\",\"url\":\"https:\/\/colegiolasalle.edu.mx\/primaria\/\",\"name\":\"Colegio La Salle de seglares PRIMARIA\",\"description\":\"\",\"potentialAction\":[{\"@type\":\"SearchAction\",\"target\":{\"@type\":\"EntryPoint\",\"urlTemplate\":\"https:\/\/colegiolasalle.edu.mx\/primaria\/?s={search_term_string}\"},\"query-input\":{\"@type\":\"PropertyValueSpecification\",\"valueRequired\":true,\"valueName\":\"search_term_string\"}}],\"inLanguage\":\"es\"}]}<\/script>\n<!-- \/ Yoast SEO Premium plugin. -->","yoast_head_json":{"title":"Sesiones de Escuela para Padres - Colegio La Salle de seglares PRIMARIA","robots":{"index":"index","follow":"follow","max-snippet":"max-snippet:-1","max-image-preview":"max-image-preview:large","max-video-preview":"max-video-preview:-1"},"canonical":"https:\/\/colegiolasalle.edu.mx\/primaria\/sesiones-de-escuela-para-padres\/","og_locale":"es_MX","og_type":"article","og_title":"Sesiones de Escuela para Padres","og_url":"https:\/\/colegiolasalle.edu.mx\/primaria\/sesiones-de-escuela-para-padres\/","og_site_name":"Colegio La Salle de seglares PRIMARIA","article_modified_time":"2024-07-18T01:59:45+00:00","twitter_card":"summary_large_image","twitter_misc":{"Tiempo de lectura":"15 minutos"},"schema":{"@context":"https:\/\/schema.org","@graph":[{"@type":"WebPage","@id":"https:\/\/colegiolasalle.edu.mx\/primaria\/sesiones-de-escuela-para-padres\/","url":"https:\/\/colegiolasalle.edu.mx\/primaria\/sesiones-de-escuela-para-padres\/","name":"Sesiones de Escuela para Padres - Colegio La Salle de seglares PRIMARIA","isPartOf":{"@id":"https:\/\/colegiolasalle.edu.mx\/primaria\/#website"},"datePublished":"2021-03-11T17:46:48+00:00","dateModified":"2024-07-18T01:59:45+00:00","breadcrumb":{"@id":"https:\/\/colegiolasalle.edu.mx\/primaria\/sesiones-de-escuela-para-padres\/#breadcrumb"},"inLanguage":"es","potentialAction":[{"@type":"ReadAction","target":["https:\/\/colegiolasalle.edu.mx\/primaria\/sesiones-de-escuela-para-padres\/"]}]},{"@type":"BreadcrumbList","@id":"https:\/\/colegiolasalle.edu.mx\/primaria\/sesiones-de-escuela-para-padres\/#breadcrumb","itemListElement":[{"@type":"ListItem","position":1,"name":"Home","item":"https:\/\/colegiolasalle.edu.mx\/primaria\/"},{"@type":"ListItem","position":2,"name":"Sesiones de Escuela para Padres"}]},{"@type":"WebSite","@id":"https:\/\/colegiolasalle.edu.mx\/primaria\/#website","url":"https:\/\/colegiolasalle.edu.mx\/primaria\/","name":"Colegio La Salle de seglares PRIMARIA","description":"","potentialAction":[{"@type":"SearchAction","target":{"@type":"EntryPoint","urlTemplate":"https:\/\/colegiolasalle.edu.mx\/primaria\/?s={search_term_string}"},"query-input":{"@type":"PropertyValueSpecification","valueRequired":true,"valueName":"search_term_string"}}],"inLanguage":"es"}]}},"_links":{"self":[{"href":"https:\/\/colegiolasalle.edu.mx\/primaria\/wp-json\/wp\/v2\/pages\/1287","targetHints":{"allow":["GET"]}}],"collection":[{"href":"https:\/\/colegiolasalle.edu.mx\/primaria\/wp-json\/wp\/v2\/pages"}],"about":[{"href":"https:\/\/colegiolasalle.edu.mx\/primaria\/wp-json\/wp\/v2\/types\/page"}],"author":[{"embeddable":true,"href":"https:\/\/colegiolasalle.edu.mx\/primaria\/wp-json\/wp\/v2\/users\/1"}],"replies":[{"embeddable":true,"href":"https:\/\/colegiolasalle.edu.mx\/primaria\/wp-json\/wp\/v2\/comments?post=1287"}],"version-history":[{"count":2,"href":"https:\/\/colegiolasalle.edu.mx\/primaria\/wp-json\/wp\/v2\/pages\/1287\/revisions"}],"predecessor-version":[{"id":2535,"href":"https:\/\/colegiolasalle.edu.mx\/primaria\/wp-json\/wp\/v2\/pages\/1287\/revisions\/2535"}],"wp:attachment":[{"href":"https:\/\/colegiolasalle.edu.mx\/primaria\/wp-json\/wp\/v2\/media?parent=1287"}],"curies":[{"name":"wp","href":"https:\/\/api.w.org\/{rel}","templated":true}]}}