{"id":1167,"date":"2021-01-08T01:41:14","date_gmt":"2021-01-08T01:41:14","guid":{"rendered":"https:\/\/colegiolasalle.edu.mx\/primaria\/?page_id=1167"},"modified":"2024-01-24T19:07:41","modified_gmt":"2024-01-24T19:07:41","slug":"zoombers","status":"publish","type":"page","link":"https:\/\/colegiolasalle.edu.mx\/primaria\/zoombers\/","title":{"rendered":"Zoombers"},"content":{"rendered":"<p><div class=\"fusion-fullwidth fullwidth-box fusion-builder-row-1 fusion-flex-container nonhundred-percent-fullwidth non-hundred-percent-height-scrolling\" style=\"--awb-border-radius-top-left:0px;--awb-border-radius-top-right:0px;--awb-border-radius-bottom-right:0px;--awb-border-radius-bottom-left:0px;--awb-flex-wrap:wrap;\" ><div class=\"fusion-builder-row fusion-row fusion-flex-align-items-flex-start fusion-flex-content-wrap\" style=\"max-width:calc( 1100px + 0px );margin-left: calc(-0px \/ 2 );margin-right: calc(-0px \/ 2 );\"><div class=\"fusion-layout-column fusion_builder_column fusion-builder-column-0 fusion_builder_column_1_1 1_1 fusion-flex-column\" style=\"--awb-padding-top:33px;--awb-padding-right:33px;--awb-padding-bottom:33px;--awb-padding-left:33px;--awb-overflow:hidden;--awb-bg-color:#1bafde;--awb-bg-color-hover:#1bafde;--awb-bg-size:cover;--awb-box-shadow:20px 20px 24px -3px ;;--awb-border-radius:20px 20px 20px 20px;--awb-width-large:100%;--awb-margin-top-large:0px;--awb-spacing-right-large:0px;--awb-margin-bottom-large:20px;--awb-spacing-left-large:0px;--awb-width-medium:100%;--awb-spacing-right-medium:0px;--awb-spacing-left-medium:0px;--awb-width-small:100%;--awb-spacing-right-small:0px;--awb-spacing-left-small:0px;\"><div class=\"fusion-column-wrapper fusion-column-has-shadow fusion-flex-justify-content-flex-start fusion-content-layout-column\"><div class=\"fusion-text fusion-text-1\"><p style=\"font-size: 33px;color: #ffffff;text-align: center\" data-fusion-font=\"true\">\u00bfQu\u00e9 es Zoombers?<\/p>\n<p style=\"text-align: justify;color: #ffffff;font-size: 23px\" data-fusion-font=\"true\">Zoombers es una plataforma de videojuegos educativos que hacen las matem\u00e1ticas divertidas y muy f\u00e1ciles.<br \/>\nEs una plataforma dirigida a ni\u00f1os de entre 6 y 12 a\u00f1os que les ayuda a personalizar su aprendizaje a trav\u00e9s de videojuegos en donde pueden comprender y razonar mejor las matem\u00e1ticas mientras se divierten.<\/p>\n<\/div><div class=\"fusion-image-element \" style=\"--awb-caption-title-font-family:var(--h2_typography-font-family);--awb-caption-title-font-weight:var(--h2_typography-font-weight);--awb-caption-title-font-style:var(--h2_typography-font-style);--awb-caption-title-size:var(--h2_typography-font-size);--awb-caption-title-transform:var(--h2_typography-text-transform);--awb-caption-title-line-height:var(--h2_typography-line-height);--awb-caption-title-letter-spacing:var(--h2_typography-letter-spacing);\"><span class=\" fusion-imageframe imageframe-none imageframe-1 hover-type-zoomin fusion-animated\" style=\"border:6px solid #f6f6f6;border-radius:20px;\" data-animationType=\"fadeInUp\" data-animationDuration=\"1.0\" data-animationOffset=\"top-into-view\"><img decoding=\"async\" width=\"1200\" height=\"444\" title=\"Zoombers_p\" src=\"http:\/\/34.134.90.17\/primaria\/wp-content\/uploads\/sites\/2\/2021\/01\/Zoombers_p.jpg\" alt class=\"img-responsive wp-image-1171\" srcset=\"https:\/\/colegiolasalle.edu.mx\/primaria\/wp-content\/uploads\/sites\/2\/2021\/01\/Zoombers_p-200x74.jpg 200w, https:\/\/colegiolasalle.edu.mx\/primaria\/wp-content\/uploads\/sites\/2\/2021\/01\/Zoombers_p-400x148.jpg 400w, https:\/\/colegiolasalle.edu.mx\/primaria\/wp-content\/uploads\/sites\/2\/2021\/01\/Zoombers_p-600x222.jpg 600w, https:\/\/colegiolasalle.edu.mx\/primaria\/wp-content\/uploads\/sites\/2\/2021\/01\/Zoombers_p-800x296.jpg 800w, https:\/\/colegiolasalle.edu.mx\/primaria\/wp-content\/uploads\/sites\/2\/2021\/01\/Zoombers_p.jpg 1200w\" sizes=\"(max-width: 640px) 100vw, 1200px\" \/><\/span><\/div><div class=\"fusion-text fusion-text-2\" style=\"--awb-font-size:20px;\"><p data-fusion-font=\"true\">\u00a0<\/p>\n<p style=\"text-align: justify;color: #ffffff;font-size: 23px\" data-fusion-font=\"true\">Todo esto gracias al motor de inteligencia artificial que va analizando el rendimiento de cada ni\u00f1o y adecuando las recomendaciones para saber qu\u00e9 juego va dirigido a mejorar qu\u00e9 habilidad.<\/p>\n<p style=\"text-align: justify;color: #ffffff;font-size: 23px\" data-fusion-font=\"true\">No solo ofrece videojuegos educativos, tambi\u00e9n existe un portal web en donde padres y profesores pueden monitorear el progreso de los alumnos.<\/p>\n<p style=\"text-align: justify;color: #ffffff;font-size: 23px\" data-fusion-font=\"true\">Para los ni\u00f1os, tiene herramientas para hacer retadora y llamativa la experiencia, como la creaci\u00f3n de avatares, poderes especiales y otras sorpresas m\u00e1s.<\/p>\n<\/div><iframe src=\"https:\/\/drive.google.com\/file\/d\/1tiY7ckn0mYZ715aJAckBmz0E2kJaCojD\/preview\" width=100% height=\"480\"><\/iframe><div class=\"fusion-text fusion-text-3\"><p data-fusion-font=\"true\">\u00a0<\/p>\n<p style=\"text-align: justify;color: #ffffff;font-size: 23px\" data-fusion-font=\"true\">Contiene m\u00e1s de 2000 juegos disponibles en cualquier dispositivo m\u00f3vil o conectado a internet, todos disponibles en espa\u00f1ol e ingl\u00e9s y apegados a los programas de la SEP.<\/p>\n<p style=\"text-align: justify;color: #ffffff;font-size: 23px\" data-fusion-font=\"true\">Constantemente se incluyen nuevos juegos para expandir el cat\u00e1logo.<\/p>\n<p style=\"text-align: justify;color: #ffffff;font-size: 23px\" data-fusion-font=\"true\">Zoombers, m\u00e1s que una aplicaci\u00f3n, es una herramienta que tiene como objetivo mejorar la educaci\u00f3n de las matem\u00e1ticas vinculando escuela, padres y alumnos, a trav\u00e9s de la tecnolog\u00eda.<\/p>\n<p data-fusion-font=\"true\">\u00a0<\/p>\n<\/div><div class=\"fusion-video fusion-youtube\" style=\"--awb-max-width:800px;--awb-max-height:450px;--awb-align-self:center;--awb-width:100%;\"><div class=\"video-shortcode\"><div class=\"fluid-width-video-wrapper\" style=\"padding-top:56.25%;\" ><iframe title=\"YouTube video player 1\" src=\"https:\/\/www.youtube.com\/embed\/ZBvkWLwHUn0?wmode=transparent&autoplay=0\" width=\"800\" height=\"450\" allowfullscreen allow=\"autoplay; fullscreen\"><\/iframe><\/div><\/div><\/div><div class=\"fusion-text fusion-text-4\" style=\"--awb-font-size:20px;\"><p data-fusion-font=\"true\">\u00a0<\/p>\n<p style=\"text-align: justify;color: #ffffff;font-size: 23px\" data-fusion-font=\"true\">Por eso cuenta con p\u00e1ginas y grupos en redes sociales para padres y escuelas, un blog, eventos presenciales y a distancia, talleres, para estar en contacto, mejorar y aprender en comunidad.<\/p>\n<p data-fusion-font=\"true\">\u00a0<\/p>\n<p data-fusion-font=\"true\">\u00a0<\/p>\n<\/div><div class=\"fusion-video fusion-youtube\" style=\"--awb-max-width:800px;--awb-max-height:450px;--awb-align-self:center;--awb-width:100%;\"><div class=\"video-shortcode\"><div class=\"fluid-width-video-wrapper\" style=\"padding-top:56.25%;\" ><iframe title=\"YouTube video player 2\" src=\"https:\/\/www.youtube.com\/embed\/PwbBmtJx2zI?wmode=transparent&autoplay=0\" width=\"800\" height=\"450\" allowfullscreen allow=\"autoplay; fullscreen\"><\/iframe><\/div><\/div><\/div><\/div><\/div><\/div><\/div><div class=\"fusion-fullwidth fullwidth-box fusion-builder-row-2 fusion-flex-container nonhundred-percent-fullwidth non-hundred-percent-height-scrolling\" style=\"--awb-border-radius-top-left:0px;--awb-border-radius-top-right:0px;--awb-border-radius-bottom-right:0px;--awb-border-radius-bottom-left:0px;--awb-flex-wrap:wrap;\" ><div class=\"fusion-builder-row fusion-row fusion-flex-align-items-flex-start fusion-flex-content-wrap\" style=\"max-width:1144px;margin-left: calc(-4% \/ 2 );margin-right: calc(-4% \/ 2 );\"><div class=\"fusion-layout-column fusion_builder_column fusion-builder-column-1 fusion_builder_column_1_3 1_3 fusion-flex-column\" style=\"--awb-padding-top:22.99306px;--awb-padding-bottom:8px;--awb-bg-size:cover;--awb-width-large:33.333333333333%;--awb-margin-top-large:18px;--awb-spacing-right-large:2.88%;--awb-margin-bottom-large:20px;--awb-spacing-left-large:5.76%;--awb-width-medium:33.333333333333%;--awb-spacing-right-medium:2.88%;--awb-spacing-left-medium:5.76%;--awb-width-small:100%;--awb-spacing-right-small:1.92%;--awb-spacing-left-small:1.92%;\"><div class=\"fusion-column-wrapper fusion-column-has-shadow fusion-flex-justify-content-flex-start fusion-content-layout-column\"><div class=\"fusion-image-element \" style=\"text-align:center;--awb-caption-title-font-family:var(--h2_typography-font-family);--awb-caption-title-font-weight:var(--h2_typography-font-weight);--awb-caption-title-font-style:var(--h2_typography-font-style);--awb-caption-title-size:var(--h2_typography-font-size);--awb-caption-title-transform:var(--h2_typography-text-transform);--awb-caption-title-line-height:var(--h2_typography-line-height);--awb-caption-title-letter-spacing:var(--h2_typography-letter-spacing);\"><span class=\" fusion-imageframe imageframe-none imageframe-2 hover-type-zoomin\"><a class=\"fusion-no-lightbox\" href=\"https:\/\/www.zoombers.com\/?fbclid=IwAR0hi7NNBU3GdITuhWwo2thKvY6jkrb1y5DEv6zgoyiPUoJY4yaPTqC_HT4\" target=\"_self\" aria-label=\"zoombers1-5&#215;1-e1571085005327\"><img decoding=\"async\" width=\"450\" height=\"96\" src=\"http:\/\/34.134.90.17\/primaria\/wp-content\/uploads\/sites\/2\/2021\/01\/zoombers1-5x1-e1571085005327.png\" alt class=\"img-responsive wp-image-1203\" srcset=\"https:\/\/colegiolasalle.edu.mx\/primaria\/wp-content\/uploads\/sites\/2\/2021\/01\/zoombers1-5x1-e1571085005327-200x43.png 200w, https:\/\/colegiolasalle.edu.mx\/primaria\/wp-content\/uploads\/sites\/2\/2021\/01\/zoombers1-5x1-e1571085005327-400x85.png 400w, https:\/\/colegiolasalle.edu.mx\/primaria\/wp-content\/uploads\/sites\/2\/2021\/01\/zoombers1-5x1-e1571085005327.png 450w\" sizes=\"(max-width: 640px) 100vw, 400px\" \/><\/a><\/span><\/div><\/div><\/div><div class=\"fusion-layout-column fusion_builder_column fusion-builder-column-2 fusion_builder_column_1_3 1_3 fusion-flex-column\" style=\"--awb-padding-top:9px;--awb-padding-bottom:8px;--awb-bg-size:cover;--awb-width-large:33.333333333333%;--awb-margin-top-large:15px;--awb-spacing-right-large:0%;--awb-margin-bottom-large:20px;--awb-spacing-left-large:2.88%;--awb-width-medium:33.333333333333%;--awb-spacing-right-medium:0%;--awb-spacing-left-medium:2.88%;--awb-width-small:100%;--awb-spacing-right-small:1.92%;--awb-spacing-left-small:1.92%;\"><div class=\"fusion-column-wrapper fusion-column-has-shadow fusion-flex-justify-content-flex-start fusion-content-layout-column\"><div class=\"fusion-image-element \" style=\"text-align:center;--awb-caption-title-font-family:var(--h2_typography-font-family);--awb-caption-title-font-weight:var(--h2_typography-font-weight);--awb-caption-title-font-style:var(--h2_typography-font-style);--awb-caption-title-size:var(--h2_typography-font-size);--awb-caption-title-transform:var(--h2_typography-text-transform);--awb-caption-title-line-height:var(--h2_typography-line-height);--awb-caption-title-letter-spacing:var(--h2_typography-letter-spacing);\"><span class=\" fusion-imageframe imageframe-none imageframe-3 hover-type-zoomin\"><a class=\"fusion-no-lightbox\" href=\"https:\/\/play.google.com\/store\/apps\/details?id=me.illumina.mathland\" target=\"_self\" aria-label=\"play-store\"><img decoding=\"async\" width=\"818\" height=\"243\" src=\"http:\/\/34.134.90.17\/primaria\/wp-content\/uploads\/sites\/2\/2021\/01\/play-store.png\" alt class=\"img-responsive wp-image-1194\" srcset=\"https:\/\/colegiolasalle.edu.mx\/primaria\/wp-content\/uploads\/sites\/2\/2021\/01\/play-store-200x59.png 200w, https:\/\/colegiolasalle.edu.mx\/primaria\/wp-content\/uploads\/sites\/2\/2021\/01\/play-store-400x119.png 400w, https:\/\/colegiolasalle.edu.mx\/primaria\/wp-content\/uploads\/sites\/2\/2021\/01\/play-store-600x178.png 600w, https:\/\/colegiolasalle.edu.mx\/primaria\/wp-content\/uploads\/sites\/2\/2021\/01\/play-store-800x238.png 800w, https:\/\/colegiolasalle.edu.mx\/primaria\/wp-content\/uploads\/sites\/2\/2021\/01\/play-store.png 818w\" sizes=\"(max-width: 640px) 100vw, 400px\" \/><\/a><\/span><\/div><\/div><\/div><div class=\"fusion-layout-column fusion_builder_column fusion-builder-column-3 fusion_builder_column_1_3 1_3 fusion-flex-column\" style=\"--awb-padding-bottom:8px;--awb-bg-size:cover;--awb-width-large:33.333333333333%;--awb-margin-top-large:9.98611px;--awb-spacing-right-large:5.76%;--awb-margin-bottom-large:0px;--awb-spacing-left-large:0%;--awb-width-medium:33.333333333333%;--awb-spacing-right-medium:5.76%;--awb-spacing-left-medium:0%;--awb-width-small:100%;--awb-spacing-right-small:1.92%;--awb-spacing-left-small:1.92%;\"><div class=\"fusion-column-wrapper fusion-column-has-shadow fusion-flex-justify-content-flex-start fusion-content-layout-column\"><div class=\"fusion-image-element \" style=\"text-align:center;--awb-caption-title-font-family:var(--h2_typography-font-family);--awb-caption-title-font-weight:var(--h2_typography-font-weight);--awb-caption-title-font-style:var(--h2_typography-font-style);--awb-caption-title-size:var(--h2_typography-font-size);--awb-caption-title-transform:var(--h2_typography-text-transform);--awb-caption-title-line-height:var(--h2_typography-line-height);--awb-caption-title-letter-spacing:var(--h2_typography-letter-spacing);\"><span class=\" fusion-imageframe imageframe-none imageframe-4 hover-type-zoomin\"><a class=\"fusion-no-lightbox\" href=\"https:\/\/apps.apple.com\/mx\/app\/illumina-mathland\/id1323793140\" target=\"_self\" aria-label=\"ios\"><img decoding=\"async\" width=\"646\" height=\"250\" src=\"http:\/\/34.134.90.17\/primaria\/wp-content\/uploads\/sites\/2\/2021\/01\/ios.png\" alt class=\"img-responsive wp-image-1195\" srcset=\"https:\/\/colegiolasalle.edu.mx\/primaria\/wp-content\/uploads\/sites\/2\/2021\/01\/ios-200x77.png 200w, https:\/\/colegiolasalle.edu.mx\/primaria\/wp-content\/uploads\/sites\/2\/2021\/01\/ios-400x155.png 400w, https:\/\/colegiolasalle.edu.mx\/primaria\/wp-content\/uploads\/sites\/2\/2021\/01\/ios-600x232.png 600w, https:\/\/colegiolasalle.edu.mx\/primaria\/wp-content\/uploads\/sites\/2\/2021\/01\/ios.png 646w\" sizes=\"(max-width: 640px) 100vw, 400px\" \/><\/a><\/span><\/div><\/div><\/div><div class=\"fusion-layout-column fusion_builder_column fusion-builder-column-4 fusion_builder_column_1_1 1_1 fusion-flex-column\" style=\"--awb-bg-size:cover;--awb-width-large:100%;--awb-margin-top-large:0px;--awb-spacing-right-large:1.92%;--awb-margin-bottom-large:0px;--awb-spacing-left-large:1.92%;--awb-width-medium:100%;--awb-spacing-right-medium:1.92%;--awb-spacing-left-medium:1.92%;--awb-width-small:100%;--awb-spacing-right-small:1.92%;--awb-spacing-left-small:1.92%;\"><div class=\"fusion-column-wrapper fusion-column-has-shadow fusion-flex-justify-content-flex-start fusion-content-layout-column\"><div class=\"fusion-text fusion-text-5\"><p>[fusion_widget_area name=&#8221;avada-custom-sidebar-footerzombers&#8221; title_size=&#8221;30px&#8221; title_color=&#8221;#000000&#8243; background_color=&#8221;&#8221; hide_on_mobile=&#8221;small-visibility,medium-visibility,large-visibility&#8221; class=&#8221;&#8221; id=&#8221;&#8221; \/]<\/p>\n<\/div><\/div><\/div><\/div><\/div><\/p>\n","protected":false},"excerpt":{"rendered":"","protected":false},"author":1,"featured_media":0,"parent":0,"menu_order":0,"comment_status":"closed","ping_status":"closed","template":"","meta":{"footnotes":""},"class_list":["post-1167","page","type-page","status-publish","hentry"],"yoast_head":"<!-- This site is optimized with the Yoast SEO Premium plugin v21.8 (Yoast SEO v25.6) - https:\/\/yoast.com\/wordpress\/plugins\/seo\/ -->\n<title>Zoombers - Colegio La Salle de seglares PRIMARIA<\/title>\n<meta name=\"robots\" content=\"index, follow, max-snippet:-1, max-image-preview:large, max-video-preview:-1\" \/>\n<link rel=\"canonical\" href=\"https:\/\/colegiolasalle.edu.mx\/primaria\/zoombers\/\" \/>\n<meta property=\"og:locale\" content=\"es_MX\" \/>\n<meta property=\"og:type\" content=\"article\" \/>\n<meta property=\"og:title\" content=\"Zoombers\" \/>\n<meta property=\"og:url\" content=\"https:\/\/colegiolasalle.edu.mx\/primaria\/zoombers\/\" \/>\n<meta property=\"og:site_name\" content=\"Colegio La Salle de seglares PRIMARIA\" \/>\n<meta property=\"article:modified_time\" content=\"2024-01-24T19:07:41+00:00\" \/>\n<meta name=\"twitter:card\" content=\"summary_large_image\" \/>\n<meta name=\"twitter:label1\" content=\"Tiempo de lectura\" \/>\n\t<meta name=\"twitter:data1\" content=\"8 minutos\" \/>\n<script type=\"application\/ld+json\" class=\"yoast-schema-graph\">{\"@context\":\"https:\/\/schema.org\",\"@graph\":[{\"@type\":\"WebPage\",\"@id\":\"https:\/\/colegiolasalle.edu.mx\/primaria\/zoombers\/\",\"url\":\"https:\/\/colegiolasalle.edu.mx\/primaria\/zoombers\/\",\"name\":\"Zoombers - Colegio La Salle de seglares PRIMARIA\",\"isPartOf\":{\"@id\":\"https:\/\/colegiolasalle.edu.mx\/primaria\/#website\"},\"datePublished\":\"2021-01-08T01:41:14+00:00\",\"dateModified\":\"2024-01-24T19:07:41+00:00\",\"breadcrumb\":{\"@id\":\"https:\/\/colegiolasalle.edu.mx\/primaria\/zoombers\/#breadcrumb\"},\"inLanguage\":\"es\",\"potentialAction\":[{\"@type\":\"ReadAction\",\"target\":[\"https:\/\/colegiolasalle.edu.mx\/primaria\/zoombers\/\"]}]},{\"@type\":\"BreadcrumbList\",\"@id\":\"https:\/\/colegiolasalle.edu.mx\/primaria\/zoombers\/#breadcrumb\",\"itemListElement\":[{\"@type\":\"ListItem\",\"position\":1,\"name\":\"Home\",\"item\":\"https:\/\/colegiolasalle.edu.mx\/primaria\/\"},{\"@type\":\"ListItem\",\"position\":2,\"name\":\"Zoombers\"}]},{\"@type\":\"WebSite\",\"@id\":\"https:\/\/colegiolasalle.edu.mx\/primaria\/#website\",\"url\":\"https:\/\/colegiolasalle.edu.mx\/primaria\/\",\"name\":\"Colegio La Salle de seglares PRIMARIA\",\"description\":\"\",\"potentialAction\":[{\"@type\":\"SearchAction\",\"target\":{\"@type\":\"EntryPoint\",\"urlTemplate\":\"https:\/\/colegiolasalle.edu.mx\/primaria\/?s={search_term_string}\"},\"query-input\":{\"@type\":\"PropertyValueSpecification\",\"valueRequired\":true,\"valueName\":\"search_term_string\"}}],\"inLanguage\":\"es\"}]}<\/script>\n<!-- \/ Yoast SEO Premium plugin. -->","yoast_head_json":{"title":"Zoombers - Colegio La Salle de seglares PRIMARIA","robots":{"index":"index","follow":"follow","max-snippet":"max-snippet:-1","max-image-preview":"max-image-preview:large","max-video-preview":"max-video-preview:-1"},"canonical":"https:\/\/colegiolasalle.edu.mx\/primaria\/zoombers\/","og_locale":"es_MX","og_type":"article","og_title":"Zoombers","og_url":"https:\/\/colegiolasalle.edu.mx\/primaria\/zoombers\/","og_site_name":"Colegio La Salle de seglares PRIMARIA","article_modified_time":"2024-01-24T19:07:41+00:00","twitter_card":"summary_large_image","twitter_misc":{"Tiempo de lectura":"8 minutos"},"schema":{"@context":"https:\/\/schema.org","@graph":[{"@type":"WebPage","@id":"https:\/\/colegiolasalle.edu.mx\/primaria\/zoombers\/","url":"https:\/\/colegiolasalle.edu.mx\/primaria\/zoombers\/","name":"Zoombers - Colegio La Salle de seglares PRIMARIA","isPartOf":{"@id":"https:\/\/colegiolasalle.edu.mx\/primaria\/#website"},"datePublished":"2021-01-08T01:41:14+00:00","dateModified":"2024-01-24T19:07:41+00:00","breadcrumb":{"@id":"https:\/\/colegiolasalle.edu.mx\/primaria\/zoombers\/#breadcrumb"},"inLanguage":"es","potentialAction":[{"@type":"ReadAction","target":["https:\/\/colegiolasalle.edu.mx\/primaria\/zoombers\/"]}]},{"@type":"BreadcrumbList","@id":"https:\/\/colegiolasalle.edu.mx\/primaria\/zoombers\/#breadcrumb","itemListElement":[{"@type":"ListItem","position":1,"name":"Home","item":"https:\/\/colegiolasalle.edu.mx\/primaria\/"},{"@type":"ListItem","position":2,"name":"Zoombers"}]},{"@type":"WebSite","@id":"https:\/\/colegiolasalle.edu.mx\/primaria\/#website","url":"https:\/\/colegiolasalle.edu.mx\/primaria\/","name":"Colegio La Salle de seglares PRIMARIA","description":"","potentialAction":[{"@type":"SearchAction","target":{"@type":"EntryPoint","urlTemplate":"https:\/\/colegiolasalle.edu.mx\/primaria\/?s={search_term_string}"},"query-input":{"@type":"PropertyValueSpecification","valueRequired":true,"valueName":"search_term_string"}}],"inLanguage":"es"}]}},"_links":{"self":[{"href":"https:\/\/colegiolasalle.edu.mx\/primaria\/wp-json\/wp\/v2\/pages\/1167","targetHints":{"allow":["GET"]}}],"collection":[{"href":"https:\/\/colegiolasalle.edu.mx\/primaria\/wp-json\/wp\/v2\/pages"}],"about":[{"href":"https:\/\/colegiolasalle.edu.mx\/primaria\/wp-json\/wp\/v2\/types\/page"}],"author":[{"embeddable":true,"href":"https:\/\/colegiolasalle.edu.mx\/primaria\/wp-json\/wp\/v2\/users\/1"}],"replies":[{"embeddable":true,"href":"https:\/\/colegiolasalle.edu.mx\/primaria\/wp-json\/wp\/v2\/comments?post=1167"}],"version-history":[{"count":1,"href":"https:\/\/colegiolasalle.edu.mx\/primaria\/wp-json\/wp\/v2\/pages\/1167\/revisions"}],"predecessor-version":[{"id":2383,"href":"https:\/\/colegiolasalle.edu.mx\/primaria\/wp-json\/wp\/v2\/pages\/1167\/revisions\/2383"}],"wp:attachment":[{"href":"https:\/\/colegiolasalle.edu.mx\/primaria\/wp-json\/wp\/v2\/media?parent=1167"}],"curies":[{"name":"wp","href":"https:\/\/api.w.org\/{rel}","templated":true}]}}