{"id":454,"date":"2020-03-31T23:02:17","date_gmt":"2020-03-31T23:02:17","guid":{"rendered":"https:\/\/colegiolasalle.edu.mx\/preescolar\/?page_id=454"},"modified":"2025-07-09T01:50:29","modified_gmt":"2025-07-09T01:50:29","slug":"cordinacion-de-pastoral","status":"publish","type":"page","link":"https:\/\/colegiolasalle.edu.mx\/preescolar\/cordinacion-de-pastoral\/","title":{"rendered":"Coordinaci\u00f3n de Pastoral"},"content":{"rendered":"<p><div class=\"fusion-fullwidth fullwidth-box fusion-builder-row-1 fusion-flex-container nonhundred-percent-fullwidth non-hundred-percent-height-scrolling\" style=\"--awb-border-radius-top-left:0px;--awb-border-radius-top-right:0px;--awb-border-radius-bottom-right:0px;--awb-border-radius-bottom-left:0px;--awb-flex-wrap:wrap;\" ><div class=\"fusion-builder-row fusion-row fusion-flex-align-items-flex-start fusion-flex-content-wrap\" style=\"max-width:1144px;margin-left: calc(-4% \/ 2 );margin-right: calc(-4% \/ 2 );\"><div class=\"fusion-layout-column fusion_builder_column fusion-builder-column-0 fusion_builder_column_1_1 1_1 fusion-flex-column\" style=\"--awb-bg-size:cover;--awb-width-large:100%;--awb-margin-top-large:0px;--awb-spacing-right-large:1.92%;--awb-margin-bottom-large:0px;--awb-spacing-left-large:1.92%;--awb-width-medium:100%;--awb-spacing-right-medium:1.92%;--awb-spacing-left-medium:1.92%;--awb-width-small:100%;--awb-spacing-right-small:1.92%;--awb-spacing-left-small:1.92%;\"><div class=\"fusion-column-wrapper fusion-column-has-shadow fusion-flex-justify-content-flex-start fusion-content-layout-column\"><div class=\"fusion-section-separator section-separator clouds fusion-section-separator-1\" style=\"--awb-spacer-height:99px;--awb-svg-margin-left:1.92%;--awb-svg-margin-right:1.92%;--awb-svg-margin-left-medium:1.92%;--awb-svg-margin-right-medium:1.92%;--awb-svg-margin-left-small:1.92%;--awb-svg-margin-right-small:1.92%;--awb-divider-height:99px;--awb-spacer-padding-top:inherit;--awb-sep-padding:0;--awb-svg-padding:0;\"><div class=\"fusion-section-separator-svg\"><svg class=\"fusion-clouds-candy\" xmlns=\"http:\/\/www.w3.org\/2000\/svg\" version=\"1.1\" width=\"100%\" height=\"100\" viewBox=\"0 0 100 100\" preserveAspectRatio=\"none\" fill=\"rgba(49,182,226,1)\"><path d=\"M-5 100 Q 0 20 5 100 Z\"><\/path>\n\t\t\t\t\t\t\t\t<path d=\"M0 100 Q 5 0 10 100\"><\/path>\n\t\t\t\t\t\t\t\t<path d=\"M5 100 Q 10 30 15 100\"><\/path>\n\t\t\t\t\t\t\t\t<path d=\"M10 100 Q 15 10 20 100\"><\/path>\n\t\t\t\t\t\t\t\t<path d=\"M15 100 Q 20 30 25 100\"><\/path>\n\t\t\t\t\t\t\t\t<path d=\"M20 100 Q 25 -10 30 100\"><\/path>\n\t\t\t\t\t\t\t\t<path d=\"M25 100 Q 30 10 35 100\"><\/path>\n\t\t\t\t\t\t\t\t<path d=\"M30 100 Q 35 30 40 100\"><\/path>\n\t\t\t\t\t\t\t\t<path d=\"M35 100 Q 40 10 45 100\"><\/path>\n\t\t\t\t\t\t\t\t<path d=\"M40 100 Q 45 50 50 100\"><\/path>\n\t\t\t\t\t\t\t\t<path d=\"M45 100 Q 50 20 55 100\"><\/path>\n\t\t\t\t\t\t\t\t<path d=\"M50 100 Q 55 40 60 100\"><\/path>\n\t\t\t\t\t\t\t\t<path d=\"M55 100 Q 60 60 65 100\"><\/path>\n\t\t\t\t\t\t\t\t<path d=\"M60 100 Q 65 50 70 100\"><\/path>\n\t\t\t\t\t\t\t\t<path d=\"M65 100 Q 70 20 75 100\"><\/path>\n\t\t\t\t\t\t\t\t<path d=\"M70 100 Q 75 45 80 100\"><\/path>\n\t\t\t\t\t\t\t\t<path d=\"M75 100 Q 80 30 85 100\"><\/path>\n\t\t\t\t\t\t\t\t<path d=\"M80 100 Q 85 20 90 100\"><\/path>\n\t\t\t\t\t\t\t\t<path d=\"M85 100 Q 90 50 95 100\"><\/path>\n\t\t\t\t\t\t\t\t<path d=\"M90 100 Q 95 25 100 100\"><\/path>\n\t\t\t\t\t\t\t\t<path d=\"M95 100 Q 100 15 105 100 Z\"><\/path><\/svg><\/div><div class=\"fusion-section-separator-spacer\"><div class=\"fusion-section-separator-spacer-height\"><\/div><\/div><\/div><\/div><\/div><\/div><\/div><div class=\"fusion-fullwidth fullwidth-box fusion-builder-row-2 fusion-flex-container nonhundred-percent-fullwidth non-hundred-percent-height-scrolling\" style=\"--awb-border-radius-top-left:0px;--awb-border-radius-top-right:0px;--awb-border-radius-bottom-right:0px;--awb-border-radius-bottom-left:0px;--awb-background-color:#31b6e2;--awb-flex-wrap:wrap;\" ><div class=\"fusion-builder-row fusion-row fusion-flex-align-items-flex-start fusion-flex-content-wrap\" style=\"max-width:1144px;margin-left: calc(-4% \/ 2 );margin-right: calc(-4% \/ 2 );\"><div class=\"fusion-layout-column fusion_builder_column fusion-builder-column-1 fusion_builder_column_1_1 1_1 fusion-flex-column\" style=\"--awb-padding-top:50px;--awb-padding-right:70px;--awb-padding-left:70px;--awb-bg-size:cover;--awb-width-large:100%;--awb-margin-top-large:0px;--awb-spacing-right-large:1.92%;--awb-margin-bottom-large:0px;--awb-spacing-left-large:1.92%;--awb-width-medium:100%;--awb-spacing-right-medium:1.92%;--awb-spacing-left-medium:1.92%;--awb-width-small:100%;--awb-spacing-right-small:1.92%;--awb-spacing-left-small:1.92%;\"><div class=\"fusion-column-wrapper fusion-column-has-shadow fusion-flex-justify-content-flex-start fusion-content-layout-column\"><div class=\"fusion-text fusion-text-1\" style=\"--awb-font-size:20px;\"><p><span style=\"color: #ffffff;\">San Juan Bautista de la Salle, patrono de las escuelas cristianas, tuvo la inspiraci\u00f3n de crear escuelas con una formaci\u00f3n religiosa, de valores firmes y vivenciales.<\/span><\/p>\n<p><span style=\"color: #ffffff;\">La Salle de Seglares, inspirada en los ideales de San Juan Bautista de la Salle, busca d\u00eda a d\u00eda una educaci\u00f3n con valores y de fe cristiana, siendo este \u00faltimo uno de nuestros pilares fundamentales.<\/span><\/p>\n<\/div><\/div><\/div><div class=\"fusion-layout-column fusion_builder_column fusion-builder-column-2 fusion_builder_column_2_5 2_5 fusion-flex-column\" style=\"--awb-overflow:hidden;--awb-bg-size:cover;--awb-border-color:#ffffff;--awb-border-top:7px;--awb-border-right:7px;--awb-border-bottom:7px;--awb-border-left:7px;--awb-border-style:solid;--awb-border-radius:2o 20px 20px 20px;--awb-width-large:40%;--awb-margin-top-large:9px;--awb-spacing-right-large:0%;--awb-margin-bottom-large:20px;--awb-spacing-left-large:4.8%;--awb-width-medium:40%;--awb-spacing-right-medium:0%;--awb-spacing-left-medium:4.8%;--awb-width-small:100%;--awb-spacing-right-small:1.92%;--awb-spacing-left-small:1.92%;\"><div class=\"fusion-column-wrapper fusion-column-has-shadow fusion-flex-justify-content-center fusion-content-layout-column\"><div class=\"fusion-image-element \" style=\"--awb-caption-title-font-family:var(--h2_typography-font-family);--awb-caption-title-font-weight:var(--h2_typography-font-weight);--awb-caption-title-font-style:var(--h2_typography-font-style);--awb-caption-title-size:var(--h2_typography-font-size);--awb-caption-title-transform:var(--h2_typography-text-transform);--awb-caption-title-line-height:var(--h2_typography-line-height);--awb-caption-title-letter-spacing:var(--h2_typography-letter-spacing);\"><span class=\" fusion-imageframe imageframe-none imageframe-1 hover-type-none\"><img decoding=\"async\" width=\"768\" height=\"1024\" title=\"IMG_4754\" src=\"http:\/\/colegiolasalle.edu.mx\/preescolar\/wp-content\/uploads\/sites\/3\/2025\/07\/IMG_4754-768x1024.jpg\" alt class=\"img-responsive wp-image-1523\" srcset=\"https:\/\/colegiolasalle.edu.mx\/preescolar\/wp-content\/uploads\/sites\/3\/2025\/07\/IMG_4754-200x267.jpg 200w, https:\/\/colegiolasalle.edu.mx\/preescolar\/wp-content\/uploads\/sites\/3\/2025\/07\/IMG_4754-400x533.jpg 400w, https:\/\/colegiolasalle.edu.mx\/preescolar\/wp-content\/uploads\/sites\/3\/2025\/07\/IMG_4754-600x800.jpg 600w, https:\/\/colegiolasalle.edu.mx\/preescolar\/wp-content\/uploads\/sites\/3\/2025\/07\/IMG_4754-800x1067.jpg 800w, https:\/\/colegiolasalle.edu.mx\/preescolar\/wp-content\/uploads\/sites\/3\/2025\/07\/IMG_4754-1200x1600.jpg 1200w, https:\/\/colegiolasalle.edu.mx\/preescolar\/wp-content\/uploads\/sites\/3\/2025\/07\/IMG_4754.jpg 1536w\" sizes=\"(max-width: 640px) 100vw, 600px\" \/><\/span><\/div><\/div><\/div><div class=\"fusion-layout-column fusion_builder_column fusion-builder-column-3 fusion_builder_column_3_5 3_5 fusion-flex-column\" style=\"--awb-padding-left:20px;--awb-bg-size:cover;--awb-width-large:60%;--awb-margin-top-large:0px;--awb-spacing-right-large:3.2%;--awb-margin-bottom-large:20px;--awb-spacing-left-large:0%;--awb-width-medium:60%;--awb-spacing-right-medium:3.2%;--awb-spacing-left-medium:0%;--awb-width-small:100%;--awb-spacing-right-small:1.92%;--awb-spacing-left-small:1.92%;\"><div class=\"fusion-column-wrapper fusion-column-has-shadow fusion-flex-justify-content-flex-start fusion-content-layout-column\"><div class=\"fusion-text fusion-text-2\" style=\"--awb-font-size:20px;\"><p><span style=\"color: #ffffff;\">Por este motivo la Coordinaci\u00f3n de Formaci\u00f3n Humana y Cristiana, busca consolidar en los educandos su fe espiritual por medio de:<\/span><\/p>\n<p><span style=\"color: #ffffff;\">\u2605Reflexiones diarias.<\/span><br \/>\n<span style=\"color: #ffffff;\">\u2605Clases de religi\u00f3n en los diferentes niveles educativos.<\/span><br \/>\n<span style=\"color: #ffffff;\">\u2605Reforzamiento de los valores.<\/span><br \/>\n<span style=\"color: #ffffff;\">\u2605Misas en conmemoraciones especiales.<\/span><br \/>\n<span style=\"color: #ffffff;\">\u2605Preparaci\u00f3n para la Primera Comuni\u00f3n.<\/span><\/p>\n<p><span style=\"color: #ffffff;\">Las generaciones van cambiando, pero los valores que se dan desde casa jam\u00e1s, siendo la escuela s\u00f3lo el apoyo y reforzadora de los ya aprendidos en Familia.<\/span><\/p>\n<\/div><\/div><\/div><div class=\"fusion-layout-column fusion_builder_column fusion-builder-column-4 fusion_builder_column_1_1 1_1 fusion-flex-column\" style=\"--awb-bg-size:cover;--awb-width-large:100%;--awb-margin-top-large:0px;--awb-spacing-right-large:1.92%;--awb-margin-bottom-large:20px;--awb-spacing-left-large:1.92%;--awb-width-medium:100%;--awb-spacing-right-medium:1.92%;--awb-spacing-left-medium:1.92%;--awb-width-small:100%;--awb-spacing-right-small:1.92%;--awb-spacing-left-small:1.92%;\"><div class=\"fusion-column-wrapper fusion-column-has-shadow fusion-flex-justify-content-flex-start fusion-content-layout-column\"><div class=\"fusion-sharing-box fusion-sharing-box-1 boxed-icons has-taglines layout-floated layout-medium-floated layout-small-floated\" style=\"background-color:#fa852f;--awb-layout:row;--awb-alignment-small:space-between;\" data-title=\"Coordinaci\u00f3n de Pastoral\" data-description=\"San Juan Bautista de la Salle, patrono de las escuelas cristianas, tuvo la inspiraci\u00f3n de crear escuelas con una formaci\u00f3n religiosa, de valores firmes y vivenciales.\r\n\r\nLa Salle de Seglares, inspirada en los ideales de San Juan Bautista de la Salle, busca d\u00eda a d\u00eda una educaci\u00f3n con\" data-link=\"https:\/\/colegiolasalle.edu.mx\/preescolar\/cordinacion-de-pastoral\/\"><h4 class=\"tagline\" style=\"color:#ffffff;\">!Comparte este art\u00edculo en tu red social preferida!<\/h4><div class=\"fusion-social-networks sharingbox-shortcode-icon-wrapper sharingbox-shortcode-icon-wrapper-1 boxed-icons\"><span><a href=\"https:\/\/www.facebook.com\/sharer.php?u=https%3A%2F%2Fcolegiolasalle.edu.mx%2Fpreescolar%2Fcordinacion-de-pastoral%2F&amp;t=Coordinaci%C3%B3n%20de%20Pastoral\" target=\"_blank\" rel=\"noreferrer\" title=\"Facebook\" aria-label=\"Facebook\" data-placement=\"top\" data-toggle=\"tooltip\" data-title=\"Facebook\"><i class=\"fusion-social-network-icon fusion-tooltip fusion-facebook awb-icon-facebook\" style=\"color:#ffffff;background-color:#3b5998;border-color:#3b5998;border-radius:4px;\" aria-hidden=\"true\"><\/i><\/a><\/span><span><a href=\"https:\/\/twitter.com\/share?text=Coordinaci%C3%B3n%20de%20Pastoral&amp;url=https%3A%2F%2Fcolegiolasalle.edu.mx%2Fpreescolar%2Fcordinacion-de-pastoral%2F\" target=\"_blank\" rel=\"noopener noreferrer\" title=\"Twitter\" aria-label=\"Twitter\" data-placement=\"top\" data-toggle=\"tooltip\" data-title=\"Twitter\"><i class=\"fusion-social-network-icon fusion-tooltip fusion-twitter awb-icon-twitter\" style=\"color:#ffffff;background-color:#000000;border-color:#000000;border-radius:4px;\" aria-hidden=\"true\"><\/i><\/a><\/span><span><a href=\"https:\/\/reddit.com\/submit?url=https%3A%2F%2Fcolegiolasalle.edu.mx%2Fpreescolar%2Fcordinacion-de-pastoral%2F&amp;title=Coordinaci%C3%B3n%20de%20Pastoral\" target=\"_blank\" rel=\"noopener noreferrer\" title=\"Reddit\" aria-label=\"Reddit\" data-placement=\"top\" data-toggle=\"tooltip\" data-title=\"Reddit\"><i class=\"fusion-social-network-icon fusion-tooltip fusion-reddit awb-icon-reddit\" style=\"color:#ffffff;background-color:#ff4500;border-color:#ff4500;border-radius:4px;\" aria-hidden=\"true\"><\/i><\/a><\/span><span><a href=\"https:\/\/www.linkedin.com\/shareArticle?mini=true&amp;url=https%3A%2F%2Fcolegiolasalle.edu.mx%2Fpreescolar%2Fcordinacion-de-pastoral%2F&amp;title=Coordinaci%C3%B3n%20de%20Pastoral&amp;summary=San%20Juan%20Bautista%20de%20la%20Salle%2C%20patrono%20de%20las%20escuelas%20cristianas%2C%20tuvo%20la%20inspiraci%C3%B3n%20de%20crear%20escuelas%20con%20una%20formaci%C3%B3n%20religiosa%2C%20de%20valores%20firmes%20y%20vivenciales.%0D%0A%0D%0ALa%20Salle%20de%20Seglares%2C%20inspirada%20en%20los%20ideales%20de%20San%20Juan%20Bautista%20de%20la%20Salle%2C%20busca%20d%C3%ADa%20a%20d%C3%ADa%20una%20educaci%C3%B3n%20con\" target=\"_blank\" rel=\"noopener noreferrer\" title=\"LinkedIn\" aria-label=\"LinkedIn\" data-placement=\"top\" data-toggle=\"tooltip\" data-title=\"LinkedIn\"><i class=\"fusion-social-network-icon fusion-tooltip fusion-linkedin awb-icon-linkedin\" style=\"color:#ffffff;background-color:#0077b5;border-color:#0077b5;border-radius:4px;\" aria-hidden=\"true\"><\/i><\/a><\/span><span><a href=\"https:\/\/api.whatsapp.com\/send?text=https%3A%2F%2Fcolegiolasalle.edu.mx%2Fpreescolar%2Fcordinacion-de-pastoral%2F\" target=\"_blank\" rel=\"noopener noreferrer\" title=\"WhatsApp\" aria-label=\"WhatsApp\" data-placement=\"top\" data-toggle=\"tooltip\" data-title=\"WhatsApp\"><i class=\"fusion-social-network-icon fusion-tooltip fusion-whatsapp awb-icon-whatsapp\" style=\"color:#ffffff;background-color:#77e878;border-color:#77e878;border-radius:4px;\" aria-hidden=\"true\"><\/i><\/a><\/span><span><a href=\"https:\/\/t.me\/share\/url?url=https%3A%2F%2Fcolegiolasalle.edu.mx%2Fpreescolar%2Fcordinacion-de-pastoral%2F&amp;text=Coordinaci%C3%B3n%20de%20Pastoral\" target=\"_blank\" rel=\"noopener noreferrer\" title=\"Telegram\" aria-label=\"Telegram\" data-placement=\"top\" data-toggle=\"tooltip\" data-title=\"Telegram\"><i class=\"fusion-social-network-icon fusion-tooltip fusion-telegram awb-icon-telegram\" style=\"color:#ffffff;background-color:#0088cc;border-color:#0088cc;border-radius:4px;\" aria-hidden=\"true\"><\/i><\/a><\/span><span><a href=\"https:\/\/www.tumblr.com\/share\/link?url=https%3A%2F%2Fcolegiolasalle.edu.mx%2Fpreescolar%2Fcordinacion-de-pastoral%2F&amp;name=Coordinaci%C3%B3n%20de%20Pastoral&amp;description=San%20Juan%20Bautista%20de%20la%20Salle%2C%20patrono%20de%20las%20escuelas%20cristianas%2C%20tuvo%20la%20inspiraci%C3%B3n%20de%20crear%20escuelas%20con%20una%20formaci%C3%B3n%20religiosa%2C%20de%20valores%20firmes%20y%20vivenciales.%0D%0A%0D%0ALa%20Salle%20de%20Seglares%2C%20inspirada%20en%20los%20ideales%20de%20San%20Juan%20Bautista%20de%20la%20Salle%2C%20busca%20d%C3%ADa%20a%20d%C3%ADa%20una%20educaci%C3%B3n%20con\" target=\"_blank\" rel=\"noopener noreferrer\" title=\"Tumblr\" aria-label=\"Tumblr\" data-placement=\"top\" data-toggle=\"tooltip\" data-title=\"Tumblr\"><i class=\"fusion-social-network-icon fusion-tooltip fusion-tumblr awb-icon-tumblr\" style=\"color:#ffffff;background-color:#35465c;border-color:#35465c;border-radius:4px;\" aria-hidden=\"true\"><\/i><\/a><\/span><span><a href=\"https:\/\/pinterest.com\/pin\/create\/button\/?url=https%3A%2F%2Fcolegiolasalle.edu.mx%2Fpreescolar%2Fcordinacion-de-pastoral%2F&amp;description=San%20Juan%20Bautista%20de%20la%20Salle%2C%20patrono%20de%20las%20escuelas%20cristianas%2C%20tuvo%20la%20inspiraci%C3%B3n%20de%20crear%20escuelas%20con%20una%20formaci%C3%B3n%20religiosa%2C%20de%20valores%20firmes%20y%20vivenciales.%0D%0A%0D%0ALa%20Salle%20de%20Seglares%2C%20inspirada%20en%20los%20ideales%20de%20San%20Juan%20Bautista%20de%20la%20Salle%2C%20busca%20d%C3%ADa%20a%20d%C3%ADa%20una%20educaci%C3%B3n%20con&amp;media=\" target=\"_blank\" rel=\"noopener noreferrer\" title=\"Pinterest\" aria-label=\"Pinterest\" data-placement=\"top\" data-toggle=\"tooltip\" data-title=\"Pinterest\"><i class=\"fusion-social-network-icon fusion-tooltip fusion-pinterest awb-icon-pinterest\" style=\"color:#ffffff;background-color:#bd081c;border-color:#bd081c;border-radius:4px;\" aria-hidden=\"true\"><\/i><\/a><\/span><span><a href=\"https:\/\/vkontakte.ru\/share.php?url=https%3A%2F%2Fcolegiolasalle.edu.mx%2Fpreescolar%2Fcordinacion-de-pastoral%2F&amp;title=Coordinaci%C3%B3n%20de%20Pastoral&amp;description=San%20Juan%20Bautista%20de%20la%20Salle%2C%20patrono%20de%20las%20escuelas%20cristianas%2C%20tuvo%20la%20inspiraci%C3%B3n%20de%20crear%20escuelas%20con%20una%20formaci%C3%B3n%20religiosa%2C%20de%20valores%20firmes%20y%20vivenciales.%0D%0A%0D%0ALa%20Salle%20de%20Seglares%2C%20inspirada%20en%20los%20ideales%20de%20San%20Juan%20Bautista%20de%20la%20Salle%2C%20busca%20d%C3%ADa%20a%20d%C3%ADa%20una%20educaci%C3%B3n%20con\" target=\"_blank\" rel=\"noopener noreferrer\" title=\"Vk\" aria-label=\"Vk\" data-placement=\"top\" data-toggle=\"tooltip\" data-title=\"Vk\"><i class=\"fusion-social-network-icon fusion-tooltip fusion-vk awb-icon-vk\" style=\"color:#ffffff;background-color:#45668e;border-color:#45668e;border-radius:4px;\" aria-hidden=\"true\"><\/i><\/a><\/span><span><a href=\"https:\/\/www.xing.com\/social_plugins\/share\/new?sc_p=xing-share&amp;h=1&amp;url=https%3A%2F%2Fcolegiolasalle.edu.mx%2Fpreescolar%2Fcordinacion-de-pastoral%2F\" target=\"_blank\" rel=\"noopener noreferrer\" title=\"Xing\" aria-label=\"Xing\" data-placement=\"top\" data-toggle=\"tooltip\" data-title=\"Xing\"><i class=\"fusion-social-network-icon fusion-tooltip fusion-xing awb-icon-xing\" style=\"color:#ffffff;background-color:#026466;border-color:#026466;border-radius:4px;\" aria-hidden=\"true\"><\/i><\/a><\/span><span><a href=\"mailto:?subject=Coordinaci%C3%B3n%20de%20Pastoral&amp;body=https%3A%2F%2Fcolegiolasalle.edu.mx%2Fpreescolar%2Fcordinacion-de-pastoral%2F\" target=\"_self\" title=\"Email\" aria-label=\"Email\" data-placement=\"top\" data-toggle=\"tooltip\" data-title=\"Email\"><i class=\"fusion-social-network-icon fusion-tooltip fusion-mail awb-icon-mail\" style=\"color:#ffffff;background-color:#000000;border-color:#000000;border-radius:4px;\" aria-hidden=\"true\"><\/i><\/a><\/span><\/div><\/div><\/div><\/div><\/div><\/div><\/p>\n","protected":false},"excerpt":{"rendered":"","protected":false},"author":1,"featured_media":0,"parent":0,"menu_order":0,"comment_status":"closed","ping_status":"closed","template":"100-width.php","meta":{"footnotes":""},"class_list":["post-454","page","type-page","status-publish","hentry"],"yoast_head":"<!-- This site is optimized with the Yoast SEO Premium plugin v21.8 (Yoast SEO v25.6) - https:\/\/yoast.com\/wordpress\/plugins\/seo\/ -->\n<title>Coordinaci\u00f3n de Pastoral - Colegio La Salle de seglares PREESCOLAR<\/title>\n<meta name=\"robots\" content=\"index, follow, max-snippet:-1, max-image-preview:large, max-video-preview:-1\" \/>\n<link rel=\"canonical\" href=\"https:\/\/colegiolasalle.edu.mx\/preescolar\/cordinacion-de-pastoral\/\" \/>\n<meta property=\"og:locale\" content=\"es_MX\" \/>\n<meta property=\"og:type\" content=\"article\" \/>\n<meta property=\"og:title\" content=\"Coordinaci\u00f3n de Pastoral\" \/>\n<meta property=\"og:url\" content=\"https:\/\/colegiolasalle.edu.mx\/preescolar\/cordinacion-de-pastoral\/\" \/>\n<meta property=\"og:site_name\" content=\"Colegio La Salle de seglares PREESCOLAR\" \/>\n<meta property=\"article:modified_time\" content=\"2025-07-09T01:50:29+00:00\" \/>\n<meta name=\"twitter:card\" content=\"summary_large_image\" \/>\n<meta name=\"twitter:label1\" content=\"Tiempo de lectura\" \/>\n\t<meta name=\"twitter:data1\" content=\"1 minuto\" \/>\n<script type=\"application\/ld+json\" class=\"yoast-schema-graph\">{\"@context\":\"https:\/\/schema.org\",\"@graph\":[{\"@type\":\"WebPage\",\"@id\":\"https:\/\/colegiolasalle.edu.mx\/preescolar\/cordinacion-de-pastoral\/\",\"url\":\"https:\/\/colegiolasalle.edu.mx\/preescolar\/cordinacion-de-pastoral\/\",\"name\":\"Coordinaci\u00f3n de Pastoral - Colegio La Salle de seglares PREESCOLAR\",\"isPartOf\":{\"@id\":\"https:\/\/colegiolasalle.edu.mx\/preescolar\/#website\"},\"datePublished\":\"2020-03-31T23:02:17+00:00\",\"dateModified\":\"2025-07-09T01:50:29+00:00\",\"breadcrumb\":{\"@id\":\"https:\/\/colegiolasalle.edu.mx\/preescolar\/cordinacion-de-pastoral\/#breadcrumb\"},\"inLanguage\":\"es\",\"potentialAction\":[{\"@type\":\"ReadAction\",\"target\":[\"https:\/\/colegiolasalle.edu.mx\/preescolar\/cordinacion-de-pastoral\/\"]}]},{\"@type\":\"BreadcrumbList\",\"@id\":\"https:\/\/colegiolasalle.edu.mx\/preescolar\/cordinacion-de-pastoral\/#breadcrumb\",\"itemListElement\":[{\"@type\":\"ListItem\",\"position\":1,\"name\":\"Home\",\"item\":\"https:\/\/colegiolasalle.edu.mx\/preescolar\/\"},{\"@type\":\"ListItem\",\"position\":2,\"name\":\"Coordinaci\u00f3n de Pastoral\"}]},{\"@type\":\"WebSite\",\"@id\":\"https:\/\/colegiolasalle.edu.mx\/preescolar\/#website\",\"url\":\"https:\/\/colegiolasalle.edu.mx\/preescolar\/\",\"name\":\"Colegio La Salle de seglares PREESCOLAR\",\"description\":\"\",\"potentialAction\":[{\"@type\":\"SearchAction\",\"target\":{\"@type\":\"EntryPoint\",\"urlTemplate\":\"https:\/\/colegiolasalle.edu.mx\/preescolar\/?s={search_term_string}\"},\"query-input\":{\"@type\":\"PropertyValueSpecification\",\"valueRequired\":true,\"valueName\":\"search_term_string\"}}],\"inLanguage\":\"es\"}]}<\/script>\n<!-- \/ Yoast SEO Premium plugin. -->","yoast_head_json":{"title":"Coordinaci\u00f3n de Pastoral - Colegio La Salle de seglares PREESCOLAR","robots":{"index":"index","follow":"follow","max-snippet":"max-snippet:-1","max-image-preview":"max-image-preview:large","max-video-preview":"max-video-preview:-1"},"canonical":"https:\/\/colegiolasalle.edu.mx\/preescolar\/cordinacion-de-pastoral\/","og_locale":"es_MX","og_type":"article","og_title":"Coordinaci\u00f3n de Pastoral","og_url":"https:\/\/colegiolasalle.edu.mx\/preescolar\/cordinacion-de-pastoral\/","og_site_name":"Colegio La Salle de seglares PREESCOLAR","article_modified_time":"2025-07-09T01:50:29+00:00","twitter_card":"summary_large_image","twitter_misc":{"Tiempo de lectura":"1 minuto"},"schema":{"@context":"https:\/\/schema.org","@graph":[{"@type":"WebPage","@id":"https:\/\/colegiolasalle.edu.mx\/preescolar\/cordinacion-de-pastoral\/","url":"https:\/\/colegiolasalle.edu.mx\/preescolar\/cordinacion-de-pastoral\/","name":"Coordinaci\u00f3n de Pastoral - Colegio La Salle de seglares PREESCOLAR","isPartOf":{"@id":"https:\/\/colegiolasalle.edu.mx\/preescolar\/#website"},"datePublished":"2020-03-31T23:02:17+00:00","dateModified":"2025-07-09T01:50:29+00:00","breadcrumb":{"@id":"https:\/\/colegiolasalle.edu.mx\/preescolar\/cordinacion-de-pastoral\/#breadcrumb"},"inLanguage":"es","potentialAction":[{"@type":"ReadAction","target":["https:\/\/colegiolasalle.edu.mx\/preescolar\/cordinacion-de-pastoral\/"]}]},{"@type":"BreadcrumbList","@id":"https:\/\/colegiolasalle.edu.mx\/preescolar\/cordinacion-de-pastoral\/#breadcrumb","itemListElement":[{"@type":"ListItem","position":1,"name":"Home","item":"https:\/\/colegiolasalle.edu.mx\/preescolar\/"},{"@type":"ListItem","position":2,"name":"Coordinaci\u00f3n de Pastoral"}]},{"@type":"WebSite","@id":"https:\/\/colegiolasalle.edu.mx\/preescolar\/#website","url":"https:\/\/colegiolasalle.edu.mx\/preescolar\/","name":"Colegio La Salle de seglares PREESCOLAR","description":"","potentialAction":[{"@type":"SearchAction","target":{"@type":"EntryPoint","urlTemplate":"https:\/\/colegiolasalle.edu.mx\/preescolar\/?s={search_term_string}"},"query-input":{"@type":"PropertyValueSpecification","valueRequired":true,"valueName":"search_term_string"}}],"inLanguage":"es"}]}},"_links":{"self":[{"href":"https:\/\/colegiolasalle.edu.mx\/preescolar\/wp-json\/wp\/v2\/pages\/454","targetHints":{"allow":["GET"]}}],"collection":[{"href":"https:\/\/colegiolasalle.edu.mx\/preescolar\/wp-json\/wp\/v2\/pages"}],"about":[{"href":"https:\/\/colegiolasalle.edu.mx\/preescolar\/wp-json\/wp\/v2\/types\/page"}],"author":[{"embeddable":true,"href":"https:\/\/colegiolasalle.edu.mx\/preescolar\/wp-json\/wp\/v2\/users\/1"}],"replies":[{"embeddable":true,"href":"https:\/\/colegiolasalle.edu.mx\/preescolar\/wp-json\/wp\/v2\/comments?post=454"}],"version-history":[{"count":3,"href":"https:\/\/colegiolasalle.edu.mx\/preescolar\/wp-json\/wp\/v2\/pages\/454\/revisions"}],"predecessor-version":[{"id":1525,"href":"https:\/\/colegiolasalle.edu.mx\/preescolar\/wp-json\/wp\/v2\/pages\/454\/revisions\/1525"}],"wp:attachment":[{"href":"https:\/\/colegiolasalle.edu.mx\/preescolar\/wp-json\/wp\/v2\/media?parent=454"}],"curies":[{"name":"wp","href":"https:\/\/api.w.org\/{rel}","templated":true}]}}